{"id":179433,"date":"2025-03-31T11:52:00","date_gmt":"2025-03-31T09:52:00","guid":{"rendered":"https:\/\/shop.moldbrothers.com\/?post_type=product&#038;p=179433"},"modified":"2025-10-20T12:32:48","modified_gmt":"2025-10-20T10:32:48","slug":"realistic-feather-tuille-mold","status":"publish","type":"product","link":"https:\/\/shop.moldbrothers.com\/fr\/produit\/realistic-feather-tuille-mold\/","title":{"rendered":"Plume r\u00e9aliste Tuille Mold"},"content":{"rendered":"","protected":false},"excerpt":{"rendered":"<p>Ce moule en silicone de haute qualit\u00e9 a la forme d'une plume incroyablement r\u00e9aliste et comprend 6 tuiles de plumes r\u00e9alistes. Fabriqu\u00e9 en silicone alimentaire 100%, il peut r\u00e9sister \u00e0 des temp\u00e9ratures allant de -40\u00b0C \u00e0 +200\u00b0C, ce qui permet de l'utiliser aussi bien dans les cong\u00e9lateurs (\u00e0 chocs) que dans les fours. Une fa\u00e7on subtile mais frappante d'ajouter une touche l\u00e9g\u00e8re et \u00e9l\u00e9gante \u00e0 votre plat.<\/p>","protected":false},"featured_media":179424,"template":"","meta":{"_seopress_robots_primary_cat":"none","_seopress_titles_title":"","_seopress_titles_desc":"","_seopress_robots_index":""},"product_brand":[],"product_cat":[228,237],"product_tag":[1257,1251,1255,1254,1244,1248,1256,1252,530,1249,1247,1246,1245,1250,1253],"woo-feed-brand":[],"class_list":{"0":"post-179433","1":"product","2":"type-product","3":"status-publish","4":"has-post-thumbnail","6":"product_cat-2dmolds","7":"product_cat-natural","8":"product_tag-airy","9":"product_tag-bird","10":"product_tag-boho","11":"product_tag-decor","12":"product_tag-feather","13":"product_tag-feder","14":"product_tag-legerete","15":"product_tag-licht","16":"product_tag-nature","17":"product_tag-piuma","18":"product_tag-pluma","19":"product_tag-plume","20":"product_tag-veer","21":"product_tag-vogel","22":"product_tag-zacht","24":"first","25":"instock","26":"taxable","27":"shipping-taxable","28":"purchasable","29":"product-type-simple"},"_links":{"self":[{"href":"https:\/\/shop.moldbrothers.com\/fr\/wp-json\/wp\/v2\/product\/179433","targetHints":{"allow":["GET"]}}],"collection":[{"href":"https:\/\/shop.moldbrothers.com\/fr\/wp-json\/wp\/v2\/product"}],"about":[{"href":"https:\/\/shop.moldbrothers.com\/fr\/wp-json\/wp\/v2\/types\/product"}],"wp:featuredmedia":[{"embeddable":true,"href":"https:\/\/shop.moldbrothers.com\/fr\/wp-json\/wp\/v2\/media\/179424"}],"wp:attachment":[{"href":"https:\/\/shop.moldbrothers.com\/fr\/wp-json\/wp\/v2\/media?parent=179433"}],"wp:term":[{"taxonomy":"product_brand","embeddable":true,"href":"https:\/\/shop.moldbrothers.com\/fr\/wp-json\/wp\/v2\/product_brand?post=179433"},{"taxonomy":"product_cat","embeddable":true,"href":"https:\/\/shop.moldbrothers.com\/fr\/wp-json\/wp\/v2\/product_cat?post=179433"},{"taxonomy":"product_tag","embeddable":true,"href":"https:\/\/shop.moldbrothers.com\/fr\/wp-json\/wp\/v2\/product_tag?post=179433"},{"taxonomy":"woo-feed-brand","embeddable":true,"href":"https:\/\/shop.moldbrothers.com\/fr\/wp-json\/wp\/v2\/woo-feed-brand?post=179433"}],"curies":[{"name":"wp","href":"https:\/\/api.w.org\/{rel}","templated":true}]}}