{"id":179432,"date":"2025-03-31T11:57:00","date_gmt":"2025-03-31T09:57:00","guid":{"rendered":"https:\/\/shop.moldbrothers.com\/?post_type=product&#038;p=179432"},"modified":"2025-10-20T12:32:55","modified_gmt":"2025-10-20T10:32:55","slug":"realistic-grain-tuille-mold","status":"publish","type":"product","link":"https:\/\/shop.moldbrothers.com\/fr\/produit\/realistic-grain-tuille-mold\/","title":{"rendered":"Tuille grain r\u00e9aliste Mold"},"content":{"rendered":"","protected":false},"excerpt":{"rendered":"<p>Ce moule en silicone de haute qualit\u00e9 est con\u00e7u pour cr\u00e9er des tuiles en forme de grains r\u00e9alistes, ajoutant une touche naturelle et terreuse \u00e0 votre plat. Il vous permet de r\u00e9aliser jusqu'\u00e0 six pi\u00e8ces d\u00e9licates \u00e0 la fois et est fabriqu\u00e9 en silicone alimentaire 100%. Il r\u00e9siste \u00e0 des temp\u00e9ratures allant de -40\u00b0C \u00e0 +200\u00b0C, ce qui permet de l'utiliser aussi bien dans les cong\u00e9lateurs (\u00e0 chocs) que dans les fours.<\/p>","protected":false},"featured_media":179425,"template":"","meta":{"_seopress_robots_primary_cat":"none","_seopress_titles_title":"","_seopress_titles_desc":"","_seopress_robots_index":""},"product_brand":[],"product_cat":[228,237],"product_tag":[1151,1084,1153,1148,1146,1156,1149,1145,783,1147,1155,1150,1152,531,1154],"woo-feed-brand":[],"class_list":{"0":"post-179432","1":"product","2":"type-product","3":"status-publish","4":"has-post-thumbnail","6":"product_cat-2dmolds","7":"product_cat-natural","8":"product_tag-agriculture","9":"product_tag-bio","10":"product_tag-campo","11":"product_tag-cereal","12":"product_tag-cereale","13":"product_tag-farming","14":"product_tag-getreide","15":"product_tag-graan","16":"product_tag-grain","17":"product_tag-grano","18":"product_tag-granos","19":"product_tag-harvest","20":"product_tag-landbouw","21":"product_tag-natuur","22":"product_tag-rural","24":"first","25":"instock","26":"taxable","27":"shipping-taxable","28":"purchasable","29":"product-type-simple"},"_links":{"self":[{"href":"https:\/\/shop.moldbrothers.com\/fr\/wp-json\/wp\/v2\/product\/179432","targetHints":{"allow":["GET"]}}],"collection":[{"href":"https:\/\/shop.moldbrothers.com\/fr\/wp-json\/wp\/v2\/product"}],"about":[{"href":"https:\/\/shop.moldbrothers.com\/fr\/wp-json\/wp\/v2\/types\/product"}],"wp:featuredmedia":[{"embeddable":true,"href":"https:\/\/shop.moldbrothers.com\/fr\/wp-json\/wp\/v2\/media\/179425"}],"wp:attachment":[{"href":"https:\/\/shop.moldbrothers.com\/fr\/wp-json\/wp\/v2\/media?parent=179432"}],"wp:term":[{"taxonomy":"product_brand","embeddable":true,"href":"https:\/\/shop.moldbrothers.com\/fr\/wp-json\/wp\/v2\/product_brand?post=179432"},{"taxonomy":"product_cat","embeddable":true,"href":"https:\/\/shop.moldbrothers.com\/fr\/wp-json\/wp\/v2\/product_cat?post=179432"},{"taxonomy":"product_tag","embeddable":true,"href":"https:\/\/shop.moldbrothers.com\/fr\/wp-json\/wp\/v2\/product_tag?post=179432"},{"taxonomy":"woo-feed-brand","embeddable":true,"href":"https:\/\/shop.moldbrothers.com\/fr\/wp-json\/wp\/v2\/woo-feed-brand?post=179432"}],"curies":[{"name":"wp","href":"https:\/\/api.w.org\/{rel}","templated":true}]}}