{"id":179030,"date":"2025-03-06T12:34:11","date_gmt":"2025-03-06T11:34:11","guid":{"rendered":"https:\/\/shop.moldbrothers.com\/?post_type=product&#038;p=179030"},"modified":"2026-02-25T11:02:15","modified_gmt":"2026-02-25T10:02:15","slug":"rolling-cylinders","status":"publish","type":"product","link":"https:\/\/shop.moldbrothers.com\/fr\/produit\/rolling-cylinders\/","title":{"rendered":"Cylindres roulants"},"content":{"rendered":"","protected":false},"excerpt":{"rendered":"<p>Cylindre \u00e0 roulettes en acier inoxydable de haute qualit\u00e9. Ces cylindres sont disponibles en plusieurs tailles : 1,8, 2,8 et 3,8 cm de diam\u00e8tre ! Fabriqu\u00e9 aux Pays-Bas, ce produit peut entrer en contact avec des aliments et r\u00e9sister \u00e0 des temp\u00e9ratures basses et extr\u00eamement \u00e9lev\u00e9es, ce qui permet de l'utiliser au four ou \u00e0 la po\u00eale, si n\u00e9cessaire.<\/p>","protected":false},"featured_media":199556,"template":"","meta":{"_seopress_robots_primary_cat":"none","_seopress_titles_title":"","_seopress_titles_desc":"","_seopress_robots_index":""},"product_brand":[],"product_cat":[192],"product_tag":[713,1026,595,1052,1051],"woo-feed-brand":[],"class_list":{"0":"post-179030","1":"product","2":"type-product","3":"status-publish","4":"has-post-thumbnail","6":"product_cat-kitchen-essentials","7":"product_tag-cylinder","8":"product_tag-fried","9":"product_tag-fry","10":"product_tag-metal","11":"product_tag-pin","13":"first","14":"instock","15":"taxable","16":"shipping-taxable","17":"product-type-grouped"},"_links":{"self":[{"href":"https:\/\/shop.moldbrothers.com\/fr\/wp-json\/wp\/v2\/product\/179030","targetHints":{"allow":["GET"]}}],"collection":[{"href":"https:\/\/shop.moldbrothers.com\/fr\/wp-json\/wp\/v2\/product"}],"about":[{"href":"https:\/\/shop.moldbrothers.com\/fr\/wp-json\/wp\/v2\/types\/product"}],"wp:featuredmedia":[{"embeddable":true,"href":"https:\/\/shop.moldbrothers.com\/fr\/wp-json\/wp\/v2\/media\/199556"}],"wp:attachment":[{"href":"https:\/\/shop.moldbrothers.com\/fr\/wp-json\/wp\/v2\/media?parent=179030"}],"wp:term":[{"taxonomy":"product_brand","embeddable":true,"href":"https:\/\/shop.moldbrothers.com\/fr\/wp-json\/wp\/v2\/product_brand?post=179030"},{"taxonomy":"product_cat","embeddable":true,"href":"https:\/\/shop.moldbrothers.com\/fr\/wp-json\/wp\/v2\/product_cat?post=179030"},{"taxonomy":"product_tag","embeddable":true,"href":"https:\/\/shop.moldbrothers.com\/fr\/wp-json\/wp\/v2\/product_tag?post=179030"},{"taxonomy":"woo-feed-brand","embeddable":true,"href":"https:\/\/shop.moldbrothers.com\/fr\/wp-json\/wp\/v2\/woo-feed-brand?post=179030"}],"curies":[{"name":"wp","href":"https:\/\/api.w.org\/{rel}","templated":true}]}}