{"id":179028,"date":"2025-03-06T11:22:05","date_gmt":"2025-03-06T10:22:05","guid":{"rendered":"https:\/\/shop.moldbrothers.com\/?post_type=product&#038;p=179028"},"modified":"2026-02-25T11:02:21","modified_gmt":"2026-02-25T10:02:21","slug":"rolling-cylinder-o-2-8-cm","status":"publish","type":"product","link":"https:\/\/shop.moldbrothers.com\/fr\/produit\/rolling-cylinder-o-2-8-cm\/","title":{"rendered":"Cylindre roulant - \u00f8 2,8 cm"},"content":{"rendered":"","protected":false},"excerpt":{"rendered":"<p>Un rouleau \u00e0 p\u00e2tisserie en acier inoxydable de haute qualit\u00e9. Ce rouleau mesure 12 cm de long et 2,8 cm de diam\u00e8tre. Il est fabriqu\u00e9 aux Pays-Bas. Ce produit peut entrer en contact avec des aliments et peut r\u00e9sister \u00e0 des temp\u00e9ratures \u00e9lev\u00e9es, si n\u00e9cessaire, dans le four.<\/p>","protected":false},"featured_media":199554,"template":"","meta":{"_seopress_robots_primary_cat":"none","_seopress_titles_title":"","_seopress_titles_desc":"","_seopress_robots_index":"yes"},"product_brand":[],"product_cat":[192,231],"product_tag":[],"woo-feed-brand":[],"class_list":{"0":"post-179028","1":"product","2":"type-product","3":"status-publish","4":"has-post-thumbnail","6":"product_cat-kitchen-essentials","7":"product_cat-hidden","9":"first","10":"instock","11":"taxable","12":"shipping-taxable","13":"purchasable","14":"product-type-simple"},"_links":{"self":[{"href":"https:\/\/shop.moldbrothers.com\/fr\/wp-json\/wp\/v2\/product\/179028","targetHints":{"allow":["GET"]}}],"collection":[{"href":"https:\/\/shop.moldbrothers.com\/fr\/wp-json\/wp\/v2\/product"}],"about":[{"href":"https:\/\/shop.moldbrothers.com\/fr\/wp-json\/wp\/v2\/types\/product"}],"wp:featuredmedia":[{"embeddable":true,"href":"https:\/\/shop.moldbrothers.com\/fr\/wp-json\/wp\/v2\/media\/199554"}],"wp:attachment":[{"href":"https:\/\/shop.moldbrothers.com\/fr\/wp-json\/wp\/v2\/media?parent=179028"}],"wp:term":[{"taxonomy":"product_brand","embeddable":true,"href":"https:\/\/shop.moldbrothers.com\/fr\/wp-json\/wp\/v2\/product_brand?post=179028"},{"taxonomy":"product_cat","embeddable":true,"href":"https:\/\/shop.moldbrothers.com\/fr\/wp-json\/wp\/v2\/product_cat?post=179028"},{"taxonomy":"product_tag","embeddable":true,"href":"https:\/\/shop.moldbrothers.com\/fr\/wp-json\/wp\/v2\/product_tag?post=179028"},{"taxonomy":"woo-feed-brand","embeddable":true,"href":"https:\/\/shop.moldbrothers.com\/fr\/wp-json\/wp\/v2\/woo-feed-brand?post=179028"}],"curies":[{"name":"wp","href":"https:\/\/api.w.org\/{rel}","templated":true}]}}