{"id":176241,"date":"2025-01-10T09:43:14","date_gmt":"2025-01-10T08:43:14","guid":{"rendered":"https:\/\/shop.moldbrothers.com\/?post_type=product&#038;p=176241"},"modified":"2025-05-19T12:25:50","modified_gmt":"2025-05-19T10:25:50","slug":"torn-tuille-ring-mold","status":"publish","type":"product","link":"https:\/\/shop.moldbrothers.com\/fr\/produit\/torn-tuille-ring-mold\/","title":{"rendered":"Torn Tuille Mold - 1 pc"},"content":{"rendered":"","protected":false},"excerpt":{"rendered":"<p>Fabriqu\u00e9 en silicone alimentaire de haute qualit\u00e9 et r\u00e9sistant \u00e0 la chaleur jusqu'\u00e0 200\u00b0C, ce moule de pr\u00e9cision, d\u00e9velopp\u00e9 en collaboration avec Roger van Damme de Het Gebaar*, est dot\u00e9 d'un syst\u00e8me d'aspiration.<em> mod\u00e8le \u00e0 pointes rayonnantes<\/em> et garantit une cuisson des tuiles avec une forme homog\u00e8ne et des d\u00e9tails pr\u00e9cis.<\/p>\n<h6>par <a href=\"https:\/\/heikki-verdurme-uene.squarespace.com\/\" target=\"_blank\" rel=\"noopener\">Heikki Verdurme<\/a><\/h6>","protected":false},"featured_media":183581,"template":"","meta":{"_seopress_robots_primary_cat":"none","_seopress_titles_title":"","_seopress_titles_desc":"","_seopress_robots_index":"yes"},"product_brand":[],"product_cat":[228,1278,237,203,231],"product_tag":[822],"woo-feed-brand":[],"class_list":{"0":"post-176241","1":"product","2":"type-product","3":"status-publish","4":"has-post-thumbnail","6":"product_cat-2dmolds","7":"product_cat-grid-ring","8":"product_cat-natural","9":"product_cat-graphic","10":"product_cat-hidden","11":"product_tag-grid","13":"first","14":"instock","15":"taxable","16":"shipping-taxable","17":"purchasable","18":"product-type-simple"},"_links":{"self":[{"href":"https:\/\/shop.moldbrothers.com\/fr\/wp-json\/wp\/v2\/product\/176241","targetHints":{"allow":["GET"]}}],"collection":[{"href":"https:\/\/shop.moldbrothers.com\/fr\/wp-json\/wp\/v2\/product"}],"about":[{"href":"https:\/\/shop.moldbrothers.com\/fr\/wp-json\/wp\/v2\/types\/product"}],"wp:featuredmedia":[{"embeddable":true,"href":"https:\/\/shop.moldbrothers.com\/fr\/wp-json\/wp\/v2\/media\/183581"}],"wp:attachment":[{"href":"https:\/\/shop.moldbrothers.com\/fr\/wp-json\/wp\/v2\/media?parent=176241"}],"wp:term":[{"taxonomy":"product_brand","embeddable":true,"href":"https:\/\/shop.moldbrothers.com\/fr\/wp-json\/wp\/v2\/product_brand?post=176241"},{"taxonomy":"product_cat","embeddable":true,"href":"https:\/\/shop.moldbrothers.com\/fr\/wp-json\/wp\/v2\/product_cat?post=176241"},{"taxonomy":"product_tag","embeddable":true,"href":"https:\/\/shop.moldbrothers.com\/fr\/wp-json\/wp\/v2\/product_tag?post=176241"},{"taxonomy":"woo-feed-brand","embeddable":true,"href":"https:\/\/shop.moldbrothers.com\/fr\/wp-json\/wp\/v2\/woo-feed-brand?post=176241"}],"curies":[{"name":"wp","href":"https:\/\/api.w.org\/{rel}","templated":true}]}}