{"id":173063,"date":"2024-11-18T10:53:05","date_gmt":"2024-11-18T09:53:05","guid":{"rendered":"https:\/\/shop.moldbrothers.com\/?post_type=product&#038;p=173063"},"modified":"2025-10-20T14:45:49","modified_gmt":"2025-10-20T12:45:49","slug":"fatcap-farce-shaper","status":"publish","type":"product","link":"https:\/\/shop.moldbrothers.com\/fr\/produit\/fatcap-farce-shaper\/","title":{"rendered":"Fatcap Farce Shaper"},"content":{"rendered":"<div class=\"wp-block-columns is-layout-flex wp-container-core-columns-is-layout-9d6595d7 wp-block-columns-is-layout-flex\">\n<div class=\"wp-block-column is-vertically-aligned-center is-layout-flow wp-block-column-is-layout-flow\" style=\"flex-basis:50%\"><div class=\"wp-block-image is-style-default\">\n<figure class=\"alignright size-full\"><a href=\"https:\/\/shop.moldbrothers.com\/wp-content\/uploads\/2024\/11\/mesterskap_filip-august-bendi_photo_stian-broch.jpg\"><img decoding=\"async\" width=\"1400\" height=\"800\" src=\"https:\/\/shop.moldbrothers.com\/wp-content\/uploads\/2024\/11\/mesterskap_filip-august-bendi_photo_stian-broch.jpg\" alt=\"\" class=\"wp-image-173057\" style=\"object-fit:cover\" srcset=\"https:\/\/shop.moldbrothers.com\/wp-content\/uploads\/2024\/11\/mesterskap_filip-august-bendi_photo_stian-broch.jpg 1400w, https:\/\/shop.moldbrothers.com\/wp-content\/uploads\/2024\/11\/mesterskap_filip-august-bendi_photo_stian-broch-768x439.jpg 768w, https:\/\/shop.moldbrothers.com\/wp-content\/uploads\/2024\/11\/mesterskap_filip-august-bendi_photo_stian-broch-18x10.jpg 18w, https:\/\/shop.moldbrothers.com\/wp-content\/uploads\/2024\/11\/mesterskap_filip-august-bendi_photo_stian-broch-1024x585.jpg 1024w\" sizes=\"(max-width: 1400px) 100vw, 1400px\" \/><\/a><\/figure>\n<\/div><\/div>\n\n\n\n<div class=\"wp-block-column is-layout-flow wp-block-column-is-layout-flow\" style=\"flex-basis:35.09%\">\n<h6 class=\"wp-block-heading\">Collaboration<\/h6>\n\n\n\n<h2 class=\"wp-block-heading\">\u00c0 propos du chef<\/h2>\n\n\n\n<p>Filip August Bendi, originaire de Sandnes, a commenc\u00e9 sa carri\u00e8re culinaire au restaurant Tango \u00e0 Stavanger en 2006. Son talent et sa passion l'ont amen\u00e9 \u00e0 travailler dans des cuisines renomm\u00e9es telles que Noma, Matsalen de Mathias Dahlgren et Daniel \u00e0 New York. De retour en Norv\u00e8ge, il est devenu chef de cuisine au NB S\u00f8rensen Annen Etage, puis d\u00e9veloppeur cr\u00e9atif dans les h\u00f4tels Thon.<\/p>\n\n\n\n<p>Membre de l'\u00e9quipe culinaire nationale norv\u00e9gienne depuis 2015, Filip a \u00e9t\u00e9 couronn\u00e9 chef norv\u00e9gien de l'ann\u00e9e en 2021. En 2023, il a men\u00e9 la Norv\u00e8ge \u00e0 la deuxi\u00e8me place du Bocuse d'Or, remportant \u00e9galement le prix du meilleur commis, consolidant ainsi sa place parmi les meilleurs chefs du monde.<\/p>\n\n\n\n<figure class=\"wp-block-image size-full is-resized\"><a href=\"https:\/\/shop.moldbrothers.com\/wp-content\/uploads\/2024\/11\/Bendi_logo_gull.png\"><img decoding=\"async\" width=\"816\" height=\"815\" src=\"https:\/\/shop.moldbrothers.com\/wp-content\/uploads\/2024\/11\/Bendi_logo_gull.png\" alt=\"\" class=\"wp-image-173058\" style=\"width:100px\" srcset=\"https:\/\/shop.moldbrothers.com\/wp-content\/uploads\/2024\/11\/Bendi_logo_gull.png 816w, https:\/\/shop.moldbrothers.com\/wp-content\/uploads\/2024\/11\/Bendi_logo_gull-150x150.png 150w, https:\/\/shop.moldbrothers.com\/wp-content\/uploads\/2024\/11\/Bendi_logo_gull-768x767.png 768w, https:\/\/shop.moldbrothers.com\/wp-content\/uploads\/2024\/11\/Bendi_logo_gull-12x12.png 12w, https:\/\/shop.moldbrothers.com\/wp-content\/uploads\/2024\/11\/Bendi_logo_gull-100x100.png 100w\" sizes=\"(max-width: 816px) 100vw, 816px\" \/><\/a><\/figure>\n<\/div>\n<\/div>\n\n\n\n<p><\/p>","protected":false},"excerpt":{"rendered":"<p>Un moule en silicone de haute qualit\u00e9 con\u00e7u pour cr\u00e9er le plat prim\u00e9 \"Roedeer\" de Filip. Ce moule comprend une forme et est fabriqu\u00e9 en silicone alimentaire 100%. Il peut r\u00e9sister \u00e0 des temp\u00e9ratures allant de -40 \u00b0C \u00e0 +200 \u00b0C, ce qui le rend utilisable aussi bien au cong\u00e9lateur (\u00e0 air puls\u00e9) qu'au four. Pour donner forme \u00e0 la farce par la suite, nous proposons \u00e9galement un masque en plastique. Ce masque est 100% alimentaire. *En outre, vous recevrez une carte de recettes imprim\u00e9e et d\u00e9taill\u00e9e, cr\u00e9\u00e9e personnellement par Filip A.B. pour recr\u00e9er son plat de Roedeer.<\/p>","protected":false},"featured_media":173049,"template":"","meta":{"_seopress_robots_primary_cat":"none","_seopress_titles_title":"","_seopress_titles_desc":"","_seopress_robots_index":"yes"},"product_brand":[],"product_cat":[159,194,231],"product_tag":[513,1030,515,1032,1029,1033,1034,1031],"woo-feed-brand":[],"class_list":{"0":"post-173063","1":"product","2":"type-product","3":"status-publish","4":"has-post-thumbnail","6":"product_cat-3dmolds","7":"product_cat-realistic","8":"product_cat-hidden","9":"product_tag-chicken","10":"product_tag-deer","11":"product_tag-farce","12":"product_tag-filling","13":"product_tag-lamb","14":"product_tag-mixture","15":"product_tag-pate","16":"product_tag-stuffing","18":"first","19":"instock","20":"taxable","21":"shipping-taxable","22":"purchasable","23":"product-type-simple"},"_links":{"self":[{"href":"https:\/\/shop.moldbrothers.com\/fr\/wp-json\/wp\/v2\/product\/173063","targetHints":{"allow":["GET"]}}],"collection":[{"href":"https:\/\/shop.moldbrothers.com\/fr\/wp-json\/wp\/v2\/product"}],"about":[{"href":"https:\/\/shop.moldbrothers.com\/fr\/wp-json\/wp\/v2\/types\/product"}],"wp:featuredmedia":[{"embeddable":true,"href":"https:\/\/shop.moldbrothers.com\/fr\/wp-json\/wp\/v2\/media\/173049"}],"wp:attachment":[{"href":"https:\/\/shop.moldbrothers.com\/fr\/wp-json\/wp\/v2\/media?parent=173063"}],"wp:term":[{"taxonomy":"product_brand","embeddable":true,"href":"https:\/\/shop.moldbrothers.com\/fr\/wp-json\/wp\/v2\/product_brand?post=173063"},{"taxonomy":"product_cat","embeddable":true,"href":"https:\/\/shop.moldbrothers.com\/fr\/wp-json\/wp\/v2\/product_cat?post=173063"},{"taxonomy":"product_tag","embeddable":true,"href":"https:\/\/shop.moldbrothers.com\/fr\/wp-json\/wp\/v2\/product_tag?post=173063"},{"taxonomy":"woo-feed-brand","embeddable":true,"href":"https:\/\/shop.moldbrothers.com\/fr\/wp-json\/wp\/v2\/woo-feed-brand?post=173063"}],"curies":[{"name":"wp","href":"https:\/\/api.w.org\/{rel}","templated":true}]}}