{"id":172381,"date":"2024-11-05T12:09:29","date_gmt":"2024-11-05T11:09:29","guid":{"rendered":"https:\/\/shop.moldbrothers.com\/?post_type=product&#038;p=172381"},"modified":"2025-10-20T12:29:50","modified_gmt":"2025-10-20T10:29:50","slug":"mini-snowflake-glace","status":"publish","type":"product","link":"https:\/\/shop.moldbrothers.com\/fr\/produit\/mini-snowflake-glace\/","title":{"rendered":"Mini flocon de neige - Glace"},"content":{"rendered":"","protected":false},"excerpt":{"rendered":"<p>Moules \u00e0 flocons de neige en silicone de haute qualit\u00e9 pour donner \u00e0 vos plats d'hiver une touche hivernale suppl\u00e9mentaire. Ces moules contiennent 24 tuiles possibles, toutes fabriqu\u00e9es en silicone alimentaire 100%.<\/p>\n<p>Le moule peut supporter une temp\u00e9rature comprise entre -40 \u00b0C et +200 \u00b0C. Le moule convient donc aussi bien au cong\u00e9lateur (choc) qu&#039;au four.<\/p>","protected":false},"featured_media":172347,"template":"","meta":{"_seopress_robots_primary_cat":"none","_seopress_titles_title":"","_seopress_titles_desc":"","_seopress_robots_index":"yes"},"product_brand":[],"product_cat":[228,237,231],"product_tag":[504,1009,1007,1006,999,1005,1003,1000,688,501,1002,500],"woo-feed-brand":[],"class_list":{"0":"post-172381","1":"product","2":"type-product","3":"status-publish","4":"has-post-thumbnail","6":"product_cat-2dmolds","7":"product_cat-natural","8":"product_cat-hidden","9":"product_tag-christmas","10":"product_tag-flake","11":"product_tag-joulou","12":"product_tag-jul","13":"product_tag-merry","14":"product_tag-natal","15":"product_tag-navidad","16":"product_tag-noel","17":"product_tag-sneeuwvlok","18":"product_tag-snow","19":"product_tag-weihnachten","20":"product_tag-winter","22":"first","23":"instock","24":"taxable","25":"shipping-taxable","26":"purchasable","27":"product-type-simple"},"_links":{"self":[{"href":"https:\/\/shop.moldbrothers.com\/fr\/wp-json\/wp\/v2\/product\/172381","targetHints":{"allow":["GET"]}}],"collection":[{"href":"https:\/\/shop.moldbrothers.com\/fr\/wp-json\/wp\/v2\/product"}],"about":[{"href":"https:\/\/shop.moldbrothers.com\/fr\/wp-json\/wp\/v2\/types\/product"}],"wp:featuredmedia":[{"embeddable":true,"href":"https:\/\/shop.moldbrothers.com\/fr\/wp-json\/wp\/v2\/media\/172347"}],"wp:attachment":[{"href":"https:\/\/shop.moldbrothers.com\/fr\/wp-json\/wp\/v2\/media?parent=172381"}],"wp:term":[{"taxonomy":"product_brand","embeddable":true,"href":"https:\/\/shop.moldbrothers.com\/fr\/wp-json\/wp\/v2\/product_brand?post=172381"},{"taxonomy":"product_cat","embeddable":true,"href":"https:\/\/shop.moldbrothers.com\/fr\/wp-json\/wp\/v2\/product_cat?post=172381"},{"taxonomy":"product_tag","embeddable":true,"href":"https:\/\/shop.moldbrothers.com\/fr\/wp-json\/wp\/v2\/product_tag?post=172381"},{"taxonomy":"woo-feed-brand","embeddable":true,"href":"https:\/\/shop.moldbrothers.com\/fr\/wp-json\/wp\/v2\/woo-feed-brand?post=172381"}],"curies":[{"name":"wp","href":"https:\/\/api.w.org\/{rel}","templated":true}]}}