{"id":172352,"date":"2024-10-20T14:32:00","date_gmt":"2024-10-20T12:32:00","guid":{"rendered":"https:\/\/shop.moldbrothers.com\/?post_type=product&#038;p=172352"},"modified":"2026-03-25T08:51:27","modified_gmt":"2026-03-25T07:51:27","slug":"mini-snowflake-tuille-sheets","status":"publish","type":"product","link":"https:\/\/shop.moldbrothers.com\/fr\/produit\/mini-snowflake-tuille-sheets\/","title":{"rendered":"Feuilles de Tuille Mini Flocon de Neige"},"content":{"rendered":"","protected":false},"excerpt":{"rendered":"<p>Ces moules \u00e0 flocons de neige en silicone de haute qualit\u00e9 sont parfaits pour ajouter une touche hivernale \u00e0 vos plats. Les moules contiennent 24 tuiles individuelles et sont fabriqu\u00e9s en silicone alimentaire 100%. Ils r\u00e9sistent \u00e0 des temp\u00e9ratures comprises entre -40\u00b0C et +200\u00b0C, ce qui les rend utilisables aussi bien au cong\u00e9lateur qu'au four.<\/p>","protected":false},"featured_media":172344,"template":"","meta":{"_seopress_robots_primary_cat":"none","_seopress_titles_title":"","_seopress_titles_desc":"","_seopress_robots_index":""},"product_brand":[],"product_cat":[228,1279],"product_tag":[1454,566,504,1437,1009,1451,1453,820,1448,1007,1006,503,999,1005,1004,1003,1000,1450,649,688,501,1008,1452,589,1449,1002,500],"woo-feed-brand":[],"class_list":{"0":"post-172352","1":"product","2":"type-product","3":"status-publish","4":"has-post-thumbnail","6":"product_cat-2dmolds","7":"product_cat-tuille-sheets","8":"product_tag-buche","9":"product_tag-chocolate","10":"product_tag-christmas","11":"product_tag-festive","12":"product_tag-flake","13":"product_tag-gift","14":"product_tag-gold","15":"product_tag-green","16":"product_tag-holiday","17":"product_tag-joulou","18":"product_tag-jul","19":"product_tag-kerst","20":"product_tag-merry","21":"product_tag-natal","22":"product_tag-natale","23":"product_tag-navidad","24":"product_tag-noel","25":"product_tag-ornament","26":"product_tag-red","27":"product_tag-sneeuwvlok","28":"product_tag-snow","29":"product_tag-snowflake","30":"product_tag-spice","31":"product_tag-star","32":"product_tag-tree","33":"product_tag-weihnachten","34":"product_tag-winter","36":"first","37":"instock","38":"sale","39":"taxable","40":"shipping-taxable","41":"product-type-grouped"},"_links":{"self":[{"href":"https:\/\/shop.moldbrothers.com\/fr\/wp-json\/wp\/v2\/product\/172352","targetHints":{"allow":["GET"]}}],"collection":[{"href":"https:\/\/shop.moldbrothers.com\/fr\/wp-json\/wp\/v2\/product"}],"about":[{"href":"https:\/\/shop.moldbrothers.com\/fr\/wp-json\/wp\/v2\/types\/product"}],"wp:featuredmedia":[{"embeddable":true,"href":"https:\/\/shop.moldbrothers.com\/fr\/wp-json\/wp\/v2\/media\/172344"}],"wp:attachment":[{"href":"https:\/\/shop.moldbrothers.com\/fr\/wp-json\/wp\/v2\/media?parent=172352"}],"wp:term":[{"taxonomy":"product_brand","embeddable":true,"href":"https:\/\/shop.moldbrothers.com\/fr\/wp-json\/wp\/v2\/product_brand?post=172352"},{"taxonomy":"product_cat","embeddable":true,"href":"https:\/\/shop.moldbrothers.com\/fr\/wp-json\/wp\/v2\/product_cat?post=172352"},{"taxonomy":"product_tag","embeddable":true,"href":"https:\/\/shop.moldbrothers.com\/fr\/wp-json\/wp\/v2\/product_tag?post=172352"},{"taxonomy":"woo-feed-brand","embeddable":true,"href":"https:\/\/shop.moldbrothers.com\/fr\/wp-json\/wp\/v2\/woo-feed-brand?post=172352"}],"curies":[{"name":"wp","href":"https:\/\/api.w.org\/{rel}","templated":true}]}}