{"id":171729,"date":"2024-10-24T10:27:57","date_gmt":"2024-10-24T08:27:57","guid":{"rendered":"https:\/\/shop.moldbrothers.com\/?post_type=product&#038;p=171729"},"modified":"2025-10-20T14:27:07","modified_gmt":"2025-10-20T12:27:07","slug":"pithivier-set-dome-mold","status":"publish","type":"product","link":"https:\/\/shop.moldbrothers.com\/fr\/produit\/pithivier-set-dome-mold\/","title":{"rendered":"Ensemble Pithivier - D\u00f4me Mold"},"content":{"rendered":"<div class=\"wp-block-columns is-layout-flex wp-container-core-columns-is-layout-9d6595d7 wp-block-columns-is-layout-flex\">\n<div class=\"wp-block-column is-vertically-aligned-center is-layout-flow wp-block-column-is-layout-flow\" style=\"flex-basis:50%\">\n<figure class=\"wp-block-image size-full\"><a href=\"https:\/\/shop.moldbrothers.com\/wp-content\/uploads\/2024\/10\/Image.jpg\"><img decoding=\"async\" width=\"701\" height=\"1067\" src=\"https:\/\/shop.moldbrothers.com\/wp-content\/uploads\/2024\/10\/Image-edited.jpg\" alt=\"\" class=\"wp-image-171727\" srcset=\"https:\/\/shop.moldbrothers.com\/wp-content\/uploads\/2024\/10\/Image-edited.jpg 701w, https:\/\/shop.moldbrothers.com\/wp-content\/uploads\/2024\/10\/Image-edited-8x12.jpg 8w\" sizes=\"(max-width: 701px) 100vw, 701px\" \/><\/a><\/figure>\n<\/div>\n\n\n\n<div class=\"wp-block-column is-layout-flow wp-block-column-is-layout-flow\" style=\"flex-basis:35.09%\">\n<h6 class=\"wp-block-heading\">Collaboration<\/h6>\n\n\n\n<h2 class=\"wp-block-heading\">\u00c0 propos de Ron<\/h2>\n\n\n\n<p>En tant que chef ex\u00e9cutif du restaurant Canoe, au Canada, Ron McKinlay c\u00e9l\u00e8bre les ingr\u00e9dients canadiens avec plus d'une d\u00e9cennie d'exp\u00e9rience internationale dans les meilleures cuisines du Royaume-Uni, d'Australie et du Moyen-Orient. En collaboration avec des producteurs locaux, il \u00e9labore des plats inspir\u00e9s par la diversit\u00e9 des paysages du Canada, poussant la cuisine canadienne vers de nouveaux sommets.<\/p>\n<\/div>\n<\/div>\n\n\n\n<p><\/p>","protected":false},"excerpt":{"rendered":"<p>Set de produits de haute qualit\u00e9 pour la r\u00e9alisation d'un Pithivier exceptionnel, d\u00e9velopp\u00e9 en collaboration avec Ron McKinlay. Le Pithivier Dome Mold comprend une forme et est fabriqu\u00e9 en silicone alimentaire 100%. Il peut supporter des temp\u00e9ratures allant de -40\u00b0C \u00e0 +200\u00b0C, ce qui le rend parfait pour une utilisation au cong\u00e9lateur (choc) et au four. Le set comprend \u00e9galement des emporte-pi\u00e8ces pour d\u00e9couper la p\u00e2te \u00e0 la bonne forme. Les emporte-pi\u00e8ces sont compatibles avec les aliments, mais <strong>pas <\/strong>peuvent \u00eatre lav\u00e9s au lave-vaisselle. Nous recommandons de les laver \u00e0 l'eau ti\u00e8de sans utiliser de d\u00e9tergent. *Vous recevrez \u00e9galement une carte de recettes imprim\u00e9e par le chef Ron McKinlay avec sa recette de <em>\"Poulet et champignons<\/em> Pithivier.<\/p>","protected":false},"featured_media":171731,"template":"","meta":{"_seopress_robots_primary_cat":"none","_seopress_titles_title":"","_seopress_titles_desc":"","_seopress_robots_index":"yes"},"product_brand":[],"product_cat":[159,231],"product_tag":[],"woo-feed-brand":[],"class_list":{"0":"post-171729","1":"product","2":"type-product","3":"status-publish","4":"has-post-thumbnail","6":"product_cat-3dmolds","7":"product_cat-hidden","9":"first","10":"instock","11":"taxable","12":"shipping-taxable","13":"purchasable","14":"product-type-simple"},"_links":{"self":[{"href":"https:\/\/shop.moldbrothers.com\/fr\/wp-json\/wp\/v2\/product\/171729","targetHints":{"allow":["GET"]}}],"collection":[{"href":"https:\/\/shop.moldbrothers.com\/fr\/wp-json\/wp\/v2\/product"}],"about":[{"href":"https:\/\/shop.moldbrothers.com\/fr\/wp-json\/wp\/v2\/types\/product"}],"wp:featuredmedia":[{"embeddable":true,"href":"https:\/\/shop.moldbrothers.com\/fr\/wp-json\/wp\/v2\/media\/171731"}],"wp:attachment":[{"href":"https:\/\/shop.moldbrothers.com\/fr\/wp-json\/wp\/v2\/media?parent=171729"}],"wp:term":[{"taxonomy":"product_brand","embeddable":true,"href":"https:\/\/shop.moldbrothers.com\/fr\/wp-json\/wp\/v2\/product_brand?post=171729"},{"taxonomy":"product_cat","embeddable":true,"href":"https:\/\/shop.moldbrothers.com\/fr\/wp-json\/wp\/v2\/product_cat?post=171729"},{"taxonomy":"product_tag","embeddable":true,"href":"https:\/\/shop.moldbrothers.com\/fr\/wp-json\/wp\/v2\/product_tag?post=171729"},{"taxonomy":"woo-feed-brand","embeddable":true,"href":"https:\/\/shop.moldbrothers.com\/fr\/wp-json\/wp\/v2\/woo-feed-brand?post=171729"}],"curies":[{"name":"wp","href":"https:\/\/api.w.org\/{rel}","templated":true}]}}