{"id":171081,"date":"2024-10-10T13:43:39","date_gmt":"2024-10-10T11:43:39","guid":{"rendered":"https:\/\/shop.moldbrothers.com\/?post_type=product&#038;p=171081"},"modified":"2025-12-05T09:39:54","modified_gmt":"2025-12-05T08:39:54","slug":"meringue-stick-shaper","status":"publish","type":"product","link":"https:\/\/shop.moldbrothers.com\/fr\/produit\/meringue-stick-shaper\/","title":{"rendered":"Formeur de b\u00e2tonnets de meringue"},"content":{"rendered":"","protected":false},"excerpt":{"rendered":"<p>Un grattoir en acrylique de haute qualit\u00e9 pour fabriquer des baguettes de merengue droites et fines. Le grattoir a deux faces utilisables diff\u00e9rentes avec des cercles de tailles diff\u00e9rentes.<\/p>\n<p>Le grattoir est\u00a0<strong>pas<\/strong>\u00a0passe au lave-vaisselle et doit \u00eatre rinc\u00e9 sous l&#039;eau courante ti\u00e8de.<\/p>","protected":false},"featured_media":171089,"template":"","meta":{"_seopress_robots_primary_cat":"none","_seopress_titles_title":"","_seopress_titles_desc":"","_seopress_robots_index":""},"product_brand":[],"product_cat":[192],"product_tag":[],"woo-feed-brand":[],"class_list":{"0":"post-171081","1":"product","2":"type-product","3":"status-publish","4":"has-post-thumbnail","6":"product_cat-kitchen-essentials","8":"first","9":"instock","10":"taxable","11":"shipping-taxable","12":"purchasable","13":"product-type-simple"},"_links":{"self":[{"href":"https:\/\/shop.moldbrothers.com\/fr\/wp-json\/wp\/v2\/product\/171081","targetHints":{"allow":["GET"]}}],"collection":[{"href":"https:\/\/shop.moldbrothers.com\/fr\/wp-json\/wp\/v2\/product"}],"about":[{"href":"https:\/\/shop.moldbrothers.com\/fr\/wp-json\/wp\/v2\/types\/product"}],"wp:featuredmedia":[{"embeddable":true,"href":"https:\/\/shop.moldbrothers.com\/fr\/wp-json\/wp\/v2\/media\/171089"}],"wp:attachment":[{"href":"https:\/\/shop.moldbrothers.com\/fr\/wp-json\/wp\/v2\/media?parent=171081"}],"wp:term":[{"taxonomy":"product_brand","embeddable":true,"href":"https:\/\/shop.moldbrothers.com\/fr\/wp-json\/wp\/v2\/product_brand?post=171081"},{"taxonomy":"product_cat","embeddable":true,"href":"https:\/\/shop.moldbrothers.com\/fr\/wp-json\/wp\/v2\/product_cat?post=171081"},{"taxonomy":"product_tag","embeddable":true,"href":"https:\/\/shop.moldbrothers.com\/fr\/wp-json\/wp\/v2\/product_tag?post=171081"},{"taxonomy":"woo-feed-brand","embeddable":true,"href":"https:\/\/shop.moldbrothers.com\/fr\/wp-json\/wp\/v2\/woo-feed-brand?post=171081"}],"curies":[{"name":"wp","href":"https:\/\/api.w.org\/{rel}","templated":true}]}}