{"id":169826,"date":"2024-09-23T11:49:25","date_gmt":"2024-09-23T09:49:25","guid":{"rendered":"https:\/\/shop.moldbrothers.com\/?post_type=product&#038;p=169826"},"modified":"2025-09-09T22:15:44","modified_gmt":"2025-09-09T20:15:44","slug":"mushroom-tartelette-molds","status":"publish","type":"product","link":"https:\/\/shop.moldbrothers.com\/fr\/produit\/mushroom-tartelette-molds\/","title":{"rendered":"Set de tartelettes aux champignons"},"content":{"rendered":"<div class=\"wp-block-columns is-layout-flex wp-container-core-columns-is-layout-9d6595d7 wp-block-columns-is-layout-flex\">\n<div class=\"wp-block-column is-vertically-aligned-center is-layout-flow wp-block-column-is-layout-flow\" style=\"flex-basis:50%\"><div class=\"wp-block-image is-style-default\">\n<figure class=\"alignright size-full\"><a href=\"https:\/\/shop.moldbrothers.com\/wp-content\/uploads\/2024\/09\/MBAC-33.jpg\"><img decoding=\"async\" width=\"2560\" height=\"1920\" src=\"https:\/\/shop.moldbrothers.com\/wp-content\/uploads\/2024\/09\/MBAC-33.jpg\" alt=\"\" class=\"wp-image-169661\" style=\"object-fit:cover\" srcset=\"https:\/\/shop.moldbrothers.com\/wp-content\/uploads\/2024\/09\/MBAC-33.jpg 2560w, https:\/\/shop.moldbrothers.com\/wp-content\/uploads\/2024\/09\/MBAC-33-768x576.jpg 768w, https:\/\/shop.moldbrothers.com\/wp-content\/uploads\/2024\/09\/MBAC-33-1536x1152.jpg 1536w, https:\/\/shop.moldbrothers.com\/wp-content\/uploads\/2024\/09\/MBAC-33-2048x1536.jpg 2048w, https:\/\/shop.moldbrothers.com\/wp-content\/uploads\/2024\/09\/MBAC-33-16x12.jpg 16w, https:\/\/shop.moldbrothers.com\/wp-content\/uploads\/2024\/09\/MBAC-33-1024x768.jpg 1024w\" sizes=\"(max-width: 2560px) 100vw, 2560px\" \/><\/a><\/figure>\n<\/div><\/div>\n\n\n\n<div class=\"wp-block-column is-layout-flow wp-block-column-is-layout-flow\" style=\"flex-basis:35.09%\">\n<h6 class=\"wp-block-heading\">Tartelette aux champignons - Set d'extension<\/h6>\n\n\n\n<h2 class=\"wp-block-heading\">Passez \u00e0 la vitesse sup\u00e9rieure !<\/h2>\n\n\n\n<p><br>Le kit d'extension vous permet de rendre la tartelette aux champignons encore plus \u00e9l\u00e9gante et unique, sans trop d'efforts. Par exemple, remplissez les lamelles de champignons Mold d'un bouillon dashi. La tige peut facilement \u00eatre remplie d'un cr\u00e9meux et plac\u00e9e dans les branchies. De cette mani\u00e8re, votre champignon renvers\u00e9 prend vraiment vie - de mani\u00e8re si r\u00e9aliste que vos invit\u00e9s pourraient commencer \u00e0 v\u00e9rifier sous la table s'il n'y a pas un peu de mousse !<\/p>\n<\/div>\n<\/div>\n\n\n\n<p><\/p>","protected":false},"excerpt":{"rendered":"<p>Moules en silicone de haute qualit\u00e9 pour r\u00e9aliser des tartelettes croustillantes en forme de champignon. La Tartelette Mold permet de cuire quatre tartelettes \u00e0 la fois. Elle comprend un emporte-pi\u00e8ce pour dimensionner la p\u00e2te sur le dessus de votre moule. En option, vous pouvez opter pour le kit d'extension pour rendre vos tartelettes encore plus r\u00e9alistes. Fabriqu\u00e9 en silicone alimentaire 100%, il r\u00e9siste \u00e0 une temp\u00e9rature de -40\u00b0C \u00e0 +200\u00b0C et convient aux cong\u00e9lateurs et aux fours (\u00e0 chocs).<\/p>","protected":false},"featured_media":169660,"template":"","meta":{"_seopress_robots_primary_cat":"none","_seopress_titles_title":"","_seopress_titles_desc":"","_seopress_robots_index":""},"product_brand":[],"product_cat":[913],"product_tag":[1419,581,1413,1447,1431,564,1427,1416,566,1425,1429,1430,1446,759,1415,536,1437,1424,1440,1443,547,1438,1150,1418,533,1441,537,1436,1433,1420,530,1444,936,1435,802,1423,1432,1421,1428,1439,1195,1434,1426,1422,757,1035,755,758,756,1417,1414,1445,550,1442],"woo-feed-brand":[],"class_list":{"0":"post-169826","1":"product","2":"type-product","3":"status-publish","4":"has-post-thumbnail","6":"product_cat-tartelette-molds","7":"product_tag-acorn","8":"product_tag-apple","9":"product_tag-autumn","10":"product_tag-autumn-vibes","11":"product_tag-bark","12":"product_tag-cacao","13":"product_tag-caramel","14":"product_tag-chestnut","15":"product_tag-chocolate","16":"product_tag-cinnamon","17":"product_tag-comfort-food","18":"product_tag-cozy","19":"product_tag-deep-flavors","20":"product_tag-dough","21":"product_tag-earth-tones","22":"product_tag-fall","23":"product_tag-festive","24":"product_tag-fig","25":"product_tag-fireplace","26":"product_tag-foliage","27":"product_tag-forest","28":"product_tag-golden-brown","29":"product_tag-harvest","30":"product_tag-hazelnut","31":"product_tag-herfst","32":"product_tag-hygge","33":"product_tag-leaves","34":"product_tag-limited-edition","35":"product_tag-moss","36":"product_tag-mushroom","37":"product_tag-nature","38":"product_tag-nuts-seeds","39":"product_tag-oak","40":"product_tag-organic-shapes","41":"product_tag-original","42":"product_tag-pear","43":"product_tag-pine","44":"product_tag-pumpkin","45":"product_tag-roasted","46":"product_tag-rustic","47":"product_tag-seasonal","48":"product_tag-soil","49":"product_tag-spices","50":"product_tag-squash","51":"product_tag-tart","52":"product_tag-tartalette","53":"product_tag-tartelette","54":"product_tag-tartellete","55":"product_tag-tartellette","56":"product_tag-walnut","57":"product_tag-warm-colors","58":"product_tag-warm-textures","59":"product_tag-wood","60":"product_tag-woodland","62":"first","63":"instock","64":"taxable","65":"shipping-taxable","66":"product-type-grouped"},"_links":{"self":[{"href":"https:\/\/shop.moldbrothers.com\/fr\/wp-json\/wp\/v2\/product\/169826","targetHints":{"allow":["GET"]}}],"collection":[{"href":"https:\/\/shop.moldbrothers.com\/fr\/wp-json\/wp\/v2\/product"}],"about":[{"href":"https:\/\/shop.moldbrothers.com\/fr\/wp-json\/wp\/v2\/types\/product"}],"wp:featuredmedia":[{"embeddable":true,"href":"https:\/\/shop.moldbrothers.com\/fr\/wp-json\/wp\/v2\/media\/169660"}],"wp:attachment":[{"href":"https:\/\/shop.moldbrothers.com\/fr\/wp-json\/wp\/v2\/media?parent=169826"}],"wp:term":[{"taxonomy":"product_brand","embeddable":true,"href":"https:\/\/shop.moldbrothers.com\/fr\/wp-json\/wp\/v2\/product_brand?post=169826"},{"taxonomy":"product_cat","embeddable":true,"href":"https:\/\/shop.moldbrothers.com\/fr\/wp-json\/wp\/v2\/product_cat?post=169826"},{"taxonomy":"product_tag","embeddable":true,"href":"https:\/\/shop.moldbrothers.com\/fr\/wp-json\/wp\/v2\/product_tag?post=169826"},{"taxonomy":"woo-feed-brand","embeddable":true,"href":"https:\/\/shop.moldbrothers.com\/fr\/wp-json\/wp\/v2\/woo-feed-brand?post=169826"}],"curies":[{"name":"wp","href":"https:\/\/api.w.org\/{rel}","templated":true}]}}