{"id":168075,"date":"2024-08-12T12:56:00","date_gmt":"2024-08-12T10:56:00","guid":{"rendered":"https:\/\/shop.moldbrothers.com\/?post_type=product&#038;p=168075"},"modified":"2026-03-25T08:54:11","modified_gmt":"2026-03-25T07:54:11","slug":"scallop-tartelette-set","status":"publish","type":"product","link":"https:\/\/shop.moldbrothers.com\/fr\/produit\/scallop-tartelette-set\/","title":{"rendered":"Set de tartelettes festonn\u00e9es"},"content":{"rendered":"","protected":false},"excerpt":{"rendered":"<p>Des tartelettes croustillantes en forme de coquille Saint-Jacques - ce moule en silicone permet d'en cuire 4 \u00e0 la fois et comprend un emporte-pi\u00e8ce pour une d\u00e9coupe parfaite de la p\u00e2te. Fabriqu\u00e9 en silicone alimentaire 100%, il peut \u00eatre utilis\u00e9 dans les cong\u00e9lateurs et les fours (de -40\u00b0C \u00e0 +200\u00b0C).<\/p>\n<p>Associez-le au pochoir pour des chips \u00e0 l'isomalt ! Ne passe pas au lave-vaisselle - rincer \u00e0 l'eau ti\u00e8de (40\u00b0C).<\/p>","protected":false},"featured_media":167823,"template":"","meta":{"_seopress_robots_primary_cat":"none","_seopress_titles_title":"","_seopress_titles_desc":"","_seopress_robots_index":""},"product_brand":[],"product_cat":[913,451],"product_tag":[759,802,757,1035,755,758,756],"woo-feed-brand":[],"class_list":{"0":"post-168075","1":"product","2":"type-product","3":"status-publish","4":"has-post-thumbnail","6":"product_cat-tartelette-molds","7":"product_cat-a4-stencils","8":"product_tag-dough","9":"product_tag-original","10":"product_tag-tart","11":"product_tag-tartalette","12":"product_tag-tartelette","13":"product_tag-tartellete","14":"product_tag-tartellette","16":"first","17":"instock","18":"taxable","19":"shipping-taxable","20":"product-type-grouped"},"_links":{"self":[{"href":"https:\/\/shop.moldbrothers.com\/fr\/wp-json\/wp\/v2\/product\/168075","targetHints":{"allow":["GET"]}}],"collection":[{"href":"https:\/\/shop.moldbrothers.com\/fr\/wp-json\/wp\/v2\/product"}],"about":[{"href":"https:\/\/shop.moldbrothers.com\/fr\/wp-json\/wp\/v2\/types\/product"}],"wp:featuredmedia":[{"embeddable":true,"href":"https:\/\/shop.moldbrothers.com\/fr\/wp-json\/wp\/v2\/media\/167823"}],"wp:attachment":[{"href":"https:\/\/shop.moldbrothers.com\/fr\/wp-json\/wp\/v2\/media?parent=168075"}],"wp:term":[{"taxonomy":"product_brand","embeddable":true,"href":"https:\/\/shop.moldbrothers.com\/fr\/wp-json\/wp\/v2\/product_brand?post=168075"},{"taxonomy":"product_cat","embeddable":true,"href":"https:\/\/shop.moldbrothers.com\/fr\/wp-json\/wp\/v2\/product_cat?post=168075"},{"taxonomy":"product_tag","embeddable":true,"href":"https:\/\/shop.moldbrothers.com\/fr\/wp-json\/wp\/v2\/product_tag?post=168075"},{"taxonomy":"woo-feed-brand","embeddable":true,"href":"https:\/\/shop.moldbrothers.com\/fr\/wp-json\/wp\/v2\/woo-feed-brand?post=168075"}],"curies":[{"name":"wp","href":"https:\/\/api.w.org\/{rel}","templated":true}]}}