{"id":168074,"date":"2024-08-12T12:58:00","date_gmt":"2024-08-12T10:58:00","guid":{"rendered":"https:\/\/shop.moldbrothers.com\/?post_type=product&#038;p=168074"},"modified":"2026-03-25T08:53:51","modified_gmt":"2026-03-25T07:53:51","slug":"sakura-tartelette-set","status":"publish","type":"product","link":"https:\/\/shop.moldbrothers.com\/fr\/produit\/sakura-tartelette-set\/","title":{"rendered":"Set de tartelettes Sakura"},"content":{"rendered":"","protected":false},"excerpt":{"rendered":"<p>Un moule en silicone de haute qualit\u00e9 pour r\u00e9aliser des tartelettes croustillantes en forme de fleur \u00e9l\u00e9gante et conique. Le moule permet de cuire 4 tartelettes \u00e0 la fois et comprend un emporte-pi\u00e8ce pour dimensionner la p\u00e2te sur le dessus du moule. Fabriqu\u00e9 en silicone alimentaire 100%, il r\u00e9siste \u00e0 une temp\u00e9rature de -40\u00b0C \u00e0 +200\u00b0C et convient aux cong\u00e9lateurs et aux fours (\u00e0 chocs).<\/p>\n<p>Pour les tartelettes isomalt sucr\u00e9es ou sal\u00e9es, nous vous recommandons le pochoir. Le pochoir <strong>n'est pas<\/strong> Lavable au lave-vaisselle ; rincer \u00e0 l'eau ti\u00e8de (40\u00b0C) sans produits de nettoyage.<\/p>","protected":false},"featured_media":167819,"template":"","meta":{"_seopress_robots_primary_cat":"none","_seopress_titles_title":"","_seopress_titles_desc":"","_seopress_robots_index":""},"product_brand":[],"product_cat":[913,451],"product_tag":[759,802,757,1035,755,758,756],"woo-feed-brand":[],"class_list":{"0":"post-168074","1":"product","2":"type-product","3":"status-publish","4":"has-post-thumbnail","6":"product_cat-tartelette-molds","7":"product_cat-a4-stencils","8":"product_tag-dough","9":"product_tag-original","10":"product_tag-tart","11":"product_tag-tartalette","12":"product_tag-tartelette","13":"product_tag-tartellete","14":"product_tag-tartellette","16":"first","17":"instock","18":"taxable","19":"shipping-taxable","20":"product-type-grouped"},"_links":{"self":[{"href":"https:\/\/shop.moldbrothers.com\/fr\/wp-json\/wp\/v2\/product\/168074","targetHints":{"allow":["GET"]}}],"collection":[{"href":"https:\/\/shop.moldbrothers.com\/fr\/wp-json\/wp\/v2\/product"}],"about":[{"href":"https:\/\/shop.moldbrothers.com\/fr\/wp-json\/wp\/v2\/types\/product"}],"wp:featuredmedia":[{"embeddable":true,"href":"https:\/\/shop.moldbrothers.com\/fr\/wp-json\/wp\/v2\/media\/167819"}],"wp:attachment":[{"href":"https:\/\/shop.moldbrothers.com\/fr\/wp-json\/wp\/v2\/media?parent=168074"}],"wp:term":[{"taxonomy":"product_brand","embeddable":true,"href":"https:\/\/shop.moldbrothers.com\/fr\/wp-json\/wp\/v2\/product_brand?post=168074"},{"taxonomy":"product_cat","embeddable":true,"href":"https:\/\/shop.moldbrothers.com\/fr\/wp-json\/wp\/v2\/product_cat?post=168074"},{"taxonomy":"product_tag","embeddable":true,"href":"https:\/\/shop.moldbrothers.com\/fr\/wp-json\/wp\/v2\/product_tag?post=168074"},{"taxonomy":"woo-feed-brand","embeddable":true,"href":"https:\/\/shop.moldbrothers.com\/fr\/wp-json\/wp\/v2\/woo-feed-brand?post=168074"}],"curies":[{"name":"wp","href":"https:\/\/api.w.org\/{rel}","templated":true}]}}