{"id":168067,"date":"2024-08-12T11:00:00","date_gmt":"2024-08-12T09:00:00","guid":{"rendered":"https:\/\/shop.moldbrothers.com\/?post_type=product&#038;p=168067"},"modified":"2024-08-12T12:29:10","modified_gmt":"2024-08-12T10:29:10","slug":"starfish-tartelette-stencil","status":"publish","type":"product","link":"https:\/\/shop.moldbrothers.com\/fr\/produit\/starfish-tartelette-stencil\/","title":{"rendered":"Tartelette \u00e9toile de mer - Pochoir"},"content":{"rendered":"","protected":false},"excerpt":{"rendered":"<p>Ce pochoir A4 est fabriqu\u00e9 en acrylique de 1 mm d'\u00e9paisseur. Il contient 14 formes et est parfait pour \u00eatre utilis\u00e9 en combinaison avec la Tartelette \u00e9toile de mer Mold pour r\u00e9aliser des Tartelette Shells sucr\u00e9es ou sal\u00e9es.<\/p>\n<p>Le pochoir est <strong>pas<\/strong> lave-vaisselle. Nous recommandons de rincer le pochoir \u00e0 l&#039;eau ti\u00e8de (40\u00b0C) sans utiliser de d\u00e9tergent.<\/p>","protected":false},"featured_media":168084,"template":"","meta":{"_seopress_robots_primary_cat":"none","_seopress_titles_title":"","_seopress_titles_desc":"","_seopress_robots_index":"yes"},"product_brand":[],"product_cat":[170,451,231],"product_tag":[759,959,958,960,755],"woo-feed-brand":[],"class_list":{"0":"post-168067","1":"product","2":"type-product","3":"status-publish","4":"has-post-thumbnail","6":"product_cat-stencils","7":"product_cat-a4-stencils","8":"product_cat-hidden","9":"product_tag-dough","10":"product_tag-filo","11":"product_tag-tarte","12":"product_tag-tartelete","13":"product_tag-tartelette","15":"first","16":"instock","17":"taxable","18":"shipping-taxable","19":"purchasable","20":"product-type-simple"},"_links":{"self":[{"href":"https:\/\/shop.moldbrothers.com\/fr\/wp-json\/wp\/v2\/product\/168067","targetHints":{"allow":["GET"]}}],"collection":[{"href":"https:\/\/shop.moldbrothers.com\/fr\/wp-json\/wp\/v2\/product"}],"about":[{"href":"https:\/\/shop.moldbrothers.com\/fr\/wp-json\/wp\/v2\/types\/product"}],"wp:featuredmedia":[{"embeddable":true,"href":"https:\/\/shop.moldbrothers.com\/fr\/wp-json\/wp\/v2\/media\/168084"}],"wp:attachment":[{"href":"https:\/\/shop.moldbrothers.com\/fr\/wp-json\/wp\/v2\/media?parent=168067"}],"wp:term":[{"taxonomy":"product_brand","embeddable":true,"href":"https:\/\/shop.moldbrothers.com\/fr\/wp-json\/wp\/v2\/product_brand?post=168067"},{"taxonomy":"product_cat","embeddable":true,"href":"https:\/\/shop.moldbrothers.com\/fr\/wp-json\/wp\/v2\/product_cat?post=168067"},{"taxonomy":"product_tag","embeddable":true,"href":"https:\/\/shop.moldbrothers.com\/fr\/wp-json\/wp\/v2\/product_tag?post=168067"},{"taxonomy":"woo-feed-brand","embeddable":true,"href":"https:\/\/shop.moldbrothers.com\/fr\/wp-json\/wp\/v2\/woo-feed-brand?post=168067"}],"curies":[{"name":"wp","href":"https:\/\/api.w.org\/{rel}","templated":true}]}}