{"id":167840,"date":"2024-08-12T12:59:00","date_gmt":"2024-08-12T10:59:00","guid":{"rendered":"https:\/\/shop.moldbrothers.com\/?post_type=product&#038;p=167840"},"modified":"2025-10-20T15:09:46","modified_gmt":"2025-10-20T13:09:46","slug":"donut-tartelette-mold","status":"publish","type":"product","link":"https:\/\/shop.moldbrothers.com\/fr\/produit\/donut-tartelette-mold\/","title":{"rendered":"Donut Tartelette Mold"},"content":{"rendered":"","protected":false},"excerpt":{"rendered":"<p>Un moule en silicone de haute qualit\u00e9 pour r\u00e9aliser des tartelettes croustillantes, en forme de beignet. Le moule permet de cuire 4 tartelettes \u00e0 la fois. Il est livr\u00e9 avec un emporte-pi\u00e8ce qui vous permet de d\u00e9couper votre p\u00e2te \u00e0 tartelette sur le dessus du moule. Le moule est fabriqu\u00e9 en silicone alimentaire 100%.<\/p>\n<p>Ce moule peut r\u00e9sister \u00e0 des temp\u00e9ratures allant de -40\u00b0C \u00e0 +200\u00b0C, ce qui permet de l'utiliser aussi bien dans les cong\u00e9lateurs (chocs) que dans les fours.<\/p>","protected":false},"featured_media":167821,"template":"","meta":{"_seopress_robots_primary_cat":"none","_seopress_titles_title":"","_seopress_titles_desc":"","_seopress_robots_index":""},"product_brand":[],"product_cat":[913],"product_tag":[759,802,757,1035,755,758,756],"woo-feed-brand":[],"class_list":{"0":"post-167840","1":"product","2":"type-product","3":"status-publish","4":"has-post-thumbnail","6":"product_cat-tartelette-molds","7":"product_tag-dough","8":"product_tag-original","9":"product_tag-tart","10":"product_tag-tartalette","11":"product_tag-tartelette","12":"product_tag-tartellete","13":"product_tag-tartellette","15":"first","16":"instock","17":"taxable","18":"shipping-taxable","19":"purchasable","20":"product-type-simple"},"_links":{"self":[{"href":"https:\/\/shop.moldbrothers.com\/fr\/wp-json\/wp\/v2\/product\/167840","targetHints":{"allow":["GET"]}}],"collection":[{"href":"https:\/\/shop.moldbrothers.com\/fr\/wp-json\/wp\/v2\/product"}],"about":[{"href":"https:\/\/shop.moldbrothers.com\/fr\/wp-json\/wp\/v2\/types\/product"}],"wp:featuredmedia":[{"embeddable":true,"href":"https:\/\/shop.moldbrothers.com\/fr\/wp-json\/wp\/v2\/media\/167821"}],"wp:attachment":[{"href":"https:\/\/shop.moldbrothers.com\/fr\/wp-json\/wp\/v2\/media?parent=167840"}],"wp:term":[{"taxonomy":"product_brand","embeddable":true,"href":"https:\/\/shop.moldbrothers.com\/fr\/wp-json\/wp\/v2\/product_brand?post=167840"},{"taxonomy":"product_cat","embeddable":true,"href":"https:\/\/shop.moldbrothers.com\/fr\/wp-json\/wp\/v2\/product_cat?post=167840"},{"taxonomy":"product_tag","embeddable":true,"href":"https:\/\/shop.moldbrothers.com\/fr\/wp-json\/wp\/v2\/product_tag?post=167840"},{"taxonomy":"woo-feed-brand","embeddable":true,"href":"https:\/\/shop.moldbrothers.com\/fr\/wp-json\/wp\/v2\/woo-feed-brand?post=167840"}],"curies":[{"name":"wp","href":"https:\/\/api.w.org\/{rel}","templated":true}]}}