{"id":165621,"date":"2024-06-11T07:38:45","date_gmt":"2024-06-11T05:38:45","guid":{"rendered":"https:\/\/shop.moldbrothers.com\/?post_type=product&#038;p=165621"},"modified":"2026-03-11T08:53:06","modified_gmt":"2026-03-11T07:53:06","slug":"moldpat-1-3","status":"publish","type":"product","link":"https:\/\/shop.moldbrothers.com\/fr\/produit\/moldpat-1-3\/","title":{"rendered":"MoldPat 1\/3"},"content":{"rendered":"","protected":false},"excerpt":{"rendered":"<p>Ce tapis de cuisson en silicone de haute qualit\u00e9 est dot\u00e9 d'une maille en fibre de verre tiss\u00e9e \u00e0 l'int\u00e9rieur pour une durabilit\u00e9 et une stabilit\u00e9 accrues. Con\u00e7u pour supporter des temp\u00e9ratures allant de -40\u00b0C \u00e0 +200\u00b0C, il est parfait pour une utilisation au cong\u00e9lateur et au four.<\/p>","protected":false},"featured_media":165650,"template":"","meta":{"_seopress_robots_primary_cat":"none","_seopress_titles_title":"Silicone Mat 1\/3 | MoldBrothers","_seopress_titles_desc":"The MoldPat 1\/3 is a durable silicone baking mat and a reliable Silpat alternative. Designed for professional kitchens, it provides consistent baking results, easy release and long-lasting performance.","_seopress_robots_index":""},"product_brand":[],"product_cat":[192],"product_tag":[695,696,697,698,1498],"woo-feed-brand":[],"class_list":{"0":"post-165621","1":"product","2":"type-product","3":"status-publish","4":"has-post-thumbnail","6":"product_cat-kitchen-essentials","7":"product_tag-baking","8":"product_tag-mat","9":"product_tag-pat","10":"product_tag-silicone","11":"product_tag-silpat","13":"first","14":"instock","15":"taxable","16":"shipping-taxable","17":"purchasable","18":"product-type-simple"},"_links":{"self":[{"href":"https:\/\/shop.moldbrothers.com\/fr\/wp-json\/wp\/v2\/product\/165621","targetHints":{"allow":["GET"]}}],"collection":[{"href":"https:\/\/shop.moldbrothers.com\/fr\/wp-json\/wp\/v2\/product"}],"about":[{"href":"https:\/\/shop.moldbrothers.com\/fr\/wp-json\/wp\/v2\/types\/product"}],"wp:featuredmedia":[{"embeddable":true,"href":"https:\/\/shop.moldbrothers.com\/fr\/wp-json\/wp\/v2\/media\/165650"}],"wp:attachment":[{"href":"https:\/\/shop.moldbrothers.com\/fr\/wp-json\/wp\/v2\/media?parent=165621"}],"wp:term":[{"taxonomy":"product_brand","embeddable":true,"href":"https:\/\/shop.moldbrothers.com\/fr\/wp-json\/wp\/v2\/product_brand?post=165621"},{"taxonomy":"product_cat","embeddable":true,"href":"https:\/\/shop.moldbrothers.com\/fr\/wp-json\/wp\/v2\/product_cat?post=165621"},{"taxonomy":"product_tag","embeddable":true,"href":"https:\/\/shop.moldbrothers.com\/fr\/wp-json\/wp\/v2\/product_tag?post=165621"},{"taxonomy":"woo-feed-brand","embeddable":true,"href":"https:\/\/shop.moldbrothers.com\/fr\/wp-json\/wp\/v2\/woo-feed-brand?post=165621"}],"curies":[{"name":"wp","href":"https:\/\/api.w.org\/{rel}","templated":true}]}}