{"id":164646,"date":"2024-03-21T15:28:00","date_gmt":"2024-03-21T14:28:00","guid":{"rendered":"https:\/\/shop.moldbrothers.com\/?post_type=product&#038;p=164646"},"modified":"2025-10-20T14:55:57","modified_gmt":"2025-10-20T12:55:57","slug":"oyster-lid-mold","status":"publish","type":"product","link":"https:\/\/shop.moldbrothers.com\/fr\/produit\/oyster-lid-mold\/","title":{"rendered":"Couvercle d'hu\u00eetre Mold"},"content":{"rendered":"<div class=\"grid grid-cols-1 lg:grid-cols-2 lg:gap-12\"><div class=\"col-span-1 self-center\"><figure class=\"h-[clamp(200px,40vw,600px)!important]\"><img decoding=\"async\" class=\"w-full h-full object-cover object-center rounded-2xl\" src=\"https:\/\/shop.moldbrothers.com\/wp-content\/uploads\/2022\/07\/DSC03279-scaled-e1684074511240.jpg\" alt=\"\" \/><\/figure><\/div><div class=\"col-span-1 self-center\"><div class=\"lg:pl-20\"><\/p>\n<h6>MoldBrothers TestKitchen Produit sp\u00e9cial<\/h6>\n<h2>\u00c0 propos de notre laboratoire d'essai<\/h2>\n<p>La cuisine d'essai MoldBrothers, dirig\u00e9e par le chef Mike Cornelissen du restaurant Rijnzicht*, a \u00e9t\u00e9 cr\u00e9\u00e9e pour maintenir un lien constant avec l'innovation culinaire. Elle sert de laboratoire gastronomique pour cr\u00e9er de l'inspiration et s'assurer que tous nos produits offrent des exp\u00e9riences exceptionnelles. Fabriqu\u00e9s par des chefs, pour des chefs, nous explorons des techniques presque impossibles qui donnent constamment des r\u00e9sultats remarquables, y compris ce produit. <em>TestKitchen Produit sp\u00e9cial<\/em>!<\/div><\/div><\/div>","protected":false},"excerpt":{"rendered":"<p>Un moule en silicone r\u00e9aliste 'MoldBrothers TestKitchen Special' en forme de coquille sup\u00e9rieure d'hu\u00eetre. Le moule pr\u00e9sente 4 formes identiques, toutes fabriqu\u00e9es en silicone alimentaire 100%.<\/p>\n<p>Ce moule est capable de r\u00e9sister \u00e0 des temp\u00e9ratures allant de -40\u00b0C \u00e0 +200\u00b0C, ce qui permet de l'utiliser aussi bien dans les cong\u00e9lateurs (chocs) que dans les fours.<\/p>","protected":false},"featured_media":164649,"template":"","meta":{"_seopress_robots_primary_cat":"none","_seopress_titles_title":"","_seopress_titles_desc":"","_seopress_robots_index":""},"product_brand":[],"product_cat":[159,194,910],"product_tag":[],"woo-feed-brand":[],"class_list":{"0":"post-164646","1":"product","2":"type-product","3":"status-publish","4":"has-post-thumbnail","6":"product_cat-3dmolds","7":"product_cat-realistic","8":"product_cat-test-kitchen","10":"first","11":"instock","12":"taxable","13":"shipping-taxable","14":"purchasable","15":"product-type-simple"},"_links":{"self":[{"href":"https:\/\/shop.moldbrothers.com\/fr\/wp-json\/wp\/v2\/product\/164646","targetHints":{"allow":["GET"]}}],"collection":[{"href":"https:\/\/shop.moldbrothers.com\/fr\/wp-json\/wp\/v2\/product"}],"about":[{"href":"https:\/\/shop.moldbrothers.com\/fr\/wp-json\/wp\/v2\/types\/product"}],"wp:featuredmedia":[{"embeddable":true,"href":"https:\/\/shop.moldbrothers.com\/fr\/wp-json\/wp\/v2\/media\/164649"}],"wp:attachment":[{"href":"https:\/\/shop.moldbrothers.com\/fr\/wp-json\/wp\/v2\/media?parent=164646"}],"wp:term":[{"taxonomy":"product_brand","embeddable":true,"href":"https:\/\/shop.moldbrothers.com\/fr\/wp-json\/wp\/v2\/product_brand?post=164646"},{"taxonomy":"product_cat","embeddable":true,"href":"https:\/\/shop.moldbrothers.com\/fr\/wp-json\/wp\/v2\/product_cat?post=164646"},{"taxonomy":"product_tag","embeddable":true,"href":"https:\/\/shop.moldbrothers.com\/fr\/wp-json\/wp\/v2\/product_tag?post=164646"},{"taxonomy":"woo-feed-brand","embeddable":true,"href":"https:\/\/shop.moldbrothers.com\/fr\/wp-json\/wp\/v2\/woo-feed-brand?post=164646"}],"curies":[{"name":"wp","href":"https:\/\/api.w.org\/{rel}","templated":true}]}}