{"id":163783,"date":"2024-05-01T14:22:41","date_gmt":"2024-05-01T12:22:41","guid":{"rendered":"https:\/\/shop.moldbrothers.com\/?post_type=product&#038;p=163783"},"modified":"2025-10-20T14:14:04","modified_gmt":"2025-10-20T12:14:04","slug":"single-taco-holder","status":"publish","type":"product","link":"https:\/\/shop.moldbrothers.com\/fr\/produit\/single-taco-holder\/","title":{"rendered":"Porte-taco simple"},"content":{"rendered":"","protected":false},"excerpt":{"rendered":"<p>Ce porte-taco en bois de haute qualit\u00e9 est fabriqu\u00e9 \u00e0 la main \u00e0 partir de bois de ch\u00eane 100% et ajoute une touche naturelle et raffin\u00e9e \u00e0 votre pr\u00e9sentation. Il est id\u00e9al pour servir des tacos ou des petites bouch\u00e9es avec stabilit\u00e9 et style. Ne passe pas au lave-vaisselle - rincez-le \u00e0 l'eau ti\u00e8de pour le garder en bon \u00e9tat.<\/p>","protected":false},"featured_media":184019,"template":"","meta":{"_seopress_robots_primary_cat":"none","_seopress_titles_title":"","_seopress_titles_desc":"","_seopress_robots_index":""},"product_brand":[],"product_cat":[238],"product_tag":[713,540,899,898,505],"woo-feed-brand":[],"class_list":{"0":"post-163783","1":"product","2":"type-product","3":"status-publish","4":"has-post-thumbnail","6":"product_cat-presentables","7":"product_tag-cylinder","8":"product_tag-holder","9":"product_tag-linea","10":"product_tag-maya","11":"product_tag-taco","13":"first","14":"instock","15":"taxable","16":"shipping-taxable","17":"purchasable","18":"product-type-simple"},"_links":{"self":[{"href":"https:\/\/shop.moldbrothers.com\/fr\/wp-json\/wp\/v2\/product\/163783","targetHints":{"allow":["GET"]}}],"collection":[{"href":"https:\/\/shop.moldbrothers.com\/fr\/wp-json\/wp\/v2\/product"}],"about":[{"href":"https:\/\/shop.moldbrothers.com\/fr\/wp-json\/wp\/v2\/types\/product"}],"wp:featuredmedia":[{"embeddable":true,"href":"https:\/\/shop.moldbrothers.com\/fr\/wp-json\/wp\/v2\/media\/184019"}],"wp:attachment":[{"href":"https:\/\/shop.moldbrothers.com\/fr\/wp-json\/wp\/v2\/media?parent=163783"}],"wp:term":[{"taxonomy":"product_brand","embeddable":true,"href":"https:\/\/shop.moldbrothers.com\/fr\/wp-json\/wp\/v2\/product_brand?post=163783"},{"taxonomy":"product_cat","embeddable":true,"href":"https:\/\/shop.moldbrothers.com\/fr\/wp-json\/wp\/v2\/product_cat?post=163783"},{"taxonomy":"product_tag","embeddable":true,"href":"https:\/\/shop.moldbrothers.com\/fr\/wp-json\/wp\/v2\/product_tag?post=163783"},{"taxonomy":"woo-feed-brand","embeddable":true,"href":"https:\/\/shop.moldbrothers.com\/fr\/wp-json\/wp\/v2\/woo-feed-brand?post=163783"}],"curies":[{"name":"wp","href":"https:\/\/api.w.org\/{rel}","templated":true}]}}