{"id":163400,"date":"2024-04-18T12:54:40","date_gmt":"2024-04-18T10:54:40","guid":{"rendered":"https:\/\/shop.moldbrothers.com\/?post_type=product&#038;p=163400"},"modified":"2026-03-25T15:23:19","modified_gmt":"2026-03-25T14:23:19","slug":"spiral-molds-x-de-librije","status":"publish","type":"product","link":"https:\/\/shop.moldbrothers.com\/fr\/produit\/spiral-molds-x-de-librije\/","title":{"rendered":"Spiral Molds X De Librije***"},"content":{"rendered":"<div class=\"wp-block-columns is-layout-flex wp-container-core-columns-is-layout-9d6595d7 wp-block-columns-is-layout-flex\">\n<div class=\"wp-block-column is-vertically-aligned-center is-layout-flow wp-block-column-is-layout-flow\" style=\"flex-basis:50%\"><\/div>\n\n\n\n<div class=\"wp-block-column is-layout-flow wp-block-column-is-layout-flow\" style=\"flex-basis:35.09%\">\n<h6 class=\"wp-block-heading\">Collaboration<\/h6>\n\n\n\n<h2 class=\"wp-block-heading\">\u00c0 propos de de Librije***<\/h2>\n\n\n\n<p>De Librije \u00e0 Zwolle, aux Pays-Bas, est un joyau culinaire fa\u00e7onn\u00e9 par la vision du chef Jonnie Boer, dont l'h\u00e9ritage continue d'inspirer. Avec des ingr\u00e9dients d'origine locale et une excellence \u00e9toil\u00e9e au Michelin, chaque repas offre une exp\u00e9rience gastronomique m\u00e9morable o\u00f9 l'art culinaire rencontre une hospitalit\u00e9 chaleureuse.<\/p>\n<\/div>\n<\/div>\n\n\n\n<p><\/p>","protected":false},"excerpt":{"rendered":"<p>Moules en silicone de haute qualit\u00e9 en forme de spirale, d\u00e9velopp\u00e9s en collaboration avec le restaurant De Librije***. Chaque set contient 1 ou 4 moules et est accompagn\u00e9 d'une carte de recettes imprim\u00e9e comprenant <strong>trois<\/strong> recettes. Les moules peuvent r\u00e9sister \u00e0 des temp\u00e9ratures allant de -40\u00b0C \u00e0 +200\u00b0C, ce qui permet de les utiliser aussi bien dans les cong\u00e9lateurs (chocs) que dans les fours.<\/p>","protected":false},"featured_media":163401,"template":"","meta":{"_seopress_robots_primary_cat":"none","_seopress_titles_title":"","_seopress_titles_desc":"","_seopress_robots_index":""},"product_brand":[],"product_cat":[159,229,228,203],"product_tag":[],"woo-feed-brand":[],"class_list":{"0":"post-163400","1":"product","2":"type-product","3":"status-publish","4":"has-post-thumbnail","6":"product_cat-3dmolds","7":"product_cat-abstract","8":"product_cat-2dmolds","9":"product_cat-graphic","11":"first","12":"instock","13":"taxable","14":"shipping-taxable","15":"product-type-grouped"},"_links":{"self":[{"href":"https:\/\/shop.moldbrothers.com\/fr\/wp-json\/wp\/v2\/product\/163400","targetHints":{"allow":["GET"]}}],"collection":[{"href":"https:\/\/shop.moldbrothers.com\/fr\/wp-json\/wp\/v2\/product"}],"about":[{"href":"https:\/\/shop.moldbrothers.com\/fr\/wp-json\/wp\/v2\/types\/product"}],"wp:featuredmedia":[{"embeddable":true,"href":"https:\/\/shop.moldbrothers.com\/fr\/wp-json\/wp\/v2\/media\/163401"}],"wp:attachment":[{"href":"https:\/\/shop.moldbrothers.com\/fr\/wp-json\/wp\/v2\/media?parent=163400"}],"wp:term":[{"taxonomy":"product_brand","embeddable":true,"href":"https:\/\/shop.moldbrothers.com\/fr\/wp-json\/wp\/v2\/product_brand?post=163400"},{"taxonomy":"product_cat","embeddable":true,"href":"https:\/\/shop.moldbrothers.com\/fr\/wp-json\/wp\/v2\/product_cat?post=163400"},{"taxonomy":"product_tag","embeddable":true,"href":"https:\/\/shop.moldbrothers.com\/fr\/wp-json\/wp\/v2\/product_tag?post=163400"},{"taxonomy":"woo-feed-brand","embeddable":true,"href":"https:\/\/shop.moldbrothers.com\/fr\/wp-json\/wp\/v2\/woo-feed-brand?post=163400"}],"curies":[{"name":"wp","href":"https:\/\/api.w.org\/{rel}","templated":true}]}}