{"id":162397,"date":"2024-04-04T11:55:00","date_gmt":"2024-04-04T09:55:00","guid":{"rendered":"https:\/\/shop.moldbrothers.com\/?post_type=product&#038;p=162397"},"modified":"2025-11-27T10:58:06","modified_gmt":"2025-11-27T09:58:06","slug":"lobster-stencil","status":"publish","type":"product","link":"https:\/\/shop.moldbrothers.com\/fr\/produit\/lobster-stencil\/","title":{"rendered":"Pochoir de homard"},"content":{"rendered":"","protected":false},"excerpt":{"rendered":"<p>Ce pochoir en forme de homard est fabriqu\u00e9 en polystyr\u00e8ne d'une \u00e9paisseur de 1 mm. Ce pochoir de 27 formes est parfait pour donner \u00e0 votre plat une ambiance marine croustillante.<\/p>\n<p>Le pochoir est\u00a0<strong>pas<\/strong> Ils ne sont pas lavables au lave-vaisselle et ne peuvent pas \u00eatre utilis\u00e9s au four.<br \/>\nNous recommandons de rincer le pochoir \u00e0 l'eau ti\u00e8de (40\u00b0C) sans utiliser de produits de nettoyage.<\/p>","protected":false},"featured_media":162473,"template":"","meta":{"_seopress_robots_primary_cat":"none","_seopress_titles_title":"","_seopress_titles_desc":"","_seopress_robots_index":""},"product_brand":[],"product_cat":[170,198],"product_tag":[641,497,659,851,850,1011,498,494,557],"woo-feed-brand":[],"class_list":{"0":"post-162397","1":"product","2":"type-product","3":"status-publish","4":"has-post-thumbnail","6":"product_cat-stencils","7":"product_cat-a3-stencils","8":"product_tag-crab","9":"product_tag-fish","10":"product_tag-langoustine","11":"product_tag-lobster","12":"product_tag-new","13":"product_tag-pochoir","14":"product_tag-sea","15":"product_tag-spring","16":"product_tag-stencil","18":"first","19":"instock","20":"taxable","21":"shipping-taxable","22":"purchasable","23":"product-type-simple"},"_links":{"self":[{"href":"https:\/\/shop.moldbrothers.com\/fr\/wp-json\/wp\/v2\/product\/162397","targetHints":{"allow":["GET"]}}],"collection":[{"href":"https:\/\/shop.moldbrothers.com\/fr\/wp-json\/wp\/v2\/product"}],"about":[{"href":"https:\/\/shop.moldbrothers.com\/fr\/wp-json\/wp\/v2\/types\/product"}],"wp:featuredmedia":[{"embeddable":true,"href":"https:\/\/shop.moldbrothers.com\/fr\/wp-json\/wp\/v2\/media\/162473"}],"wp:attachment":[{"href":"https:\/\/shop.moldbrothers.com\/fr\/wp-json\/wp\/v2\/media?parent=162397"}],"wp:term":[{"taxonomy":"product_brand","embeddable":true,"href":"https:\/\/shop.moldbrothers.com\/fr\/wp-json\/wp\/v2\/product_brand?post=162397"},{"taxonomy":"product_cat","embeddable":true,"href":"https:\/\/shop.moldbrothers.com\/fr\/wp-json\/wp\/v2\/product_cat?post=162397"},{"taxonomy":"product_tag","embeddable":true,"href":"https:\/\/shop.moldbrothers.com\/fr\/wp-json\/wp\/v2\/product_tag?post=162397"},{"taxonomy":"woo-feed-brand","embeddable":true,"href":"https:\/\/shop.moldbrothers.com\/fr\/wp-json\/wp\/v2\/woo-feed-brand?post=162397"}],"curies":[{"name":"wp","href":"https:\/\/api.w.org\/{rel}","templated":true}]}}