{"id":162396,"date":"2024-04-04T11:55:00","date_gmt":"2024-04-04T09:55:00","guid":{"rendered":"https:\/\/shop.moldbrothers.com\/?post_type=product&#038;p=162396"},"modified":"2026-03-12T10:01:01","modified_gmt":"2026-03-12T09:01:01","slug":"bunuelos-spiral","status":"publish","type":"product","link":"https:\/\/shop.moldbrothers.com\/fr\/produit\/bunuelos-spiral\/","title":{"rendered":"Bu\u00f1uelos en spirale"},"content":{"rendered":"","protected":false},"excerpt":{"rendered":"<p>Ce tampon Bu\u00f1uelos en aluminium de haute qualit\u00e9, en forme de spirale, est parfait pour les pr\u00e9parations chaudes et froides. Elle est id\u00e9ale pour cr\u00e9er des tartelettes \u00e0 la p\u00e2te croustillante qui peuvent \u00eatre remplies par la suite, ce qui donne une touche d'\u00e9l\u00e9gance \u00e0 n'importe quel plat.<\/p>","protected":false},"featured_media":162469,"template":"","meta":{"_seopress_robots_primary_cat":"none","_seopress_titles_title":"","_seopress_titles_desc":"","_seopress_robots_index":""},"product_brand":[],"product_cat":[362],"product_tag":[507,508,523,602,912,595,850,599,848,849,494,596,598,597],"woo-feed-brand":[],"class_list":{"0":"post-162396","1":"product","2":"type-product","3":"status-publish","4":"has-post-thumbnail","6":"product_cat-bunuelos-pie-tee","7":"product_tag-batter","8":"product_tag-beslag","9":"product_tag-bloem","10":"product_tag-bunuelos","11":"product_tag-croustade","12":"product_tag-fry","13":"product_tag-new","14":"product_tag-oil","15":"product_tag-spiraal","16":"product_tag-spiral","17":"product_tag-spring","18":"product_tag-stamp","19":"product_tag-tool","20":"product_tag-tools","22":"first","23":"instock","24":"taxable","25":"shipping-taxable","26":"purchasable","27":"product-type-simple"},"_links":{"self":[{"href":"https:\/\/shop.moldbrothers.com\/fr\/wp-json\/wp\/v2\/product\/162396","targetHints":{"allow":["GET"]}}],"collection":[{"href":"https:\/\/shop.moldbrothers.com\/fr\/wp-json\/wp\/v2\/product"}],"about":[{"href":"https:\/\/shop.moldbrothers.com\/fr\/wp-json\/wp\/v2\/types\/product"}],"wp:featuredmedia":[{"embeddable":true,"href":"https:\/\/shop.moldbrothers.com\/fr\/wp-json\/wp\/v2\/media\/162469"}],"wp:attachment":[{"href":"https:\/\/shop.moldbrothers.com\/fr\/wp-json\/wp\/v2\/media?parent=162396"}],"wp:term":[{"taxonomy":"product_brand","embeddable":true,"href":"https:\/\/shop.moldbrothers.com\/fr\/wp-json\/wp\/v2\/product_brand?post=162396"},{"taxonomy":"product_cat","embeddable":true,"href":"https:\/\/shop.moldbrothers.com\/fr\/wp-json\/wp\/v2\/product_cat?post=162396"},{"taxonomy":"product_tag","embeddable":true,"href":"https:\/\/shop.moldbrothers.com\/fr\/wp-json\/wp\/v2\/product_tag?post=162396"},{"taxonomy":"woo-feed-brand","embeddable":true,"href":"https:\/\/shop.moldbrothers.com\/fr\/wp-json\/wp\/v2\/woo-feed-brand?post=162396"}],"curies":[{"name":"wp","href":"https:\/\/api.w.org\/{rel}","templated":true}]}}