{"id":162363,"date":"2024-04-04T12:57:00","date_gmt":"2024-04-04T10:57:00","guid":{"rendered":"https:\/\/shop.moldbrothers.com\/?post_type=product&#038;p=162363"},"modified":"2025-10-20T12:28:37","modified_gmt":"2025-10-20T10:28:37","slug":"honey-flower-tuille-x-thibaut-honajzer","status":"publish","type":"product","link":"https:\/\/shop.moldbrothers.com\/fr\/produit\/honey-flower-tuille-x-thibaut-honajzer\/","title":{"rendered":"Fleur de miel Tuille X Thibaut Honajzer"},"content":{"rendered":"<div class=\"wp-block-columns is-layout-flex wp-container-core-columns-is-layout-9d6595d7 wp-block-columns-is-layout-flex\">\n<div class=\"wp-block-column is-vertically-aligned-center is-layout-flow wp-block-column-is-layout-flow\" style=\"flex-basis:50%\"><div class=\"wp-block-image is-style-default\">\n<figure class=\"alignright size-full\"><a href=\"https:\/\/shop.moldbrothers.com\/wp-content\/uploads\/2024\/04\/IMG_1746.jpeg\"><img decoding=\"async\" width=\"1179\" height=\"1160\" src=\"https:\/\/shop.moldbrothers.com\/wp-content\/uploads\/2024\/04\/IMG_1746.jpeg\" alt=\"\" class=\"wp-image-162657\" style=\"object-fit:cover\" srcset=\"https:\/\/shop.moldbrothers.com\/wp-content\/uploads\/2024\/04\/IMG_1746.jpeg 1179w, https:\/\/shop.moldbrothers.com\/wp-content\/uploads\/2024\/04\/IMG_1746-768x756.jpeg 768w, https:\/\/shop.moldbrothers.com\/wp-content\/uploads\/2024\/04\/IMG_1746-12x12.jpeg 12w, https:\/\/shop.moldbrothers.com\/wp-content\/uploads\/2024\/04\/IMG_1746-1024x1007.jpeg 1024w\" sizes=\"(max-width: 1179px) 100vw, 1179px\" \/><\/a><\/figure>\n<\/div><\/div>\n\n\n\n<div class=\"wp-block-column is-layout-flow wp-block-column-is-layout-flow\" style=\"flex-basis:35.09%\">\n<h6 class=\"wp-block-heading\">Collaboration<\/h6>\n\n\n\n<h2 class=\"wp-block-heading\">\u00c0 propos du chef<\/h2>\n\n\n\n<p><br>Thibaut Honajzer, chef p\u00e2tissier aux exp\u00e9riences diverses en France, \u00e0 Londres, \u00e0 New York et en Suisse, il rencontre la chef Anne-Sophie Pic en 2018, et partage sa passion pour la cuisine v\u00e9g\u00e9tale. Apr\u00e8s avoir pass\u00e9 cinq ans au sein de son groupe, dont quatre ans dans son restaurant deux \u00e9toiles Michelin \u00e0 Lausanne, il ouvre sa propre p\u00e2tisserie, The <a href=\"https:\/\/thesweetsage.com\/\" data-type=\"link\" data-id=\"https:\/\/thesweetsage.com\/\">Sauge douce<\/a>Il se rendra \u00e0 Lausanne en 2023. Il y met en avant sa cr\u00e9ativit\u00e9 et son go\u00fbt raffin\u00e9, en soulignant l'essence de chaque ingr\u00e9dient. C'est le d\u00e9but d'une nouvelle aventure o\u00f9 il pourra partager son univers culinaire p\u00e2tissier avec d'autres.<\/p>\n\n\n\n<figure class=\"wp-block-image size-full is-resized\"><a href=\"https:\/\/shop.moldbrothers.com\/wp-content\/uploads\/2024\/04\/Macaron_CremeVert-1024x1024-1.png\"><img decoding=\"async\" width=\"1024\" height=\"1024\" src=\"https:\/\/shop.moldbrothers.com\/wp-content\/uploads\/2024\/04\/Macaron_CremeVert-1024x1024-1.png\" alt=\"\" class=\"wp-image-162656\" style=\"width:160px\" srcset=\"https:\/\/shop.moldbrothers.com\/wp-content\/uploads\/2024\/04\/Macaron_CremeVert-1024x1024-1.png 1024w, https:\/\/shop.moldbrothers.com\/wp-content\/uploads\/2024\/04\/Macaron_CremeVert-1024x1024-1-150x150.png 150w, https:\/\/shop.moldbrothers.com\/wp-content\/uploads\/2024\/04\/Macaron_CremeVert-1024x1024-1-768x768.png 768w, https:\/\/shop.moldbrothers.com\/wp-content\/uploads\/2024\/04\/Macaron_CremeVert-1024x1024-1-12x12.png 12w, https:\/\/shop.moldbrothers.com\/wp-content\/uploads\/2024\/04\/Macaron_CremeVert-1024x1024-1-100x100.png 100w\" sizes=\"(max-width: 1024px) 100vw, 1024px\" \/><\/a><\/figure>\n<\/div>\n<\/div>\n\n\n\n<p><\/p>","protected":false},"excerpt":{"rendered":"<p>Ce moule en silicone de haute qualit\u00e9, en forme de fleur de miel, comporte 4 formes et est fabriqu\u00e9 en silicone alimentaire 100%. Il peut r\u00e9sister \u00e0 des temp\u00e9ratures allant de -40\u00b0C \u00e0 +200\u00b0C, ce qui permet de l'utiliser aussi bien dans les cong\u00e9lateurs \u00e0 chocs que dans les fours.<\/p>\n<p><em>Thibaut Honajzer, The Sweet Sage<\/em><\/p>","protected":false},"featured_media":162442,"template":"","meta":{"_seopress_robots_primary_cat":"none","_seopress_titles_title":"","_seopress_titles_desc":"","_seopress_robots_index":""},"product_brand":[],"product_cat":[228,237],"product_tag":[833,657,834,494,782,832,558],"woo-feed-brand":[],"class_list":{"0":"post-162363","1":"product","2":"type-product","3":"status-publish","4":"has-post-thumbnail","6":"product_cat-2dmolds","7":"product_cat-natural","8":"product_tag-flower-tuille","9":"product_tag-honey","10":"product_tag-honig","11":"product_tag-spring","12":"product_tag-summer","13":"product_tag-thibaut","14":"product_tag-tuille","16":"first","17":"instock","18":"taxable","19":"shipping-taxable","20":"purchasable","21":"product-type-simple"},"_links":{"self":[{"href":"https:\/\/shop.moldbrothers.com\/fr\/wp-json\/wp\/v2\/product\/162363","targetHints":{"allow":["GET"]}}],"collection":[{"href":"https:\/\/shop.moldbrothers.com\/fr\/wp-json\/wp\/v2\/product"}],"about":[{"href":"https:\/\/shop.moldbrothers.com\/fr\/wp-json\/wp\/v2\/types\/product"}],"wp:featuredmedia":[{"embeddable":true,"href":"https:\/\/shop.moldbrothers.com\/fr\/wp-json\/wp\/v2\/media\/162442"}],"wp:attachment":[{"href":"https:\/\/shop.moldbrothers.com\/fr\/wp-json\/wp\/v2\/media?parent=162363"}],"wp:term":[{"taxonomy":"product_brand","embeddable":true,"href":"https:\/\/shop.moldbrothers.com\/fr\/wp-json\/wp\/v2\/product_brand?post=162363"},{"taxonomy":"product_cat","embeddable":true,"href":"https:\/\/shop.moldbrothers.com\/fr\/wp-json\/wp\/v2\/product_cat?post=162363"},{"taxonomy":"product_tag","embeddable":true,"href":"https:\/\/shop.moldbrothers.com\/fr\/wp-json\/wp\/v2\/product_tag?post=162363"},{"taxonomy":"woo-feed-brand","embeddable":true,"href":"https:\/\/shop.moldbrothers.com\/fr\/wp-json\/wp\/v2\/woo-feed-brand?post=162363"}],"curies":[{"name":"wp","href":"https:\/\/api.w.org\/{rel}","templated":true}]}}