{"id":161148,"date":"2024-02-29T13:23:51","date_gmt":"2024-02-29T12:23:51","guid":{"rendered":"https:\/\/shop.moldbrothers.com\/?post_type=product&#038;p=161148"},"modified":"2024-04-09T12:29:05","modified_gmt":"2024-04-09T10:29:05","slug":"flower-8-cutters","status":"publish","type":"product","link":"https:\/\/shop.moldbrothers.com\/fr\/produit\/flower-8-cutters\/","title":{"rendered":"Coupe-fleurs 8"},"content":{"rendered":"","protected":false},"excerpt":{"rendered":"<p>Voici nos cutters en plastique Flower 8, con\u00e7us pour stimuler vos talents culinaires ! Con\u00e7us pour \u00eatre pr\u00e9cis et pratiques, ces emporte-pi\u00e8ces sont parfaits pour fa\u00e7onner des gel\u00e9es, des l\u00e9gumes (cuits), des fruits et bien plus encore. Disponibles en quatre tailles polyvalentes, allant d'environ 1 \u00e0 5 cm.<\/p>\n<p>Bien que ces cutters puissent \u00eatre lav\u00e9s au lave-vaisselle, nous recommandons d'utiliser une temp\u00e9rature plus basse afin de pr\u00e9server l'int\u00e9grit\u00e9 des propri\u00e9t\u00e9s thermiques du plastique. Pour une long\u00e9vit\u00e9 optimale, il est conseill\u00e9 de les laver \u00e0 la main.<\/p>","protected":false},"featured_media":161160,"template":"","meta":{"_seopress_robots_primary_cat":"none","_seopress_titles_title":"","_seopress_titles_desc":"","_seopress_robots_index":"yes"},"product_brand":[],"product_cat":[192,231],"product_tag":[790,786,789,788,787],"woo-feed-brand":[],"class_list":{"0":"post-161148","1":"product","2":"type-product","3":"status-publish","4":"has-post-thumbnail","6":"product_cat-kitchen-essentials","7":"product_cat-hidden","8":"product_tag-cut","9":"product_tag-cutter","10":"product_tag-plastic","11":"product_tag-punch","12":"product_tag-puncher","14":"first","15":"instock","16":"taxable","17":"shipping-taxable","18":"purchasable","19":"product-type-simple"},"_links":{"self":[{"href":"https:\/\/shop.moldbrothers.com\/fr\/wp-json\/wp\/v2\/product\/161148","targetHints":{"allow":["GET"]}}],"collection":[{"href":"https:\/\/shop.moldbrothers.com\/fr\/wp-json\/wp\/v2\/product"}],"about":[{"href":"https:\/\/shop.moldbrothers.com\/fr\/wp-json\/wp\/v2\/types\/product"}],"wp:featuredmedia":[{"embeddable":true,"href":"https:\/\/shop.moldbrothers.com\/fr\/wp-json\/wp\/v2\/media\/161160"}],"wp:attachment":[{"href":"https:\/\/shop.moldbrothers.com\/fr\/wp-json\/wp\/v2\/media?parent=161148"}],"wp:term":[{"taxonomy":"product_brand","embeddable":true,"href":"https:\/\/shop.moldbrothers.com\/fr\/wp-json\/wp\/v2\/product_brand?post=161148"},{"taxonomy":"product_cat","embeddable":true,"href":"https:\/\/shop.moldbrothers.com\/fr\/wp-json\/wp\/v2\/product_cat?post=161148"},{"taxonomy":"product_tag","embeddable":true,"href":"https:\/\/shop.moldbrothers.com\/fr\/wp-json\/wp\/v2\/product_tag?post=161148"},{"taxonomy":"woo-feed-brand","embeddable":true,"href":"https:\/\/shop.moldbrothers.com\/fr\/wp-json\/wp\/v2\/woo-feed-brand?post=161148"}],"curies":[{"name":"wp","href":"https:\/\/api.w.org\/{rel}","templated":true}]}}