{"id":161085,"date":"2024-02-28T15:55:40","date_gmt":"2024-02-28T14:55:40","guid":{"rendered":"https:\/\/shop.moldbrothers.com\/?post_type=product&#038;p=161085"},"modified":"2025-05-02T08:09:14","modified_gmt":"2025-05-02T06:09:14","slug":"wild-flower-mold","status":"publish","type":"product","link":"https:\/\/shop.moldbrothers.com\/fr\/produit\/wild-flower-mold\/","title":{"rendered":"Fleur sauvage Mold"},"content":{"rendered":"","protected":false},"excerpt":{"rendered":"<p>Ce moule en silicone de haute qualit\u00e9, repr\u00e9sentant diff\u00e9rentes brindilles, fleurs et autres \u00e9l\u00e9ments naturels, contient 3 formes et est fabriqu\u00e9 en silicone alimentaire 100%. Le moule peut r\u00e9sister \u00e0 des temp\u00e9ratures allant de -40\u00b0C \u00e0 +200\u00b0C, ce qui permet de l'utiliser aussi bien dans les cong\u00e9lateurs (chocs) que dans les fours.<\/p>","protected":false},"featured_media":161090,"template":"","meta":{"_seopress_robots_primary_cat":"none","_seopress_titles_title":"","_seopress_titles_desc":"","_seopress_robots_index":""},"product_brand":[],"product_cat":[159,194],"product_tag":[524,783,780,530,494,782,781],"woo-feed-brand":[],"class_list":{"0":"post-161085","1":"product","2":"type-product","3":"status-publish","4":"has-post-thumbnail","6":"product_cat-3dmolds","7":"product_cat-realistic","8":"product_tag-flower","9":"product_tag-grain","10":"product_tag-herb","11":"product_tag-nature","12":"product_tag-spring","13":"product_tag-summer","14":"product_tag-twig","16":"first","17":"instock","18":"taxable","19":"shipping-taxable","20":"purchasable","21":"product-type-simple"},"_links":{"self":[{"href":"https:\/\/shop.moldbrothers.com\/fr\/wp-json\/wp\/v2\/product\/161085","targetHints":{"allow":["GET"]}}],"collection":[{"href":"https:\/\/shop.moldbrothers.com\/fr\/wp-json\/wp\/v2\/product"}],"about":[{"href":"https:\/\/shop.moldbrothers.com\/fr\/wp-json\/wp\/v2\/types\/product"}],"wp:featuredmedia":[{"embeddable":true,"href":"https:\/\/shop.moldbrothers.com\/fr\/wp-json\/wp\/v2\/media\/161090"}],"wp:attachment":[{"href":"https:\/\/shop.moldbrothers.com\/fr\/wp-json\/wp\/v2\/media?parent=161085"}],"wp:term":[{"taxonomy":"product_brand","embeddable":true,"href":"https:\/\/shop.moldbrothers.com\/fr\/wp-json\/wp\/v2\/product_brand?post=161085"},{"taxonomy":"product_cat","embeddable":true,"href":"https:\/\/shop.moldbrothers.com\/fr\/wp-json\/wp\/v2\/product_cat?post=161085"},{"taxonomy":"product_tag","embeddable":true,"href":"https:\/\/shop.moldbrothers.com\/fr\/wp-json\/wp\/v2\/product_tag?post=161085"},{"taxonomy":"woo-feed-brand","embeddable":true,"href":"https:\/\/shop.moldbrothers.com\/fr\/wp-json\/wp\/v2\/woo-feed-brand?post=161085"}],"curies":[{"name":"wp","href":"https:\/\/api.w.org\/{rel}","templated":true}]}}