{"id":160644,"date":"2024-02-20T15:05:07","date_gmt":"2024-02-20T14:05:07","guid":{"rendered":"https:\/\/shop.moldbrothers.com\/?post_type=product&#038;p=160644"},"modified":"2025-09-30T10:54:57","modified_gmt":"2025-09-30T08:54:57","slug":"wave-pressing-stencil","status":"publish","type":"product","link":"https:\/\/shop.moldbrothers.com\/fr\/produit\/wave-pressing-stencil\/","title":{"rendered":"Pressage des vagues - Pochoir"},"content":{"rendered":"","protected":false},"excerpt":{"rendered":"<p>Un moule en silicone de haute qualit\u00e9 en forme de vague. Le moule pr\u00e9sente une forme unique et est fabriqu\u00e9 en silicone alimentaire 100%. Le pochoir, en forme de poutre, est fabriqu\u00e9 en acrylique de 1 mm d'\u00e9paisseur et contient 20 formes, parfaitement con\u00e7ues pour \u00eatre utilis\u00e9es avec la presse \u00e0 vagues.<\/p>\n<p>Le pochoir ne passe pas au lave-vaisselle. Nous recommandons de le rincer \u00e0 l'eau ti\u00e8de (40\u00b0C) sans utiliser de produits de nettoyage. Le moule r\u00e9siste \u00e0 des temp\u00e9ratures allant de -40\u00b0C \u00e0 +200\u00b0C, ce qui permet de l'utiliser aussi bien dans les cong\u00e9lateurs (chocs) que dans les fours.<\/p>","protected":false},"featured_media":160634,"template":"","meta":{"_seopress_robots_primary_cat":"none","_seopress_titles_title":"","_seopress_titles_desc":"","_seopress_robots_index":"yes"},"product_brand":[],"product_cat":[170,198,231],"product_tag":[775,771,772,773,774,770],"woo-feed-brand":[],"class_list":{"0":"post-160644","1":"product","2":"type-product","3":"status-publish","4":"has-post-thumbnail","6":"product_cat-stencils","7":"product_cat-a3-stencils","8":"product_cat-hidden","9":"product_tag-french","10":"product_tag-golf","11":"product_tag-mille-feuille","12":"product_tag-millefeuille","13":"product_tag-napoleon","14":"product_tag-wave","16":"first","17":"instock","18":"taxable","19":"shipping-taxable","20":"purchasable","21":"product-type-simple"},"_links":{"self":[{"href":"https:\/\/shop.moldbrothers.com\/fr\/wp-json\/wp\/v2\/product\/160644","targetHints":{"allow":["GET"]}}],"collection":[{"href":"https:\/\/shop.moldbrothers.com\/fr\/wp-json\/wp\/v2\/product"}],"about":[{"href":"https:\/\/shop.moldbrothers.com\/fr\/wp-json\/wp\/v2\/types\/product"}],"wp:featuredmedia":[{"embeddable":true,"href":"https:\/\/shop.moldbrothers.com\/fr\/wp-json\/wp\/v2\/media\/160634"}],"wp:attachment":[{"href":"https:\/\/shop.moldbrothers.com\/fr\/wp-json\/wp\/v2\/media?parent=160644"}],"wp:term":[{"taxonomy":"product_brand","embeddable":true,"href":"https:\/\/shop.moldbrothers.com\/fr\/wp-json\/wp\/v2\/product_brand?post=160644"},{"taxonomy":"product_cat","embeddable":true,"href":"https:\/\/shop.moldbrothers.com\/fr\/wp-json\/wp\/v2\/product_cat?post=160644"},{"taxonomy":"product_tag","embeddable":true,"href":"https:\/\/shop.moldbrothers.com\/fr\/wp-json\/wp\/v2\/product_tag?post=160644"},{"taxonomy":"woo-feed-brand","embeddable":true,"href":"https:\/\/shop.moldbrothers.com\/fr\/wp-json\/wp\/v2\/woo-feed-brand?post=160644"}],"curies":[{"name":"wp","href":"https:\/\/api.w.org\/{rel}","templated":true}]}}