{"id":157030,"date":"2023-12-20T09:47:36","date_gmt":"2023-12-20T08:47:36","guid":{"rendered":"https:\/\/shop.moldbrothers.com\/?post_type=product&#038;p=157030"},"modified":"2025-12-24T13:21:29","modified_gmt":"2025-12-24T12:21:29","slug":"moldbrothers-jeu-de-perforateur-4","status":"publish","type":"product","link":"https:\/\/shop.moldbrothers.com\/fr\/produit\/moldbrothers-jeu-de-perforateur-4\/","title":{"rendered":"Ensemble de perforateur"},"content":{"rendered":"","protected":false},"excerpt":{"rendered":"<p>Perforateurs ronds en acier inoxydable de haute qualit\u00e9 allant de 1,0 \u00e0 10,5 cm. Fabriqu\u00e9s en acier inoxydable solide, ces emporte-pi\u00e8ces r\u00e9sistent \u00e0 la rouille, restent tranchants au fil du temps et ne se d\u00e9forment pas sous la pression. Con\u00e7us pour la pr\u00e9cision et la durabilit\u00e9, ils sont parfaits pour toutes vos cr\u00e9ations culinaires.<\/p>","protected":false},"featured_media":157048,"template":"","meta":{"_seopress_robots_primary_cat":"none","_seopress_titles_title":"","_seopress_titles_desc":"","_seopress_robots_index":""},"product_brand":[],"product_cat":[192],"product_tag":[],"woo-feed-brand":[],"class_list":{"0":"post-157030","1":"product","2":"type-product","3":"status-publish","4":"has-post-thumbnail","6":"product_cat-kitchen-essentials","8":"first","9":"instock","10":"taxable","11":"shipping-taxable","12":"product-type-grouped"},"_links":{"self":[{"href":"https:\/\/shop.moldbrothers.com\/fr\/wp-json\/wp\/v2\/product\/157030","targetHints":{"allow":["GET"]}}],"collection":[{"href":"https:\/\/shop.moldbrothers.com\/fr\/wp-json\/wp\/v2\/product"}],"about":[{"href":"https:\/\/shop.moldbrothers.com\/fr\/wp-json\/wp\/v2\/types\/product"}],"wp:featuredmedia":[{"embeddable":true,"href":"https:\/\/shop.moldbrothers.com\/fr\/wp-json\/wp\/v2\/media\/157048"}],"wp:attachment":[{"href":"https:\/\/shop.moldbrothers.com\/fr\/wp-json\/wp\/v2\/media?parent=157030"}],"wp:term":[{"taxonomy":"product_brand","embeddable":true,"href":"https:\/\/shop.moldbrothers.com\/fr\/wp-json\/wp\/v2\/product_brand?post=157030"},{"taxonomy":"product_cat","embeddable":true,"href":"https:\/\/shop.moldbrothers.com\/fr\/wp-json\/wp\/v2\/product_cat?post=157030"},{"taxonomy":"product_tag","embeddable":true,"href":"https:\/\/shop.moldbrothers.com\/fr\/wp-json\/wp\/v2\/product_tag?post=157030"},{"taxonomy":"woo-feed-brand","embeddable":true,"href":"https:\/\/shop.moldbrothers.com\/fr\/wp-json\/wp\/v2\/woo-feed-brand?post=157030"}],"curies":[{"name":"wp","href":"https:\/\/api.w.org\/{rel}","templated":true}]}}