{"id":157028,"date":"2023-12-20T08:49:25","date_gmt":"2023-12-20T07:49:25","guid":{"rendered":"https:\/\/shop.moldbrothers.com\/?post_type=product&#038;p=157028"},"modified":"2025-12-05T10:44:49","modified_gmt":"2025-12-05T09:44:49","slug":"moldbrothers-jeu-de-perforateur-2","status":"publish","type":"product","link":"https:\/\/shop.moldbrothers.com\/fr\/produit\/moldbrothers-jeu-de-perforateur-2\/","title":{"rendered":"Jeu de poin\u00e7ons - Extension"},"content":{"rendered":"","protected":false},"excerpt":{"rendered":"<p>Perforateurs ronds en acier inoxydable de haute qualit\u00e9, 10 pi\u00e8ces allant de 1,5 \u00e0 10,5 cm. Fabriqu\u00e9s en acier inoxydable solide, ces emporte-pi\u00e8ces r\u00e9sistent \u00e0 la rouille, restent tranchants pendant des ann\u00e9es et ne se d\u00e9forment jamais. Faites l'exp\u00e9rience de la pr\u00e9cision et de la durabilit\u00e9 - choisissez la meilleure qualit\u00e9 pour tous vos projets culinaires.<\/p>","protected":false},"featured_media":157035,"template":"","meta":{"_seopress_robots_primary_cat":"none","_seopress_titles_title":"","_seopress_titles_desc":"","_seopress_robots_index":"yes"},"product_brand":[],"product_cat":[192,231],"product_tag":[],"woo-feed-brand":[],"class_list":{"0":"post-157028","1":"product","2":"type-product","3":"status-publish","4":"has-post-thumbnail","6":"product_cat-kitchen-essentials","7":"product_cat-hidden","9":"first","10":"instock","11":"taxable","12":"shipping-taxable","13":"purchasable","14":"product-type-simple"},"_links":{"self":[{"href":"https:\/\/shop.moldbrothers.com\/fr\/wp-json\/wp\/v2\/product\/157028","targetHints":{"allow":["GET"]}}],"collection":[{"href":"https:\/\/shop.moldbrothers.com\/fr\/wp-json\/wp\/v2\/product"}],"about":[{"href":"https:\/\/shop.moldbrothers.com\/fr\/wp-json\/wp\/v2\/types\/product"}],"wp:featuredmedia":[{"embeddable":true,"href":"https:\/\/shop.moldbrothers.com\/fr\/wp-json\/wp\/v2\/media\/157035"}],"wp:attachment":[{"href":"https:\/\/shop.moldbrothers.com\/fr\/wp-json\/wp\/v2\/media?parent=157028"}],"wp:term":[{"taxonomy":"product_brand","embeddable":true,"href":"https:\/\/shop.moldbrothers.com\/fr\/wp-json\/wp\/v2\/product_brand?post=157028"},{"taxonomy":"product_cat","embeddable":true,"href":"https:\/\/shop.moldbrothers.com\/fr\/wp-json\/wp\/v2\/product_cat?post=157028"},{"taxonomy":"product_tag","embeddable":true,"href":"https:\/\/shop.moldbrothers.com\/fr\/wp-json\/wp\/v2\/product_tag?post=157028"},{"taxonomy":"woo-feed-brand","embeddable":true,"href":"https:\/\/shop.moldbrothers.com\/fr\/wp-json\/wp\/v2\/woo-feed-brand?post=157028"}],"curies":[{"name":"wp","href":"https:\/\/api.w.org\/{rel}","templated":true}]}}