{"id":153656,"date":"2022-12-15T15:56:00","date_gmt":"2022-12-15T14:56:00","guid":{"rendered":"https:\/\/shop.moldbrothers.com\/?post_type=product&#038;p=153656"},"modified":"2025-11-26T11:38:28","modified_gmt":"2025-11-26T10:38:28","slug":"snowflake-tuille-molds","status":"publish","type":"product","link":"https:\/\/shop.moldbrothers.com\/fr\/produit\/snowflake-tuille-molds\/","title":{"rendered":"Flocon de neige Tuille Molds"},"content":{"rendered":"","protected":false},"excerpt":{"rendered":"<p>Ces trois moules en silicone de haute qualit\u00e9, avec des formes de flocons de neige, contiennent un total de 5 formes et sont fabriqu\u00e9s en silicone alimentaire 100%. Les moules peuvent r\u00e9sister \u00e0 une temp\u00e9rature comprise entre -40\u00b0C et +200\u00b0C. Ils conviennent donc aussi bien au cong\u00e9lateur (choc) qu'au four. Ils conviennent donc aussi bien pour le cong\u00e9lateur (choc) que pour le four.<\/p>","protected":false},"featured_media":153640,"template":"","meta":{"_seopress_robots_primary_cat":"none","_seopress_titles_title":"","_seopress_titles_desc":"","_seopress_robots_index":""},"product_brand":[],"product_cat":[228,203,184],"product_tag":[504,1007,1006,503,999,1005,1003,1000,502,501,495,519,1002,500],"woo-feed-brand":[],"class_list":{"0":"post-153656","1":"product","2":"type-product","3":"status-publish","4":"has-post-thumbnail","6":"product_cat-2dmolds","7":"product_cat-graphic","8":"product_cat-highlighted-products","9":"product_tag-christmas","10":"product_tag-joulou","11":"product_tag-jul","12":"product_tag-kerst","13":"product_tag-merry","14":"product_tag-natal","15":"product_tag-navidad","16":"product_tag-noel","17":"product_tag-sneeuw","18":"product_tag-snow","19":"product_tag-tuile","20":"product_tag-tuille-forme","21":"product_tag-weihnachten","22":"product_tag-winter","24":"first","25":"instock","26":"sale","27":"taxable","28":"shipping-taxable","29":"product-type-grouped"},"_links":{"self":[{"href":"https:\/\/shop.moldbrothers.com\/fr\/wp-json\/wp\/v2\/product\/153656","targetHints":{"allow":["GET"]}}],"collection":[{"href":"https:\/\/shop.moldbrothers.com\/fr\/wp-json\/wp\/v2\/product"}],"about":[{"href":"https:\/\/shop.moldbrothers.com\/fr\/wp-json\/wp\/v2\/types\/product"}],"wp:featuredmedia":[{"embeddable":true,"href":"https:\/\/shop.moldbrothers.com\/fr\/wp-json\/wp\/v2\/media\/153640"}],"wp:attachment":[{"href":"https:\/\/shop.moldbrothers.com\/fr\/wp-json\/wp\/v2\/media?parent=153656"}],"wp:term":[{"taxonomy":"product_brand","embeddable":true,"href":"https:\/\/shop.moldbrothers.com\/fr\/wp-json\/wp\/v2\/product_brand?post=153656"},{"taxonomy":"product_cat","embeddable":true,"href":"https:\/\/shop.moldbrothers.com\/fr\/wp-json\/wp\/v2\/product_cat?post=153656"},{"taxonomy":"product_tag","embeddable":true,"href":"https:\/\/shop.moldbrothers.com\/fr\/wp-json\/wp\/v2\/product_tag?post=153656"},{"taxonomy":"woo-feed-brand","embeddable":true,"href":"https:\/\/shop.moldbrothers.com\/fr\/wp-json\/wp\/v2\/woo-feed-brand?post=153656"}],"curies":[{"name":"wp","href":"https:\/\/api.w.org\/{rel}","templated":true}]}}