{"id":153655,"date":"2022-11-15T15:54:00","date_gmt":"2022-11-15T14:54:00","guid":{"rendered":"https:\/\/shop.moldbrothers.com\/?post_type=product&#038;p=153655"},"modified":"2026-03-31T18:34:59","modified_gmt":"2026-03-31T16:34:59","slug":"bunuelos-snowflake","status":"publish","type":"product","link":"https:\/\/shop.moldbrothers.com\/fr\/produit\/bunuelos-snowflake\/","title":{"rendered":"Flocon de neige Bu\u00f1uelos"},"content":{"rendered":"","protected":false},"excerpt":{"rendered":"<p>Ce tampon en aluminium de haute qualit\u00e9, avec le contour d'un flocon de neige, est parfait pour les pr\u00e9parations chaudes et froides. Id\u00e9al pour cr\u00e9er des tartelettes ou des croustades \u00e0 la p\u00e2te fine et croustillante, qui peuvent ensuite \u00eatre fourr\u00e9es. Id\u00e9al pour des amuse-bouches raffin\u00e9s ou des petits en-cas, en particulier pendant les f\u00eates de fin d'ann\u00e9e.<\/p>","protected":false},"featured_media":153628,"template":"","meta":{"_seopress_robots_primary_cat":"none","_seopress_titles_title":"","_seopress_titles_desc":"","_seopress_robots_index":""},"product_brand":[],"product_cat":[362,184],"product_tag":[507,1027,508,523,602,504,1023,912,1022,1026,1025,595,1018,599,1019,1020,639,1024,596,757,1021,598,597,500],"woo-feed-brand":[],"class_list":{"0":"post-153655","1":"product","2":"type-product","3":"status-publish","4":"has-post-thumbnail","6":"product_cat-bunuelos-pie-tee","7":"product_cat-highlighted-products","8":"product_tag-batter","9":"product_tag-beignets","10":"product_tag-beslag","11":"product_tag-bloem","12":"product_tag-bunuelos","13":"product_tag-christmas","14":"product_tag-crisp","15":"product_tag-croustade","16":"product_tag-crust","17":"product_tag-fried","18":"product_tag-fritters","19":"product_tag-fry","20":"product_tag-iron","21":"product_tag-oil","22":"product_tag-pee-tee","23":"product_tag-pie","24":"product_tag-rosette","25":"product_tag-shell","26":"product_tag-stamp","27":"product_tag-tart","28":"product_tag-tie","29":"product_tag-tool","30":"product_tag-tools","31":"product_tag-winter","33":"first","34":"instock","35":"sale","36":"taxable","37":"shipping-taxable","38":"purchasable","39":"product-type-simple"},"_links":{"self":[{"href":"https:\/\/shop.moldbrothers.com\/fr\/wp-json\/wp\/v2\/product\/153655","targetHints":{"allow":["GET"]}}],"collection":[{"href":"https:\/\/shop.moldbrothers.com\/fr\/wp-json\/wp\/v2\/product"}],"about":[{"href":"https:\/\/shop.moldbrothers.com\/fr\/wp-json\/wp\/v2\/types\/product"}],"wp:featuredmedia":[{"embeddable":true,"href":"https:\/\/shop.moldbrothers.com\/fr\/wp-json\/wp\/v2\/media\/153628"}],"wp:attachment":[{"href":"https:\/\/shop.moldbrothers.com\/fr\/wp-json\/wp\/v2\/media?parent=153655"}],"wp:term":[{"taxonomy":"product_brand","embeddable":true,"href":"https:\/\/shop.moldbrothers.com\/fr\/wp-json\/wp\/v2\/product_brand?post=153655"},{"taxonomy":"product_cat","embeddable":true,"href":"https:\/\/shop.moldbrothers.com\/fr\/wp-json\/wp\/v2\/product_cat?post=153655"},{"taxonomy":"product_tag","embeddable":true,"href":"https:\/\/shop.moldbrothers.com\/fr\/wp-json\/wp\/v2\/product_tag?post=153655"},{"taxonomy":"woo-feed-brand","embeddable":true,"href":"https:\/\/shop.moldbrothers.com\/fr\/wp-json\/wp\/v2\/woo-feed-brand?post=153655"}],"curies":[{"name":"wp","href":"https:\/\/api.w.org\/{rel}","templated":true}]}}