{"id":153653,"date":"2023-11-15T15:53:00","date_gmt":"2023-11-15T14:53:00","guid":{"rendered":"https:\/\/shop.moldbrothers.com\/?post_type=product&#038;p=153653"},"modified":"2026-01-27T13:58:55","modified_gmt":"2026-01-27T12:58:55","slug":"tourne-mold-small","status":"publish","type":"product","link":"https:\/\/shop.moldbrothers.com\/fr\/produit\/tourne-mold-small\/","title":{"rendered":"Tourn\u00e9 Mold Small"},"content":{"rendered":"","protected":false},"excerpt":{"rendered":"<p>Ce moule en silicone de haute qualit\u00e9, avec la forme d'une petite forme inspir\u00e9e du Tourn\u00e9, contient 8 formes et est fabriqu\u00e9 en silicone alimentaire 100%. Le moule peut r\u00e9sister \u00e0 une temp\u00e9rature comprise entre -40\u00b0C et +200\u00b0C. Il convient donc aussi bien pour le cong\u00e9lateur (choc) que pour le four.<\/p>","protected":false},"featured_media":153634,"template":"","meta":{"_seopress_robots_primary_cat":"none","_seopress_titles_title":"","_seopress_titles_desc":"","_seopress_robots_index":""},"product_brand":[],"product_cat":[159,229],"product_tag":[1454,566,504,1437,1451,1453,820,1448,1007,1006,503,999,559,607,565,1005,1004,1003,1000,1450,649,1008,1452,589,1449,1002,500],"woo-feed-brand":[],"class_list":{"0":"post-153653","1":"product","2":"type-product","3":"status-publish","4":"has-post-thumbnail","6":"product_cat-3dmolds","7":"product_cat-abstract","8":"product_tag-buche","9":"product_tag-chocolate","10":"product_tag-christmas","11":"product_tag-festive","12":"product_tag-gift","13":"product_tag-gold","14":"product_tag-green","15":"product_tag-holiday","16":"product_tag-joulou","17":"product_tag-jul","18":"product_tag-kerst","19":"product_tag-merry","20":"product_tag-moule","21":"product_tag-mous","22":"product_tag-mousse","23":"product_tag-natal","24":"product_tag-natale","25":"product_tag-navidad","26":"product_tag-noel","27":"product_tag-ornament","28":"product_tag-red","29":"product_tag-snowflake","30":"product_tag-spice","31":"product_tag-star","32":"product_tag-tree","33":"product_tag-weihnachten","34":"product_tag-winter","36":"first","37":"instock","38":"taxable","39":"shipping-taxable","40":"purchasable","41":"product-type-simple"},"_links":{"self":[{"href":"https:\/\/shop.moldbrothers.com\/fr\/wp-json\/wp\/v2\/product\/153653","targetHints":{"allow":["GET"]}}],"collection":[{"href":"https:\/\/shop.moldbrothers.com\/fr\/wp-json\/wp\/v2\/product"}],"about":[{"href":"https:\/\/shop.moldbrothers.com\/fr\/wp-json\/wp\/v2\/types\/product"}],"wp:featuredmedia":[{"embeddable":true,"href":"https:\/\/shop.moldbrothers.com\/fr\/wp-json\/wp\/v2\/media\/153634"}],"wp:attachment":[{"href":"https:\/\/shop.moldbrothers.com\/fr\/wp-json\/wp\/v2\/media?parent=153653"}],"wp:term":[{"taxonomy":"product_brand","embeddable":true,"href":"https:\/\/shop.moldbrothers.com\/fr\/wp-json\/wp\/v2\/product_brand?post=153653"},{"taxonomy":"product_cat","embeddable":true,"href":"https:\/\/shop.moldbrothers.com\/fr\/wp-json\/wp\/v2\/product_cat?post=153653"},{"taxonomy":"product_tag","embeddable":true,"href":"https:\/\/shop.moldbrothers.com\/fr\/wp-json\/wp\/v2\/product_tag?post=153653"},{"taxonomy":"woo-feed-brand","embeddable":true,"href":"https:\/\/shop.moldbrothers.com\/fr\/wp-json\/wp\/v2\/woo-feed-brand?post=153653"}],"curies":[{"name":"wp","href":"https:\/\/api.w.org\/{rel}","templated":true}]}}