{"id":150870,"date":"2023-09-28T15:05:00","date_gmt":"2023-09-28T13:05:00","guid":{"rendered":"https:\/\/shop.moldbrothers.com\/?post_type=product&#038;p=150870"},"modified":"2025-10-20T14:41:34","modified_gmt":"2025-10-20T12:41:34","slug":"astral-mold","status":"publish","type":"product","link":"https:\/\/shop.moldbrothers.com\/fr\/produit\/astral-mold\/","title":{"rendered":"Astral Mold"},"content":{"rendered":"","protected":false},"excerpt":{"rendered":"<p>Ce moule en silicone de haute qualit\u00e9, en forme d'\u00e9toile, contient 6 formes et est fabriqu\u00e9 en silicone alimentaire 100%. Le moule peut r\u00e9sister \u00e0 une temp\u00e9rature comprise entre -40\u00b0C et +200\u00b0C. Il convient donc aussi bien au cong\u00e9lateur (choc) qu'au four. Il convient donc aussi bien pour le cong\u00e9lateur (choc) que pour le four.<\/p>","protected":false},"featured_media":150893,"template":"","meta":{"_seopress_robots_primary_cat":"none","_seopress_titles_title":"","_seopress_titles_desc":"","_seopress_robots_index":""},"product_brand":[],"product_cat":[159,229],"product_tag":[560,566,588,619,606,607,565,589,590],"woo-feed-brand":[],"class_list":{"0":"post-150870","1":"product","2":"type-product","3":"status-publish","4":"has-post-thumbnail","6":"product_cat-3dmolds","7":"product_cat-abstract","8":"product_tag-choco","9":"product_tag-chocolate","10":"product_tag-michelin","11":"product_tag-moul","12":"product_tag-moulle","13":"product_tag-mous","14":"product_tag-mousse","15":"product_tag-star","16":"product_tag-ster","18":"first","19":"instock","20":"taxable","21":"shipping-taxable","22":"purchasable","23":"product-type-simple"},"_links":{"self":[{"href":"https:\/\/shop.moldbrothers.com\/fr\/wp-json\/wp\/v2\/product\/150870","targetHints":{"allow":["GET"]}}],"collection":[{"href":"https:\/\/shop.moldbrothers.com\/fr\/wp-json\/wp\/v2\/product"}],"about":[{"href":"https:\/\/shop.moldbrothers.com\/fr\/wp-json\/wp\/v2\/types\/product"}],"wp:featuredmedia":[{"embeddable":true,"href":"https:\/\/shop.moldbrothers.com\/fr\/wp-json\/wp\/v2\/media\/150893"}],"wp:attachment":[{"href":"https:\/\/shop.moldbrothers.com\/fr\/wp-json\/wp\/v2\/media?parent=150870"}],"wp:term":[{"taxonomy":"product_brand","embeddable":true,"href":"https:\/\/shop.moldbrothers.com\/fr\/wp-json\/wp\/v2\/product_brand?post=150870"},{"taxonomy":"product_cat","embeddable":true,"href":"https:\/\/shop.moldbrothers.com\/fr\/wp-json\/wp\/v2\/product_cat?post=150870"},{"taxonomy":"product_tag","embeddable":true,"href":"https:\/\/shop.moldbrothers.com\/fr\/wp-json\/wp\/v2\/product_tag?post=150870"},{"taxonomy":"woo-feed-brand","embeddable":true,"href":"https:\/\/shop.moldbrothers.com\/fr\/wp-json\/wp\/v2\/woo-feed-brand?post=150870"}],"curies":[{"name":"wp","href":"https:\/\/api.w.org\/{rel}","templated":true}]}}