{"id":147278,"date":"2023-08-11T13:43:55","date_gmt":"2023-08-11T11:43:55","guid":{"rendered":"https:\/\/shop.moldbrothers.com\/?post_type=product&#038;p=147278"},"modified":"2025-04-24T13:36:15","modified_gmt":"2025-04-24T11:36:15","slug":"jules-cooking-x-moldbrothers-piping-molds","status":"publish","type":"product","link":"https:\/\/shop.moldbrothers.com\/fr\/produit\/jules-cooking-x-moldbrothers-piping-molds\/","title":{"rendered":"Jules Cooking x MoldBrothers Piping Molds"},"content":{"rendered":"<div class=\"grid grid-cols-1 lg:grid-cols-2 lg:gap-12\"><div class=\"col-span-1 self-center\"><figure class=\"h-[clamp(200px,40vw,600px)!important]\"><img decoding=\"async\" class=\"w-full h-full object-cover object-center rounded-2xl\" src=\"https:\/\/shop.moldbrothers.com\/wp-content\/uploads\/2023\/08\/Jules-1v3-scaled.jpg\" alt=\"\" \/><\/figure><\/div><div class=\"col-span-1 self-center\"><div class=\"lg:pl-20\"><\/p>\n<h6>Collaboration<\/h6>\n<h2>\u00c0 propos du cuisinier<\/h2>\n<p>D\u00e8s l&#039;enfance, le r\u00eave de notre beau-fr\u00e8re Mold \u00e9tait clair : devenir chef. Que ce soit dans le jardin de sa m\u00e8re ou dans la cuisine de son p\u00e8re, il s&#039;est passionn\u00e9 pour la cuisine et l&#039;exp\u00e9rimentation. D\u00e9butant dans de petites cuisines, il r\u00e9alise sa premi\u00e8re vid\u00e9o de cuisine \u00e0 quinze ans. Un stage au prestigieux restaurant trois \u00e9toiles Michelin Oud Sluis a solidifi\u00e9 son ambition.<\/p>\n<p>Maintenant il <a href=\"https:\/\/www.julescooking.com\/\">actions<\/a> son expertise culinaire, m\u00ealant passion pour la p\u00e2tisserie et techniques fran\u00e7aises classiques pour cr\u00e9er des exp\u00e9riences gastronomiques raffin\u00e9es et des plats innovants.<\/p>\n<p>Cr\u00e9er un moule ensemble est une id\u00e9e de longue date, mais nous avons finalement trouv\u00e9 ensemble le concept parfait. Et nous sommes si fiers de le partager !<\/div><\/div><\/div>","protected":false},"excerpt":{"rendered":"<p><strong>Y compris la fiche de recette de Jules Cooking<\/strong><\/p>\n<p>Un moule en silicone de haute qualit\u00e9 en forme de motif circulaire \u00e0 partir d&#039;une cr\u00e8me passepoil\u00e9e. Le moule est en silicone de qualit\u00e9 alimentaire 100%.<\/p>\n<p>Le moule peut supporter une temp\u00e9rature comprise entre -40 \u00b0C et +200 \u00b0C. Le moule convient donc aussi bien au cong\u00e9lateur (choc) qu&#039;au four.<\/p>\n<p>Le pochoir ne va pas au lave-vaisselle. Nous recommandons de rincer le pochoir \u00e0 l&#039;eau ti\u00e8de (40\u00b0C) sans utiliser de d\u00e9tergent.<\/p>","protected":false},"featured_media":147293,"template":"","meta":{"_seopress_robots_primary_cat":"none","_seopress_titles_title":"","_seopress_titles_desc":"","_seopress_robots_index":""},"product_brand":[],"product_cat":[159,229,228,203],"product_tag":[554,555,517,556,552,495],"woo-feed-brand":[],"class_list":{"0":"post-147278","1":"product","2":"type-product","3":"status-publish","4":"has-post-thumbnail","6":"product_cat-3dmolds","7":"product_cat-abstract","8":"product_cat-2dmolds","9":"product_cat-graphic","10":"product_tag-chef","11":"product_tag-jules","12":"product_tag-recipe","13":"product_tag-set","14":"product_tag-sjabloon","15":"product_tag-tuile","17":"first","18":"instock","19":"sale","20":"taxable","21":"shipping-taxable","22":"product-type-grouped"},"_links":{"self":[{"href":"https:\/\/shop.moldbrothers.com\/fr\/wp-json\/wp\/v2\/product\/147278","targetHints":{"allow":["GET"]}}],"collection":[{"href":"https:\/\/shop.moldbrothers.com\/fr\/wp-json\/wp\/v2\/product"}],"about":[{"href":"https:\/\/shop.moldbrothers.com\/fr\/wp-json\/wp\/v2\/types\/product"}],"wp:featuredmedia":[{"embeddable":true,"href":"https:\/\/shop.moldbrothers.com\/fr\/wp-json\/wp\/v2\/media\/147293"}],"wp:attachment":[{"href":"https:\/\/shop.moldbrothers.com\/fr\/wp-json\/wp\/v2\/media?parent=147278"}],"wp:term":[{"taxonomy":"product_brand","embeddable":true,"href":"https:\/\/shop.moldbrothers.com\/fr\/wp-json\/wp\/v2\/product_brand?post=147278"},{"taxonomy":"product_cat","embeddable":true,"href":"https:\/\/shop.moldbrothers.com\/fr\/wp-json\/wp\/v2\/product_cat?post=147278"},{"taxonomy":"product_tag","embeddable":true,"href":"https:\/\/shop.moldbrothers.com\/fr\/wp-json\/wp\/v2\/product_tag?post=147278"},{"taxonomy":"woo-feed-brand","embeddable":true,"href":"https:\/\/shop.moldbrothers.com\/fr\/wp-json\/wp\/v2\/woo-feed-brand?post=147278"}],"curies":[{"name":"wp","href":"https:\/\/api.w.org\/{rel}","templated":true}]}}