{"id":146606,"date":"2023-07-20T15:02:19","date_gmt":"2023-07-20T13:02:19","guid":{"rendered":"https:\/\/shop.moldbrothers.com\/?post_type=product&#038;p=146606"},"modified":"2025-04-24T13:32:19","modified_gmt":"2025-04-24T11:32:19","slug":"scallop-pressing-kit","status":"publish","type":"product","link":"https:\/\/shop.moldbrothers.com\/fr\/produit\/scallop-pressing-kit\/","title":{"rendered":"Kit de pressage de p\u00e9toncles"},"content":{"rendered":"","protected":false},"excerpt":{"rendered":"<p>Ce moule \u00e0 presser en silicone, en forme de coquille Saint-Jacques, est fabriqu\u00e9 en silicone alimentaire 100%. Le moule se compose de deux parties qui s'embo\u00eetent avec pr\u00e9cision, chaque moiti\u00e9 mesurant 9,6 cm de longueur, 8,7 cm de largeur et 1,9 cm de hauteur. Le pochoir est <em>pas<\/em> peut \u00eatre lav\u00e9 au lave-vaisselle - nous recommandons de le rincer \u00e0 l'eau ti\u00e8de (40\u00b0C) sans utiliser de produits de nettoyage.<\/p>","protected":false},"featured_media":146614,"template":"","meta":{"_seopress_robots_primary_cat":"none","_seopress_titles_title":"","_seopress_titles_desc":"","_seopress_robots_index":""},"product_brand":[],"product_cat":[202],"product_tag":[911],"woo-feed-brand":[],"class_list":{"0":"post-146606","1":"product","2":"type-product","3":"status-publish","4":"has-post-thumbnail","6":"product_cat-pressing-kits","7":"product_tag-scalop","9":"first","10":"instock","11":"sale","12":"taxable","13":"shipping-taxable","14":"product-type-grouped"},"_links":{"self":[{"href":"https:\/\/shop.moldbrothers.com\/fr\/wp-json\/wp\/v2\/product\/146606","targetHints":{"allow":["GET"]}}],"collection":[{"href":"https:\/\/shop.moldbrothers.com\/fr\/wp-json\/wp\/v2\/product"}],"about":[{"href":"https:\/\/shop.moldbrothers.com\/fr\/wp-json\/wp\/v2\/types\/product"}],"wp:featuredmedia":[{"embeddable":true,"href":"https:\/\/shop.moldbrothers.com\/fr\/wp-json\/wp\/v2\/media\/146614"}],"wp:attachment":[{"href":"https:\/\/shop.moldbrothers.com\/fr\/wp-json\/wp\/v2\/media?parent=146606"}],"wp:term":[{"taxonomy":"product_brand","embeddable":true,"href":"https:\/\/shop.moldbrothers.com\/fr\/wp-json\/wp\/v2\/product_brand?post=146606"},{"taxonomy":"product_cat","embeddable":true,"href":"https:\/\/shop.moldbrothers.com\/fr\/wp-json\/wp\/v2\/product_cat?post=146606"},{"taxonomy":"product_tag","embeddable":true,"href":"https:\/\/shop.moldbrothers.com\/fr\/wp-json\/wp\/v2\/product_tag?post=146606"},{"taxonomy":"woo-feed-brand","embeddable":true,"href":"https:\/\/shop.moldbrothers.com\/fr\/wp-json\/wp\/v2\/woo-feed-brand?post=146606"}],"curies":[{"name":"wp","href":"https:\/\/api.w.org\/{rel}","templated":true}]}}