{"id":146328,"date":"2023-07-14T14:51:25","date_gmt":"2023-07-14T12:51:25","guid":{"rendered":"https:\/\/shop.moldbrothers.com\/?post_type=product&#038;p=146328"},"modified":"2025-10-20T12:29:35","modified_gmt":"2025-10-20T10:29:35","slug":"mandala-mold","status":"publish","type":"product","link":"https:\/\/shop.moldbrothers.com\/fr\/produit\/mandala-mold\/","title":{"rendered":"Mandala Mold"},"content":{"rendered":"","protected":false},"excerpt":{"rendered":"<p>Ce moule en silicone de haute qualit\u00e9, en forme de \"mandala\", contient 3 formes et est fabriqu\u00e9 en silicone alimentaire 100%. Le moule peut r\u00e9sister \u00e0 une temp\u00e9rature comprise entre -40\u00b0C et +200\u00b0C. Il convient donc aussi bien au cong\u00e9lateur (choc) qu'au four. Il convient donc aussi bien au cong\u00e9lateur (choc) qu'au four.<\/p>","protected":false},"featured_media":146329,"template":"","meta":{"_seopress_robots_primary_cat":"none","_seopress_titles_title":"","_seopress_titles_desc":"","_seopress_robots_index":""},"product_brand":[],"product_cat":[228,203],"product_tag":[495,558,519],"woo-feed-brand":[],"class_list":{"0":"post-146328","1":"product","2":"type-product","3":"status-publish","4":"has-post-thumbnail","6":"product_cat-2dmolds","7":"product_cat-graphic","8":"product_tag-tuile","9":"product_tag-tuille","10":"product_tag-tuille-forme","12":"first","13":"instock","14":"taxable","15":"shipping-taxable","16":"purchasable","17":"product-type-simple"},"_links":{"self":[{"href":"https:\/\/shop.moldbrothers.com\/fr\/wp-json\/wp\/v2\/product\/146328","targetHints":{"allow":["GET"]}}],"collection":[{"href":"https:\/\/shop.moldbrothers.com\/fr\/wp-json\/wp\/v2\/product"}],"about":[{"href":"https:\/\/shop.moldbrothers.com\/fr\/wp-json\/wp\/v2\/types\/product"}],"wp:featuredmedia":[{"embeddable":true,"href":"https:\/\/shop.moldbrothers.com\/fr\/wp-json\/wp\/v2\/media\/146329"}],"wp:attachment":[{"href":"https:\/\/shop.moldbrothers.com\/fr\/wp-json\/wp\/v2\/media?parent=146328"}],"wp:term":[{"taxonomy":"product_brand","embeddable":true,"href":"https:\/\/shop.moldbrothers.com\/fr\/wp-json\/wp\/v2\/product_brand?post=146328"},{"taxonomy":"product_cat","embeddable":true,"href":"https:\/\/shop.moldbrothers.com\/fr\/wp-json\/wp\/v2\/product_cat?post=146328"},{"taxonomy":"product_tag","embeddable":true,"href":"https:\/\/shop.moldbrothers.com\/fr\/wp-json\/wp\/v2\/product_tag?post=146328"},{"taxonomy":"woo-feed-brand","embeddable":true,"href":"https:\/\/shop.moldbrothers.com\/fr\/wp-json\/wp\/v2\/woo-feed-brand?post=146328"}],"curies":[{"name":"wp","href":"https:\/\/api.w.org\/{rel}","templated":true}]}}