{"id":143421,"date":"2023-05-09T13:35:05","date_gmt":"2023-05-09T11:35:05","guid":{"rendered":"https:\/\/shop.moldbrothers.com\/?post_type=product&#038;p=143421"},"modified":"2025-11-27T11:35:26","modified_gmt":"2025-11-27T10:35:26","slug":"leaf-stencil-case","status":"publish","type":"product","link":"https:\/\/shop.moldbrothers.com\/fr\/produit\/leaf-stencil-case\/","title":{"rendered":"Feuille Pochoir Cas"},"content":{"rendered":"","protected":false},"excerpt":{"rendered":"<p>Cette mallette de pochoirs de feuilles est compos\u00e9e de feuilles de polystyr\u00e8ne d'une \u00e9paisseur de 1 mm et constitue la base parfaite pour vos plats. La mallette de pochoirs de feuilles contient :<\/p>\n<p>\u2013 Pochoir feuille de ch\u00eane A3<br \/>\n- Pochoir feuille d&#039;\u00e9rable A3<br \/>\n\u2013 Pochoir marron A3<\/p>\n<p>Le pochoir est <strong>pas<\/strong> r\u00e9sistant au lave-vaisselle. Nous recommandons de rincer le pochoir \u00e0 l&#039;eau ti\u00e8de (40\u00b0C) sans utiliser de d\u00e9tergent.<\/p>","protected":false},"featured_media":143356,"template":"","meta":{"_seopress_robots_primary_cat":"none","_seopress_titles_title":"","_seopress_titles_desc":"","_seopress_robots_index":""},"product_brand":[],"product_cat":[170,198],"product_tag":[],"woo-feed-brand":[],"class_list":{"0":"post-143421","1":"product","2":"type-product","3":"status-publish","4":"has-post-thumbnail","6":"product_cat-stencils","7":"product_cat-a3-stencils","9":"first","10":"instock","11":"taxable","12":"shipping-taxable","13":"product-type-grouped"},"_links":{"self":[{"href":"https:\/\/shop.moldbrothers.com\/fr\/wp-json\/wp\/v2\/product\/143421","targetHints":{"allow":["GET"]}}],"collection":[{"href":"https:\/\/shop.moldbrothers.com\/fr\/wp-json\/wp\/v2\/product"}],"about":[{"href":"https:\/\/shop.moldbrothers.com\/fr\/wp-json\/wp\/v2\/types\/product"}],"wp:featuredmedia":[{"embeddable":true,"href":"https:\/\/shop.moldbrothers.com\/fr\/wp-json\/wp\/v2\/media\/143356"}],"wp:attachment":[{"href":"https:\/\/shop.moldbrothers.com\/fr\/wp-json\/wp\/v2\/media?parent=143421"}],"wp:term":[{"taxonomy":"product_brand","embeddable":true,"href":"https:\/\/shop.moldbrothers.com\/fr\/wp-json\/wp\/v2\/product_brand?post=143421"},{"taxonomy":"product_cat","embeddable":true,"href":"https:\/\/shop.moldbrothers.com\/fr\/wp-json\/wp\/v2\/product_cat?post=143421"},{"taxonomy":"product_tag","embeddable":true,"href":"https:\/\/shop.moldbrothers.com\/fr\/wp-json\/wp\/v2\/product_tag?post=143421"},{"taxonomy":"woo-feed-brand","embeddable":true,"href":"https:\/\/shop.moldbrothers.com\/fr\/wp-json\/wp\/v2\/woo-feed-brand?post=143421"}],"curies":[{"name":"wp","href":"https:\/\/api.w.org\/{rel}","templated":true}]}}