{"id":143382,"date":"2023-04-21T14:41:08","date_gmt":"2023-04-21T12:41:08","guid":{"rendered":"https:\/\/shop.moldbrothers.com\/?post_type=product&#038;p=143382"},"modified":"2025-11-27T11:48:54","modified_gmt":"2025-11-27T10:48:54","slug":"herb-stencil-case","status":"publish","type":"product","link":"https:\/\/shop.moldbrothers.com\/fr\/produit\/herb-stencil-case\/","title":{"rendered":"\u00c9tui \u00e0 pochoirs aux herbes"},"content":{"rendered":"","protected":false},"excerpt":{"rendered":"<p>Cette mallette de pochoirs d'herbes est compos\u00e9e de plaques de polystyr\u00e8ne d'une \u00e9paisseur de 1 mm et constitue une base parfaite pour vos plats. La mallette de pochoirs \u00e0 herbes contient :<\/p>\n<p>\u2013 Pochoir verveine citronn\u00e9e A3<br \/>\n- Pochoir \u00e0 l&#039;aneth A3<br \/>\n\u2013 Pochoir persil A3<\/p>\n<p>Le pochoir est <strong>pas<\/strong> r\u00e9sistant au lave-vaisselle. Nous recommandons de rincer le pochoir \u00e0 l&#039;eau ti\u00e8de (40\u00b0C) sans utiliser de d\u00e9tergent.<\/p>","protected":false},"featured_media":143383,"template":"","meta":{"_seopress_robots_primary_cat":"none","_seopress_titles_title":"","_seopress_titles_desc":"","_seopress_robots_index":""},"product_brand":[],"product_cat":[170,198],"product_tag":[],"woo-feed-brand":[],"class_list":{"0":"post-143382","1":"product","2":"type-product","3":"status-publish","4":"has-post-thumbnail","6":"product_cat-stencils","7":"product_cat-a3-stencils","9":"first","10":"instock","11":"taxable","12":"shipping-taxable","13":"product-type-grouped"},"_links":{"self":[{"href":"https:\/\/shop.moldbrothers.com\/fr\/wp-json\/wp\/v2\/product\/143382","targetHints":{"allow":["GET"]}}],"collection":[{"href":"https:\/\/shop.moldbrothers.com\/fr\/wp-json\/wp\/v2\/product"}],"about":[{"href":"https:\/\/shop.moldbrothers.com\/fr\/wp-json\/wp\/v2\/types\/product"}],"wp:featuredmedia":[{"embeddable":true,"href":"https:\/\/shop.moldbrothers.com\/fr\/wp-json\/wp\/v2\/media\/143383"}],"wp:attachment":[{"href":"https:\/\/shop.moldbrothers.com\/fr\/wp-json\/wp\/v2\/media?parent=143382"}],"wp:term":[{"taxonomy":"product_brand","embeddable":true,"href":"https:\/\/shop.moldbrothers.com\/fr\/wp-json\/wp\/v2\/product_brand?post=143382"},{"taxonomy":"product_cat","embeddable":true,"href":"https:\/\/shop.moldbrothers.com\/fr\/wp-json\/wp\/v2\/product_cat?post=143382"},{"taxonomy":"product_tag","embeddable":true,"href":"https:\/\/shop.moldbrothers.com\/fr\/wp-json\/wp\/v2\/product_tag?post=143382"},{"taxonomy":"woo-feed-brand","embeddable":true,"href":"https:\/\/shop.moldbrothers.com\/fr\/wp-json\/wp\/v2\/woo-feed-brand?post=143382"}],"curies":[{"name":"wp","href":"https:\/\/api.w.org\/{rel}","templated":true}]}}