{"id":143355,"date":"2023-05-09T13:34:32","date_gmt":"2023-05-09T11:34:32","guid":{"rendered":"https:\/\/shop.moldbrothers.com\/?post_type=product&#038;p=143355"},"modified":"2026-03-24T16:33:36","modified_gmt":"2026-03-24T15:33:36","slug":"pochoir-feuille-de-chene-2","status":"publish","type":"product","link":"https:\/\/shop.moldbrothers.com\/fr\/produit\/pochoir-feuille-de-chene-2\/","title":{"rendered":"Feuille Pochoir Cas"},"content":{"rendered":"","protected":false},"excerpt":{"rendered":"<p>Ce Pochoir Feuille de Ch\u00eane est en acrylique de 1 mm d&#039;\u00e9paisseur et peut \u00eatre utilis\u00e9 pour \u00e9taler des tuilles fines par exemple, de l&#039;isomalt ou de la meringue.<\/p>\n<p>Le pochoir est\u00a0<strong>pas<\/strong>\u00a0lave-vaisselle. Nous recommandons de rincer le pochoir \u00e0 l&#039;eau ti\u00e8de (40\u00b0C) sans utiliser de d\u00e9tergent.<\/p>\n<p><strong>Taille du pochoir : 42 cm x 29,7 cm<br \/>\n<\/strong><strong>Taille Forme : 7 cm x 4 cm<br \/>\nNombre de formes : 20 pc.<br \/>\nPoids : 50 grammes<\/strong><\/p>","protected":false},"featured_media":143356,"template":"","meta":{"_seopress_robots_primary_cat":"none","_seopress_titles_title":"","_seopress_titles_desc":"","_seopress_robots_index":""},"product_brand":[],"product_cat":[170,198,231],"product_tag":[1011],"woo-feed-brand":[],"class_list":{"0":"post-143355","1":"product","2":"type-product","3":"status-publish","4":"has-post-thumbnail","6":"product_cat-stencils","7":"product_cat-a3-stencils","8":"product_cat-hidden","9":"product_tag-pochoir","11":"first","12":"instock","13":"taxable","14":"shipping-taxable","15":"purchasable","16":"product-type-simple"},"_links":{"self":[{"href":"https:\/\/shop.moldbrothers.com\/fr\/wp-json\/wp\/v2\/product\/143355","targetHints":{"allow":["GET"]}}],"collection":[{"href":"https:\/\/shop.moldbrothers.com\/fr\/wp-json\/wp\/v2\/product"}],"about":[{"href":"https:\/\/shop.moldbrothers.com\/fr\/wp-json\/wp\/v2\/types\/product"}],"wp:featuredmedia":[{"embeddable":true,"href":"https:\/\/shop.moldbrothers.com\/fr\/wp-json\/wp\/v2\/media\/143356"}],"wp:attachment":[{"href":"https:\/\/shop.moldbrothers.com\/fr\/wp-json\/wp\/v2\/media?parent=143355"}],"wp:term":[{"taxonomy":"product_brand","embeddable":true,"href":"https:\/\/shop.moldbrothers.com\/fr\/wp-json\/wp\/v2\/product_brand?post=143355"},{"taxonomy":"product_cat","embeddable":true,"href":"https:\/\/shop.moldbrothers.com\/fr\/wp-json\/wp\/v2\/product_cat?post=143355"},{"taxonomy":"product_tag","embeddable":true,"href":"https:\/\/shop.moldbrothers.com\/fr\/wp-json\/wp\/v2\/product_tag?post=143355"},{"taxonomy":"woo-feed-brand","embeddable":true,"href":"https:\/\/shop.moldbrothers.com\/fr\/wp-json\/wp\/v2\/woo-feed-brand?post=143355"}],"curies":[{"name":"wp","href":"https:\/\/api.w.org\/{rel}","templated":true}]}}