{"id":143343,"date":"2023-01-09T12:21:02","date_gmt":"2023-01-09T11:21:02","guid":{"rendered":"https:\/\/shop.moldbrothers.com\/?post_type=product&#038;p=143343"},"modified":"2026-01-07T11:45:59","modified_gmt":"2026-01-07T10:45:59","slug":"carre-3-9","status":"publish","type":"product","link":"https:\/\/shop.moldbrothers.com\/fr\/produit\/carre-3-9\/","title":{"rendered":"\u00c9tui carr\u00e9 pour pochoirs"},"content":{"rendered":"","protected":false},"excerpt":{"rendered":"<p>Cette bo\u00eete \u00e0 pochoirs carr\u00e9e est compos\u00e9e de plaques de polystyr\u00e8ne de 1 mm d'\u00e9paisseur et constitue une base solide et pr\u00e9cise pour vos plats. La mallette comprend :<\/p>\n<ul>\n<li>A3 Pochoir carr\u00e9 2,5 cm<\/li>\n<li>A3 Pochoir carr\u00e9 3,5 cm<\/li>\n<li>A3 Pochoir carr\u00e9 4,5 cm<\/li>\n<\/ul>\n<p>Le pochoir ne passe pas au lave-vaisselle. Nous recommandons de le rincer \u00e0 l'eau ti\u00e8de (40\u00b0C) sans utiliser de produits de nettoyage.<\/p>","protected":false},"featured_media":143344,"template":"","meta":{"_seopress_robots_primary_cat":"none","_seopress_titles_title":"","_seopress_titles_desc":"","_seopress_robots_index":""},"product_brand":[],"product_cat":[170,198],"product_tag":[],"woo-feed-brand":[],"class_list":{"0":"post-143343","1":"product","2":"type-product","3":"status-publish","4":"has-post-thumbnail","6":"product_cat-stencils","7":"product_cat-a3-stencils","9":"first","10":"instock","11":"taxable","12":"shipping-taxable","13":"product-type-grouped"},"_links":{"self":[{"href":"https:\/\/shop.moldbrothers.com\/fr\/wp-json\/wp\/v2\/product\/143343","targetHints":{"allow":["GET"]}}],"collection":[{"href":"https:\/\/shop.moldbrothers.com\/fr\/wp-json\/wp\/v2\/product"}],"about":[{"href":"https:\/\/shop.moldbrothers.com\/fr\/wp-json\/wp\/v2\/types\/product"}],"wp:featuredmedia":[{"embeddable":true,"href":"https:\/\/shop.moldbrothers.com\/fr\/wp-json\/wp\/v2\/media\/143344"}],"wp:attachment":[{"href":"https:\/\/shop.moldbrothers.com\/fr\/wp-json\/wp\/v2\/media?parent=143343"}],"wp:term":[{"taxonomy":"product_brand","embeddable":true,"href":"https:\/\/shop.moldbrothers.com\/fr\/wp-json\/wp\/v2\/product_brand?post=143343"},{"taxonomy":"product_cat","embeddable":true,"href":"https:\/\/shop.moldbrothers.com\/fr\/wp-json\/wp\/v2\/product_cat?post=143343"},{"taxonomy":"product_tag","embeddable":true,"href":"https:\/\/shop.moldbrothers.com\/fr\/wp-json\/wp\/v2\/product_tag?post=143343"},{"taxonomy":"woo-feed-brand","embeddable":true,"href":"https:\/\/shop.moldbrothers.com\/fr\/wp-json\/wp\/v2\/woo-feed-brand?post=143343"}],"curies":[{"name":"wp","href":"https:\/\/api.w.org\/{rel}","templated":true}]}}