{"id":143332,"date":"2023-05-09T12:01:20","date_gmt":"2023-05-09T10:01:20","guid":{"rendered":"https:\/\/shop.moldbrothers.com\/?post_type=product&#038;p=143332"},"modified":"2026-03-24T16:33:29","modified_gmt":"2026-03-24T15:33:29","slug":"cercle-pochoir-moyen-3","status":"publish","type":"product","link":"https:\/\/shop.moldbrothers.com\/fr\/produit\/cercle-pochoir-moyen-3\/","title":{"rendered":"Pochoir cercle 6,5 cm"},"content":{"rendered":"","protected":false},"excerpt":{"rendered":"<p>Ce pochoir circulaire en polystyr\u00e8ne de 1 mm d'\u00e9paisseur peut \u00eatre utilis\u00e9 pour \u00e9taler des tuiles fines, par exemple de l'isomalt ou de la meringue.<\/p>\n<p>Le pochoir est\u00a0<strong>pas<\/strong>\u00a0lave-vaisselle. Nous recommandons de rincer le pochoir \u00e0 l&#039;eau ti\u00e8de (40\u00b0C) sans utiliser de d\u00e9tergent.<\/p>\n<p><strong>Taille du pochoir : 42 cm x 29,7 cm<br \/>\n<\/strong><strong>Taille Forme : 3,5 \u00d8 cm<\/strong><strong><br \/>\nNombre de formes : 39 pc.<br \/>\nPoids : 50 grammes<\/strong><\/p>","protected":false},"featured_media":143335,"template":"","meta":{"_seopress_robots_primary_cat":"none","_seopress_titles_title":"","_seopress_titles_desc":"","_seopress_robots_index":""},"product_brand":[],"product_cat":[170,198,231],"product_tag":[],"woo-feed-brand":[],"class_list":{"0":"post-143332","1":"product","2":"type-product","3":"status-publish","4":"has-post-thumbnail","6":"product_cat-stencils","7":"product_cat-a3-stencils","8":"product_cat-hidden","10":"first","11":"instock","12":"taxable","13":"shipping-taxable","14":"purchasable","15":"product-type-simple"},"_links":{"self":[{"href":"https:\/\/shop.moldbrothers.com\/fr\/wp-json\/wp\/v2\/product\/143332","targetHints":{"allow":["GET"]}}],"collection":[{"href":"https:\/\/shop.moldbrothers.com\/fr\/wp-json\/wp\/v2\/product"}],"about":[{"href":"https:\/\/shop.moldbrothers.com\/fr\/wp-json\/wp\/v2\/types\/product"}],"wp:featuredmedia":[{"embeddable":true,"href":"https:\/\/shop.moldbrothers.com\/fr\/wp-json\/wp\/v2\/media\/143335"}],"wp:attachment":[{"href":"https:\/\/shop.moldbrothers.com\/fr\/wp-json\/wp\/v2\/media?parent=143332"}],"wp:term":[{"taxonomy":"product_brand","embeddable":true,"href":"https:\/\/shop.moldbrothers.com\/fr\/wp-json\/wp\/v2\/product_brand?post=143332"},{"taxonomy":"product_cat","embeddable":true,"href":"https:\/\/shop.moldbrothers.com\/fr\/wp-json\/wp\/v2\/product_cat?post=143332"},{"taxonomy":"product_tag","embeddable":true,"href":"https:\/\/shop.moldbrothers.com\/fr\/wp-json\/wp\/v2\/product_tag?post=143332"},{"taxonomy":"woo-feed-brand","embeddable":true,"href":"https:\/\/shop.moldbrothers.com\/fr\/wp-json\/wp\/v2\/woo-feed-brand?post=143332"}],"curies":[{"name":"wp","href":"https:\/\/api.w.org\/{rel}","templated":true}]}}