{"id":141983,"date":"2023-04-14T16:37:44","date_gmt":"2023-04-14T14:37:44","guid":{"rendered":"https:\/\/shop.moldbrothers.com\/?post_type=product&#038;p=141983"},"modified":"2025-11-26T11:46:13","modified_gmt":"2025-11-26T10:46:13","slug":"crisp-holder","status":"publish","type":"product","link":"https:\/\/shop.moldbrothers.com\/fr\/produit\/crisp-holder\/","title":{"rendered":"Porte-croustillant"},"content":{"rendered":"","protected":false},"excerpt":{"rendered":"<p>Ce porte-croustillons en bois de haute qualit\u00e9 contient 4 fentes pour vos croustillants et est fabriqu\u00e9 en bois de ch\u00eane 100%. Il ne passe pas au lave-vaisselle et doit \u00eatre rinc\u00e9 \u00e0 l'eau ti\u00e8de.<\/p>","protected":false},"featured_media":184010,"template":"","meta":{"_seopress_robots_primary_cat":"none","_seopress_titles_title":"","_seopress_titles_desc":"","_seopress_robots_index":""},"product_brand":[],"product_cat":[238],"product_tag":[],"woo-feed-brand":[],"class_list":{"0":"post-141983","1":"product","2":"type-product","3":"status-publish","4":"has-post-thumbnail","6":"product_cat-presentables","8":"first","9":"instock","10":"taxable","11":"shipping-taxable","12":"purchasable","13":"product-type-simple"},"_links":{"self":[{"href":"https:\/\/shop.moldbrothers.com\/fr\/wp-json\/wp\/v2\/product\/141983","targetHints":{"allow":["GET"]}}],"collection":[{"href":"https:\/\/shop.moldbrothers.com\/fr\/wp-json\/wp\/v2\/product"}],"about":[{"href":"https:\/\/shop.moldbrothers.com\/fr\/wp-json\/wp\/v2\/types\/product"}],"wp:featuredmedia":[{"embeddable":true,"href":"https:\/\/shop.moldbrothers.com\/fr\/wp-json\/wp\/v2\/media\/184010"}],"wp:attachment":[{"href":"https:\/\/shop.moldbrothers.com\/fr\/wp-json\/wp\/v2\/media?parent=141983"}],"wp:term":[{"taxonomy":"product_brand","embeddable":true,"href":"https:\/\/shop.moldbrothers.com\/fr\/wp-json\/wp\/v2\/product_brand?post=141983"},{"taxonomy":"product_cat","embeddable":true,"href":"https:\/\/shop.moldbrothers.com\/fr\/wp-json\/wp\/v2\/product_cat?post=141983"},{"taxonomy":"product_tag","embeddable":true,"href":"https:\/\/shop.moldbrothers.com\/fr\/wp-json\/wp\/v2\/product_tag?post=141983"},{"taxonomy":"woo-feed-brand","embeddable":true,"href":"https:\/\/shop.moldbrothers.com\/fr\/wp-json\/wp\/v2\/woo-feed-brand?post=141983"}],"curies":[{"name":"wp","href":"https:\/\/api.w.org\/{rel}","templated":true}]}}