{"id":141774,"date":"2023-04-11T11:01:14","date_gmt":"2023-04-11T09:01:14","guid":{"rendered":"https:\/\/shop.moldbrothers.com\/?post_type=product&#038;p=141774"},"modified":"2026-03-12T10:01:30","modified_gmt":"2026-03-12T09:01:30","slug":"pie-tee-egg","status":"publish","type":"product","link":"https:\/\/shop.moldbrothers.com\/fr\/produit\/pie-tee-egg\/","title":{"rendered":"Tee-shirt Egg Pie"},"content":{"rendered":"","protected":false},"excerpt":{"rendered":"<p>Le Pie Tee Egg est un tampon en aluminium de haute qualit\u00e9, con\u00e7u pour cr\u00e9er des coquilles croustillantes en forme d'\u0153uf. Id\u00e9al pour les amuse-gueules d\u00e9licats ou les petites bouch\u00e9es fourr\u00e9es \u00e0 la texture l\u00e9g\u00e8re et croustillante.<\/p>","protected":false},"featured_media":142356,"template":"","meta":{"_seopress_robots_primary_cat":"none","_seopress_titles_title":"","_seopress_titles_desc":"","_seopress_robots_index":""},"product_brand":[],"product_cat":[362],"product_tag":[507,508,523,513,912,777,600,776,595,514,599,598],"woo-feed-brand":[],"class_list":{"0":"post-141774","1":"product","2":"type-product","3":"status-publish","4":"has-post-thumbnail","6":"product_cat-bunuelos-pie-tee","7":"product_tag-batter","8":"product_tag-beslag","9":"product_tag-bloem","10":"product_tag-chicken","11":"product_tag-croustade","12":"product_tag-easter","13":"product_tag-egg","14":"product_tag-eggs","15":"product_tag-fry","16":"product_tag-kip","17":"product_tag-oil","18":"product_tag-tool","20":"first","21":"instock","22":"taxable","23":"shipping-taxable","24":"purchasable","25":"product-type-simple"},"_links":{"self":[{"href":"https:\/\/shop.moldbrothers.com\/fr\/wp-json\/wp\/v2\/product\/141774","targetHints":{"allow":["GET"]}}],"collection":[{"href":"https:\/\/shop.moldbrothers.com\/fr\/wp-json\/wp\/v2\/product"}],"about":[{"href":"https:\/\/shop.moldbrothers.com\/fr\/wp-json\/wp\/v2\/types\/product"}],"wp:featuredmedia":[{"embeddable":true,"href":"https:\/\/shop.moldbrothers.com\/fr\/wp-json\/wp\/v2\/media\/142356"}],"wp:attachment":[{"href":"https:\/\/shop.moldbrothers.com\/fr\/wp-json\/wp\/v2\/media?parent=141774"}],"wp:term":[{"taxonomy":"product_brand","embeddable":true,"href":"https:\/\/shop.moldbrothers.com\/fr\/wp-json\/wp\/v2\/product_brand?post=141774"},{"taxonomy":"product_cat","embeddable":true,"href":"https:\/\/shop.moldbrothers.com\/fr\/wp-json\/wp\/v2\/product_cat?post=141774"},{"taxonomy":"product_tag","embeddable":true,"href":"https:\/\/shop.moldbrothers.com\/fr\/wp-json\/wp\/v2\/product_tag?post=141774"},{"taxonomy":"woo-feed-brand","embeddable":true,"href":"https:\/\/shop.moldbrothers.com\/fr\/wp-json\/wp\/v2\/woo-feed-brand?post=141774"}],"curies":[{"name":"wp","href":"https:\/\/api.w.org\/{rel}","templated":true}]}}