{"id":141024,"date":"2023-03-29T08:41:36","date_gmt":"2023-03-29T06:41:36","guid":{"rendered":"https:\/\/moldbrothers.nl\/?post_type=product&#038;p=141024"},"modified":"2026-01-05T12:15:33","modified_gmt":"2026-01-05T11:15:33","slug":"brian-mark-hansen-x-moldbrothers-bocuse-papillon-moule-2","status":"publish","type":"product","link":"https:\/\/shop.moldbrothers.com\/fr\/produit\/brian-mark-hansen-x-moldbrothers-bocuse-papillon-moule-2\/","title":{"rendered":"Brian Mark Hansen x MoldBrothers Bocuse Butterfly Mold"},"content":{"rendered":"<div class=\"grid grid-cols-1 lg:grid-cols-2 lg:gap-12\"><div class=\"col-span-1 self-center\"><figure class=\"h-[clamp(200px,40vw,600px)!important]\"><img decoding=\"async\" class=\"w-full h-full object-cover object-center rounded-2xl\" src=\"https:\/\/shop.moldbrothers.com\/wp-content\/uploads\/2023\/03\/DK_picture_candidate_Brian-Mark-Hansen-534x800-1.jpg\" alt=\"\" \/><\/figure><\/div><div class=\"col-span-1 self-center\"><div class=\"lg:pl-20\"><\/p>\n<h6>Collaboration<\/h6>\n<h2>Brian Mark Hansen<\/h2>\n<p>Brian Mark Hansen, un \u00e9minent artiste culinaire danois, a un style distinctif affin\u00e9 en tant que chef cuisinier du Ruths Hotel, du Kong Hans K\u00e6lder, de Christiansholm et de S\u00f8ller\u00f8d Kro. Il a remport\u00e9 plusieurs prix, dont la deuxi\u00e8me place aux concours \u00ab Chef de l&#039;ann\u00e9e 2010 \u00bb et \u00ab Bocuse d&#039;Or Danemark 2013 \u00bb. Il a \u00e9galement remport\u00e9 des distinctions pour ses plats de chevreuil, de homard et de porc. En tant que chef de cuisine, il a conserv\u00e9 l&#039;\u00e9toile du Guide MICHELIN S\u00f8ller\u00f8d Kro et le restaurant a \u00e9t\u00e9 nomm\u00e9 Restaurant de l&#039;ann\u00e9e dans le Den Danske Spiseguide 2018.<\/p>\n<p><strong>*Avec le moule, vous recevrez deux recettes de tulle pour pouvoir commencer tout de suite !<\/strong><\/div><\/div><\/div>","protected":false},"excerpt":{"rendered":"<p>Ce moule en silicone de haute qualit\u00e9, qui reprend la forme de la \"fleur de papillon Bocuse\" de Brian Mark Hansen, contient 4 formes et est fabriqu\u00e9 en silicone alimentaire 100%. Le moule peut r\u00e9sister \u00e0 une temp\u00e9rature comprise entre -40\u00b0C et +200\u00b0C. Il convient donc aussi bien pour le cong\u00e9lateur (choc) que pour le four.<\/p>","protected":false},"featured_media":141030,"template":"","meta":{"_seopress_robots_primary_cat":"none","_seopress_titles_title":"","_seopress_titles_desc":"","_seopress_robots_index":""},"product_brand":[],"product_cat":[228,237],"product_tag":[591,554,517,495,558,519,488,593,544,592],"woo-feed-brand":[],"class_list":{"0":"post-141024","1":"product","2":"type-product","3":"status-publish","4":"has-post-thumbnail","6":"product_cat-2dmolds","7":"product_cat-natural","8":"product_tag-buterfly","9":"product_tag-chef","10":"product_tag-recipe","11":"product_tag-tuile","12":"product_tag-tuille","13":"product_tag-tuille-forme","14":"product_tag-valentine","15":"product_tag-vleugels","16":"product_tag-vlinder","17":"product_tag-wings","19":"first","20":"instock","21":"taxable","22":"shipping-taxable","23":"purchasable","24":"product-type-simple"},"_links":{"self":[{"href":"https:\/\/shop.moldbrothers.com\/fr\/wp-json\/wp\/v2\/product\/141024","targetHints":{"allow":["GET"]}}],"collection":[{"href":"https:\/\/shop.moldbrothers.com\/fr\/wp-json\/wp\/v2\/product"}],"about":[{"href":"https:\/\/shop.moldbrothers.com\/fr\/wp-json\/wp\/v2\/types\/product"}],"wp:featuredmedia":[{"embeddable":true,"href":"https:\/\/shop.moldbrothers.com\/fr\/wp-json\/wp\/v2\/media\/141030"}],"wp:attachment":[{"href":"https:\/\/shop.moldbrothers.com\/fr\/wp-json\/wp\/v2\/media?parent=141024"}],"wp:term":[{"taxonomy":"product_brand","embeddable":true,"href":"https:\/\/shop.moldbrothers.com\/fr\/wp-json\/wp\/v2\/product_brand?post=141024"},{"taxonomy":"product_cat","embeddable":true,"href":"https:\/\/shop.moldbrothers.com\/fr\/wp-json\/wp\/v2\/product_cat?post=141024"},{"taxonomy":"product_tag","embeddable":true,"href":"https:\/\/shop.moldbrothers.com\/fr\/wp-json\/wp\/v2\/product_tag?post=141024"},{"taxonomy":"woo-feed-brand","embeddable":true,"href":"https:\/\/shop.moldbrothers.com\/fr\/wp-json\/wp\/v2\/woo-feed-brand?post=141024"}],"curies":[{"name":"wp","href":"https:\/\/api.w.org\/{rel}","templated":true}]}}