{"id":140884,"date":"2023-03-27T11:56:00","date_gmt":"2023-03-27T09:56:00","guid":{"rendered":"https:\/\/moldbrothers.nl\/?post_type=product&#038;p=140884"},"modified":"2026-04-07T11:32:58","modified_gmt":"2026-04-07T09:32:58","slug":"waffle-sandwich-exterior","status":"publish","type":"product","link":"https:\/\/shop.moldbrothers.com\/fr\/produit\/waffle-sandwich-exterior\/","title":{"rendered":"Sandwich gaufr\u00e9 ext\u00e9rieur"},"content":{"rendered":"<p>Un moule en silicone de haute qualit\u00e9 en forme de cylindre dentel\u00e9 surmont\u00e9 d&#039;un motif en croix gaufr\u00e9. Les moules contiennent sont en silicone de qualit\u00e9 alimentaire 100%.<\/p>\n<p>Le moule peut supporter une temp\u00e9rature comprise entre -40 \u00b0C et +200 \u00b0C. Le moule convient donc aussi bien au cong\u00e9lateur (choc) qu&#039;au four.<\/p>\n<p><strong>Taille par forme : 5 cm \u00f8 x 2 mm<br \/>\nNombre de formes : 12 pc.<br \/>\nPoids : 250 grammes<\/strong><\/p>","protected":false},"excerpt":{"rendered":"<h2>Ensemble de sandwich gaufr\u00e9<\/h2>\n<div class=\"group w-full text-gray-800 dark:text-gray-100 border-b border-black\/10 dark:border-gray-900\/50 bg-gray-50 dark:bg-[#444654]\">\n<div class=\"text-base gap-4 md:gap-6 md:max-w-2xl lg:max-w-2xl xl:max-w-3xl p-4 md:py-6 flex lg:px-0 m-auto\">\n<div class=\"relative flex w-[calc(100%-50px)] flex-col gap-1 md:gap-3 lg:w-[calc(100%-115px)]\">\n<div class=\"flex flex-grow flex-col gap-3\">\n<div class=\"min-h-[20px] flex flex-col items-start gap-4 whitespace-pre-wrap\">\n<div class=\"markdown prose w-full break-words dark:prose-invert light\">\n<p>Bas\u00e9 sur le sandwich \u00e0 la cr\u00e8me glac\u00e9e classique, cet ensemble de sandwichs gaufr\u00e9s a une touche unique et personnelle. Pour c\u00e9l\u00e9brer notre h\u00e9ritage n\u00e9erlandais, cet ensemble a re\u00e7u un motif \u00ab stroopwafel \u00bb. Vous pouvez utiliser ce moule seul pour cr\u00e9er une base sal\u00e9e pour un amuse-bouche par exemple. Ou optez pour quelque chose de sucr\u00e9 en cuisant deux biscuits au chocolat avec une garniture \u00e0 la vanille entre les deux.<\/p>\n<\/div>\n<\/div>\n<\/div>\n<div class=\"flex justify-between\">\n<div class=\"text-gray-400 flex self-end lg:self-center justify-center mt-2 gap-3 md:gap-4 lg:gap-1 lg:absolute lg:top-0 lg:translate-x-full lg:right-0 lg:mt-0 lg:pl-2 visible\"><\/div>\n<\/div>\n<\/div>\n<\/div>\n<\/div>","protected":false},"featured_media":140977,"template":"","meta":{"_seopress_robots_primary_cat":"none","_seopress_titles_title":"","_seopress_titles_desc":"","_seopress_robots_index":""},"product_brand":[],"product_cat":[228,231],"product_tag":[],"woo-feed-brand":[],"class_list":{"0":"post-140884","1":"product","2":"type-product","3":"status-publish","4":"has-post-thumbnail","6":"product_cat-2dmolds","7":"product_cat-hidden","9":"first","10":"instock","11":"taxable","12":"shipping-taxable","13":"purchasable","14":"product-type-simple"},"_links":{"self":[{"href":"https:\/\/shop.moldbrothers.com\/fr\/wp-json\/wp\/v2\/product\/140884","targetHints":{"allow":["GET"]}}],"collection":[{"href":"https:\/\/shop.moldbrothers.com\/fr\/wp-json\/wp\/v2\/product"}],"about":[{"href":"https:\/\/shop.moldbrothers.com\/fr\/wp-json\/wp\/v2\/types\/product"}],"wp:featuredmedia":[{"embeddable":true,"href":"https:\/\/shop.moldbrothers.com\/fr\/wp-json\/wp\/v2\/media\/140977"}],"wp:attachment":[{"href":"https:\/\/shop.moldbrothers.com\/fr\/wp-json\/wp\/v2\/media?parent=140884"}],"wp:term":[{"taxonomy":"product_brand","embeddable":true,"href":"https:\/\/shop.moldbrothers.com\/fr\/wp-json\/wp\/v2\/product_brand?post=140884"},{"taxonomy":"product_cat","embeddable":true,"href":"https:\/\/shop.moldbrothers.com\/fr\/wp-json\/wp\/v2\/product_cat?post=140884"},{"taxonomy":"product_tag","embeddable":true,"href":"https:\/\/shop.moldbrothers.com\/fr\/wp-json\/wp\/v2\/product_tag?post=140884"},{"taxonomy":"woo-feed-brand","embeddable":true,"href":"https:\/\/shop.moldbrothers.com\/fr\/wp-json\/wp\/v2\/woo-feed-brand?post=140884"}],"curies":[{"name":"wp","href":"https:\/\/api.w.org\/{rel}","templated":true}]}}