{"id":140342,"date":"2023-03-15T15:32:34","date_gmt":"2023-03-15T14:32:34","guid":{"rendered":"https:\/\/moldbrothers.nl\/?post_type=product&#038;p=140342"},"modified":"2026-03-24T16:33:24","modified_gmt":"2026-03-24T15:33:24","slug":"ensemble-de-moules-a-agrumes","status":"publish","type":"product","link":"https:\/\/shop.moldbrothers.com\/fr\/produit\/ensemble-de-moules-a-agrumes\/","title":{"rendered":"Ensemble Mold Agrumes"},"content":{"rendered":"","protected":false},"excerpt":{"rendered":"<p>Ce moule en silicone de haute qualit\u00e9, en forme de Citrus Mold et Citrus Tuille, contient 4 \u00e0 6 formes et est fabriqu\u00e9 en silicone alimentaire 100%. Le moule peut r\u00e9sister \u00e0 une temp\u00e9rature comprise entre -40\u00b0C et +200\u00b0C. Il convient donc aussi bien pour le cong\u00e9lateur (choc) que pour le four.<\/p>","protected":false},"featured_media":148511,"template":"","meta":{"_seopress_robots_primary_cat":"none","_seopress_titles_title":"","_seopress_titles_desc":"","_seopress_robots_index":""},"product_brand":[],"product_cat":[159,194,228,237,231],"product_tag":[581,583,764,761,579,922,584,762,587,585,495,558,519,763,938],"woo-feed-brand":[],"class_list":{"0":"post-140342","1":"product","2":"type-product","3":"status-publish","4":"has-post-thumbnail","6":"product_cat-3dmolds","7":"product_cat-realistic","8":"product_cat-2dmolds","9":"product_cat-natural","10":"product_cat-hidden","11":"product_tag-apple","12":"product_tag-applep","13":"product_tag-citrus","14":"product_tag-cityrus","15":"product_tag-fruit","16":"product_tag-lime","17":"product_tag-meringu","18":"product_tag-orange","19":"product_tag-past","20":"product_tag-patis","21":"product_tag-tuile","22":"product_tag-tuille","23":"product_tag-tuille-forme","24":"product_tag-yuzu","25":"product_tag-zitrone","27":"first","28":"instock","29":"sale","30":"taxable","31":"shipping-taxable","32":"product-type-grouped"},"_links":{"self":[{"href":"https:\/\/shop.moldbrothers.com\/fr\/wp-json\/wp\/v2\/product\/140342","targetHints":{"allow":["GET"]}}],"collection":[{"href":"https:\/\/shop.moldbrothers.com\/fr\/wp-json\/wp\/v2\/product"}],"about":[{"href":"https:\/\/shop.moldbrothers.com\/fr\/wp-json\/wp\/v2\/types\/product"}],"wp:featuredmedia":[{"embeddable":true,"href":"https:\/\/shop.moldbrothers.com\/fr\/wp-json\/wp\/v2\/media\/148511"}],"wp:attachment":[{"href":"https:\/\/shop.moldbrothers.com\/fr\/wp-json\/wp\/v2\/media?parent=140342"}],"wp:term":[{"taxonomy":"product_brand","embeddable":true,"href":"https:\/\/shop.moldbrothers.com\/fr\/wp-json\/wp\/v2\/product_brand?post=140342"},{"taxonomy":"product_cat","embeddable":true,"href":"https:\/\/shop.moldbrothers.com\/fr\/wp-json\/wp\/v2\/product_cat?post=140342"},{"taxonomy":"product_tag","embeddable":true,"href":"https:\/\/shop.moldbrothers.com\/fr\/wp-json\/wp\/v2\/product_tag?post=140342"},{"taxonomy":"woo-feed-brand","embeddable":true,"href":"https:\/\/shop.moldbrothers.com\/fr\/wp-json\/wp\/v2\/woo-feed-brand?post=140342"}],"curies":[{"name":"wp","href":"https:\/\/api.w.org\/{rel}","templated":true}]}}