{"id":140325,"date":"2023-03-15T15:16:27","date_gmt":"2023-03-15T14:16:27","guid":{"rendered":"https:\/\/moldbrothers.nl\/?post_type=product&#038;p=140325"},"modified":"2023-08-24T16:04:20","modified_gmt":"2023-08-24T14:04:20","slug":"citrus-mold-3d","status":"publish","type":"product","link":"https:\/\/shop.moldbrothers.com\/fr\/produit\/citrus-mold-3d\/","title":{"rendered":"Agrumes Mold"},"content":{"rendered":"<p>Un moule en silicone de haute qualit\u00e9 en forme d&#039;agrumes. Le moule contient 4 formes et est fabriqu\u00e9 en silicone alimentaire 100%.<\/p>\n<p>Le moule peut supporter une temp\u00e9rature comprise entre -40 \u00b0C et +200 \u00b0C. Le moule convient donc aussi bien au cong\u00e9lateur (choc) qu&#039;au four.<\/p>\n<p><strong>Taille par forme : 6,5 \u00d8 cm x 2,2 cm<br \/>\nContenu : 90 ml<br \/>\n<\/strong><strong>Nombre de formes : 4 pc.<br \/>\nPoids : 575 grammes<\/strong><\/p>","protected":false},"excerpt":{"rendered":"<h2 style=\"text-align: center;\">Agrumes Mold<\/h2>\n<p style=\"text-align: center;\">Citrus est le nom collectif de nombreux fruits d\u00e9licieux. Ils ont tous des peaux \u00e9paisses dans les plus belles couleurs. La saveur va de l&#039;acide au d\u00e9licieusement frais-sucr\u00e9 et parfois l\u00e9g\u00e8rement amer, et les variations sont infinies.<\/p>","protected":false},"featured_media":148515,"template":"","meta":{"_seopress_robots_primary_cat":"","_seopress_titles_title":"","_seopress_titles_desc":"","_seopress_robots_index":""},"product_brand":[],"product_cat":[159,194],"product_tag":[],"woo-feed-brand":[],"class_list":{"0":"post-140325","1":"product","2":"type-product","3":"status-publish","4":"has-post-thumbnail","6":"product_cat-3dmolds","7":"product_cat-realistic","9":"first","10":"instock","11":"taxable","12":"shipping-taxable","13":"purchasable","14":"product-type-simple"},"_links":{"self":[{"href":"https:\/\/shop.moldbrothers.com\/fr\/wp-json\/wp\/v2\/product\/140325","targetHints":{"allow":["GET"]}}],"collection":[{"href":"https:\/\/shop.moldbrothers.com\/fr\/wp-json\/wp\/v2\/product"}],"about":[{"href":"https:\/\/shop.moldbrothers.com\/fr\/wp-json\/wp\/v2\/types\/product"}],"wp:featuredmedia":[{"embeddable":true,"href":"https:\/\/shop.moldbrothers.com\/fr\/wp-json\/wp\/v2\/media\/148515"}],"wp:attachment":[{"href":"https:\/\/shop.moldbrothers.com\/fr\/wp-json\/wp\/v2\/media?parent=140325"}],"wp:term":[{"taxonomy":"product_brand","embeddable":true,"href":"https:\/\/shop.moldbrothers.com\/fr\/wp-json\/wp\/v2\/product_brand?post=140325"},{"taxonomy":"product_cat","embeddable":true,"href":"https:\/\/shop.moldbrothers.com\/fr\/wp-json\/wp\/v2\/product_cat?post=140325"},{"taxonomy":"product_tag","embeddable":true,"href":"https:\/\/shop.moldbrothers.com\/fr\/wp-json\/wp\/v2\/product_tag?post=140325"},{"taxonomy":"woo-feed-brand","embeddable":true,"href":"https:\/\/shop.moldbrothers.com\/fr\/wp-json\/wp\/v2\/woo-feed-brand?post=140325"}],"curies":[{"name":"wp","href":"https:\/\/api.w.org\/{rel}","templated":true}]}}