{"id":140209,"date":"2023-03-14T10:46:34","date_gmt":"2023-03-14T09:46:34","guid":{"rendered":"https:\/\/moldbrothers.nl\/?post_type=product&#038;p=140209"},"modified":"2026-03-24T16:33:22","modified_gmt":"2026-03-24T15:33:22","slug":"moule-beurre-2","status":"publish","type":"product","link":"https:\/\/shop.moldbrothers.com\/fr\/produit\/moule-beurre-2\/","title":{"rendered":"Beurre Mold C\u00f4ne"},"content":{"rendered":"<div>Un moule en silicone de haute qualit\u00e9 pour fa\u00e7onner votre beurre. Le moule contient 4 formes et est fabriqu\u00e9 en silicone de qualit\u00e9 alimentaire 100%.<\/div>\n<div><\/div>\n<div>Le moule peut supporter une temp\u00e9rature comprise entre -40 \u00b0C et +200 \u00b0C. Le moule convient donc aussi bien au cong\u00e9lateur (choc) qu&#039;au four.<\/div>\n<div><\/div>\n<div><strong>Taille par forme : 4,5 \u00d8 cm x 4,2 cm<br \/>\nContenance : 30 ml.<br \/>\n<\/strong><strong>Nombre de formes : 6 pc.<br \/>\nPoids : 533 grammes<\/strong><\/div>","protected":false},"excerpt":{"rendered":"<h2 style=\"text-align: center;\">Beurre<\/h2>\n<p style=\"text-align: center;\">Nous le voyons partout dans le monde et les variations de saveurs sont infinies. Ce moule s&#039;inspire du beurre breton mondialement connu. Le moule \u00e0 beurre polyvalent est in\u00e9gal\u00e9 en termes de qualit\u00e9 et de forme.<\/p>","protected":false},"featured_media":140213,"template":"","meta":{"_seopress_robots_primary_cat":"","_seopress_titles_title":"","_seopress_titles_desc":"","_seopress_robots_index":""},"product_brand":[],"product_cat":[159,193,231],"product_tag":[],"woo-feed-brand":[],"class_list":{"0":"post-140209","1":"product","2":"type-product","3":"status-publish","4":"has-post-thumbnail","6":"product_cat-3dmolds","7":"product_cat-essentials","8":"product_cat-hidden","10":"first","11":"instock","12":"taxable","13":"shipping-taxable","14":"purchasable","15":"product-type-simple"},"_links":{"self":[{"href":"https:\/\/shop.moldbrothers.com\/fr\/wp-json\/wp\/v2\/product\/140209","targetHints":{"allow":["GET"]}}],"collection":[{"href":"https:\/\/shop.moldbrothers.com\/fr\/wp-json\/wp\/v2\/product"}],"about":[{"href":"https:\/\/shop.moldbrothers.com\/fr\/wp-json\/wp\/v2\/types\/product"}],"wp:featuredmedia":[{"embeddable":true,"href":"https:\/\/shop.moldbrothers.com\/fr\/wp-json\/wp\/v2\/media\/140213"}],"wp:attachment":[{"href":"https:\/\/shop.moldbrothers.com\/fr\/wp-json\/wp\/v2\/media?parent=140209"}],"wp:term":[{"taxonomy":"product_brand","embeddable":true,"href":"https:\/\/shop.moldbrothers.com\/fr\/wp-json\/wp\/v2\/product_brand?post=140209"},{"taxonomy":"product_cat","embeddable":true,"href":"https:\/\/shop.moldbrothers.com\/fr\/wp-json\/wp\/v2\/product_cat?post=140209"},{"taxonomy":"product_tag","embeddable":true,"href":"https:\/\/shop.moldbrothers.com\/fr\/wp-json\/wp\/v2\/product_tag?post=140209"},{"taxonomy":"woo-feed-brand","embeddable":true,"href":"https:\/\/shop.moldbrothers.com\/fr\/wp-json\/wp\/v2\/woo-feed-brand?post=140209"}],"curies":[{"name":"wp","href":"https:\/\/api.w.org\/{rel}","templated":true}]}}