{"id":140201,"date":"2023-03-14T10:07:15","date_gmt":"2023-03-14T09:07:15","guid":{"rendered":"https:\/\/moldbrothers.nl\/?post_type=product&#038;p=140201"},"modified":"2026-04-21T11:47:11","modified_gmt":"2026-04-21T09:47:11","slug":"butter-mold","status":"publish","type":"product","link":"https:\/\/shop.moldbrothers.com\/fr\/produit\/butter-mold\/","title":{"rendered":"Butter Mold Disc Old"},"content":{"rendered":"<div>\n<div>Un moule en silicone de haute qualit\u00e9 pour fa\u00e7onner votre beurre. Le moule contient 4 formes et est fabriqu\u00e9 en silicone de qualit\u00e9 alimentaire 100%.<\/div>\n<div><\/div>\n<div>Le moule peut supporter une temp\u00e9rature comprise entre -40 \u00b0C et +200 \u00b0C. Le moule convient donc aussi bien au cong\u00e9lateur (choc) qu&#039;au four.<\/div>\n<div><\/div>\n<div><strong>Taille par forme : 5 \u00d8 cm x 1,9 cm<br \/>\nContenance : 30 ml.<br \/>\n<\/strong><strong>Nombre de formes : 6 pc.<br \/>\nPoids : 164 grammes<\/strong><\/div>\n<\/div>","protected":false},"excerpt":{"rendered":"<h2 style=\"text-align: center;\">Beurre<\/h2>\n<p style=\"text-align: center;\">Nous le voyons partout dans le monde et les variations de saveurs sont infinies. Ce moule s&#039;inspire du beurre breton mondialement connu. Le moule \u00e0 beurre polyvalent est in\u00e9gal\u00e9 en termes de qualit\u00e9 et de forme.<\/p>","protected":false},"featured_media":140206,"template":"","meta":{"_seopress_robots_primary_cat":"none","_seopress_titles_title":"","_seopress_titles_desc":"","_seopress_robots_index":"yes"},"product_brand":[],"product_cat":[159,193,231],"product_tag":[],"woo-feed-brand":[],"class_list":{"0":"post-140201","1":"product","2":"type-product","3":"status-publish","4":"has-post-thumbnail","6":"product_cat-3dmolds","7":"product_cat-essentials","8":"product_cat-hidden","10":"first","11":"outofstock","12":"taxable","13":"shipping-taxable","14":"purchasable","15":"product-type-simple"},"_links":{"self":[{"href":"https:\/\/shop.moldbrothers.com\/fr\/wp-json\/wp\/v2\/product\/140201","targetHints":{"allow":["GET"]}}],"collection":[{"href":"https:\/\/shop.moldbrothers.com\/fr\/wp-json\/wp\/v2\/product"}],"about":[{"href":"https:\/\/shop.moldbrothers.com\/fr\/wp-json\/wp\/v2\/types\/product"}],"wp:featuredmedia":[{"embeddable":true,"href":"https:\/\/shop.moldbrothers.com\/fr\/wp-json\/wp\/v2\/media\/140206"}],"wp:attachment":[{"href":"https:\/\/shop.moldbrothers.com\/fr\/wp-json\/wp\/v2\/media?parent=140201"}],"wp:term":[{"taxonomy":"product_brand","embeddable":true,"href":"https:\/\/shop.moldbrothers.com\/fr\/wp-json\/wp\/v2\/product_brand?post=140201"},{"taxonomy":"product_cat","embeddable":true,"href":"https:\/\/shop.moldbrothers.com\/fr\/wp-json\/wp\/v2\/product_cat?post=140201"},{"taxonomy":"product_tag","embeddable":true,"href":"https:\/\/shop.moldbrothers.com\/fr\/wp-json\/wp\/v2\/product_tag?post=140201"},{"taxonomy":"woo-feed-brand","embeddable":true,"href":"https:\/\/shop.moldbrothers.com\/fr\/wp-json\/wp\/v2\/woo-feed-brand?post=140201"}],"curies":[{"name":"wp","href":"https:\/\/api.w.org\/{rel}","templated":true}]}}