{"id":139580,"date":"2023-03-02T09:13:49","date_gmt":"2023-03-02T08:13:49","guid":{"rendered":"https:\/\/moldbrothers.nl\/?post_type=product&#038;p=139580"},"modified":"2026-03-12T10:01:39","modified_gmt":"2026-03-12T09:01:39","slug":"bague-bunuelos","status":"publish","type":"product","link":"https:\/\/shop.moldbrothers.com\/fr\/produit\/bague-bunuelos\/","title":{"rendered":"Anneau Bu\u00f1uelos"},"content":{"rendered":"","protected":false},"excerpt":{"rendered":"<p>L'anneau Bu\u00f1uelos est un tampon en aluminium de haute qualit\u00e9, parfait pour r\u00e9aliser des beignets croustillants appel\u00e9s Bu\u00f1uelos. Id\u00e9al pour cr\u00e9er des anneaux l\u00e9gers et croustillants qui ajoutent de la texture et une forme ludique \u00e0 vos amuse-bouches ou \u00e0 vos plats.<\/p>","protected":false},"featured_media":139582,"template":"","meta":{"_seopress_robots_primary_cat":"none","_seopress_titles_title":"","_seopress_titles_desc":"","_seopress_robots_index":""},"product_brand":[],"product_cat":[362],"product_tag":[507,1027,508,523,602,513,1023,912,1022,777,600,776,1026,1025,595,1018,514,599,1019,1020,639,1024,596,757,1021,598,597],"woo-feed-brand":[],"class_list":{"0":"post-139580","1":"product","2":"type-product","3":"status-publish","4":"has-post-thumbnail","6":"product_cat-bunuelos-pie-tee","7":"product_tag-batter","8":"product_tag-beignets","9":"product_tag-beslag","10":"product_tag-bloem","11":"product_tag-bunuelos","12":"product_tag-chicken","13":"product_tag-crisp","14":"product_tag-croustade","15":"product_tag-crust","16":"product_tag-easter","17":"product_tag-egg","18":"product_tag-eggs","19":"product_tag-fried","20":"product_tag-fritters","21":"product_tag-fry","22":"product_tag-iron","23":"product_tag-kip","24":"product_tag-oil","25":"product_tag-pee-tee","26":"product_tag-pie","27":"product_tag-rosette","28":"product_tag-shell","29":"product_tag-stamp","30":"product_tag-tart","31":"product_tag-tie","32":"product_tag-tool","33":"product_tag-tools","35":"first","36":"instock","37":"taxable","38":"shipping-taxable","39":"purchasable","40":"product-type-simple"},"_links":{"self":[{"href":"https:\/\/shop.moldbrothers.com\/fr\/wp-json\/wp\/v2\/product\/139580","targetHints":{"allow":["GET"]}}],"collection":[{"href":"https:\/\/shop.moldbrothers.com\/fr\/wp-json\/wp\/v2\/product"}],"about":[{"href":"https:\/\/shop.moldbrothers.com\/fr\/wp-json\/wp\/v2\/types\/product"}],"wp:featuredmedia":[{"embeddable":true,"href":"https:\/\/shop.moldbrothers.com\/fr\/wp-json\/wp\/v2\/media\/139582"}],"wp:attachment":[{"href":"https:\/\/shop.moldbrothers.com\/fr\/wp-json\/wp\/v2\/media?parent=139580"}],"wp:term":[{"taxonomy":"product_brand","embeddable":true,"href":"https:\/\/shop.moldbrothers.com\/fr\/wp-json\/wp\/v2\/product_brand?post=139580"},{"taxonomy":"product_cat","embeddable":true,"href":"https:\/\/shop.moldbrothers.com\/fr\/wp-json\/wp\/v2\/product_cat?post=139580"},{"taxonomy":"product_tag","embeddable":true,"href":"https:\/\/shop.moldbrothers.com\/fr\/wp-json\/wp\/v2\/product_tag?post=139580"},{"taxonomy":"woo-feed-brand","embeddable":true,"href":"https:\/\/shop.moldbrothers.com\/fr\/wp-json\/wp\/v2\/woo-feed-brand?post=139580"}],"curies":[{"name":"wp","href":"https:\/\/api.w.org\/{rel}","templated":true}]}}