{"id":136547,"date":"2022-12-20T17:23:42","date_gmt":"2022-12-20T16:23:42","guid":{"rendered":"https:\/\/moldbrothers.nl\/?post_type=product&#038;p=136547"},"modified":"2025-11-27T12:01:12","modified_gmt":"2025-11-27T11:01:12","slug":"pochoir-cylindre","status":"publish","type":"product","link":"https:\/\/shop.moldbrothers.com\/fr\/produit\/pochoir-cylindre\/","title":{"rendered":"Pochoir Cylindre 18 cm"},"content":{"rendered":"<p>Ce pochoir cylindrique en polystyr\u00e8ne de 1 mm d'\u00e9paisseur peut \u00eatre utilis\u00e9 pour \u00e9taler des tuiles fines, par exemple de l'isomalt ou de la meringue.<\/p>\n<p>Le pochoir est\u00a0<strong>pas<\/strong>\u00a0lave-vaisselle. Nous recommandons de rincer le pochoir \u00e0 l&#039;eau ti\u00e8de (40\u00b0C) sans utiliser de d\u00e9tergent.<\/p>\n<p><strong>Pochoir de taille : 42 cm x 29,7 cm<br \/>\n<\/strong><strong>Taille Forme : 18 cm de largeur x 4 cm de longueur<br \/>\nNombre de formes : 9 pc.<br \/>\nPoids : 50 grammes<\/strong><\/p>","protected":false},"excerpt":{"rendered":"<h2>Pochoir cylindrique<\/h2>\n<p>Notre pochoir Cilinder ne ressemble pas encore \u00e0 un cylindre. \u00c9taler une p\u00e2te \u00e0 tuille ou un m\u00e9lange de pur\u00e9e de l\u00e9gumes, d&#039;isomalt et de glucose sur le pochoir et s\u00e9cher \u00e0 120 degr\u00e9s celsius. Au bout d&#039;une heure, vous pouvez fa\u00e7onner d\u00e9licatement les cylindres autour d&#039;un de nos perforateurs ou d&#039;un rouleau \u00e0 p\u00e2tisserie.<\/p>","protected":false},"featured_media":143360,"template":"","meta":{"_seopress_robots_primary_cat":"none","_seopress_titles_title":"","_seopress_titles_desc":"","_seopress_robots_index":""},"product_brand":[],"product_cat":[170,198,231],"product_tag":[],"woo-feed-brand":[],"class_list":{"0":"post-136547","1":"product","2":"type-product","3":"status-publish","4":"has-post-thumbnail","6":"product_cat-stencils","7":"product_cat-a3-stencils","8":"product_cat-hidden","10":"first","11":"instock","12":"taxable","13":"shipping-taxable","14":"purchasable","15":"product-type-simple"},"_links":{"self":[{"href":"https:\/\/shop.moldbrothers.com\/fr\/wp-json\/wp\/v2\/product\/136547","targetHints":{"allow":["GET"]}}],"collection":[{"href":"https:\/\/shop.moldbrothers.com\/fr\/wp-json\/wp\/v2\/product"}],"about":[{"href":"https:\/\/shop.moldbrothers.com\/fr\/wp-json\/wp\/v2\/types\/product"}],"wp:featuredmedia":[{"embeddable":true,"href":"https:\/\/shop.moldbrothers.com\/fr\/wp-json\/wp\/v2\/media\/143360"}],"wp:attachment":[{"href":"https:\/\/shop.moldbrothers.com\/fr\/wp-json\/wp\/v2\/media?parent=136547"}],"wp:term":[{"taxonomy":"product_brand","embeddable":true,"href":"https:\/\/shop.moldbrothers.com\/fr\/wp-json\/wp\/v2\/product_brand?post=136547"},{"taxonomy":"product_cat","embeddable":true,"href":"https:\/\/shop.moldbrothers.com\/fr\/wp-json\/wp\/v2\/product_cat?post=136547"},{"taxonomy":"product_tag","embeddable":true,"href":"https:\/\/shop.moldbrothers.com\/fr\/wp-json\/wp\/v2\/product_tag?post=136547"},{"taxonomy":"woo-feed-brand","embeddable":true,"href":"https:\/\/shop.moldbrothers.com\/fr\/wp-json\/wp\/v2\/woo-feed-brand?post=136547"}],"curies":[{"name":"wp","href":"https:\/\/api.w.org\/{rel}","templated":true}]}}