{"id":132032,"date":"2022-09-15T11:43:59","date_gmt":"2022-09-15T09:43:59","guid":{"rendered":"https:\/\/moldbrothers.nl\/?post_type=product&#038;p=132032"},"modified":"2025-11-26T11:36:17","modified_gmt":"2025-11-26T10:36:17","slug":"moule-en-bois-coupe","status":"publish","type":"product","link":"https:\/\/shop.moldbrothers.com\/fr\/produit\/moule-en-bois-coupe\/","title":{"rendered":"Bois coup\u00e9 Mold"},"content":{"rendered":"","protected":false},"excerpt":{"rendered":"<p>Ce moule en silicone de haute qualit\u00e9, ayant la forme d'une structure en bois \u00e9br\u00e9ch\u00e9, contient plusieurs formes et est fabriqu\u00e9 en silicone alimentaire 100%. Le moule peut r\u00e9sister \u00e0 une temp\u00e9rature comprise entre -40\u00b0C et +200\u00b0C. Il convient donc aussi bien au cong\u00e9lateur qu'au four. Il convient donc aussi bien pour le cong\u00e9lateur (choc) que pour le four.<\/p>","protected":false},"featured_media":132034,"template":"","meta":{"_seopress_robots_primary_cat":"none","_seopress_titles_title":"","_seopress_titles_desc":"","_seopress_robots_index":""},"product_brand":[],"product_cat":[159,229],"product_tag":[548,547,618,606,550],"woo-feed-brand":[],"class_list":{"0":"post-132032","1":"product","2":"type-product","3":"status-publish","4":"has-post-thumbnail","6":"product_cat-3dmolds","7":"product_cat-abstract","8":"product_tag-bos","9":"product_tag-forest","10":"product_tag-hout","11":"product_tag-moulle","12":"product_tag-wood","14":"first","15":"instock","16":"taxable","17":"shipping-taxable","18":"purchasable","19":"product-type-simple"},"_links":{"self":[{"href":"https:\/\/shop.moldbrothers.com\/fr\/wp-json\/wp\/v2\/product\/132032","targetHints":{"allow":["GET"]}}],"collection":[{"href":"https:\/\/shop.moldbrothers.com\/fr\/wp-json\/wp\/v2\/product"}],"about":[{"href":"https:\/\/shop.moldbrothers.com\/fr\/wp-json\/wp\/v2\/types\/product"}],"wp:featuredmedia":[{"embeddable":true,"href":"https:\/\/shop.moldbrothers.com\/fr\/wp-json\/wp\/v2\/media\/132034"}],"wp:attachment":[{"href":"https:\/\/shop.moldbrothers.com\/fr\/wp-json\/wp\/v2\/media?parent=132032"}],"wp:term":[{"taxonomy":"product_brand","embeddable":true,"href":"https:\/\/shop.moldbrothers.com\/fr\/wp-json\/wp\/v2\/product_brand?post=132032"},{"taxonomy":"product_cat","embeddable":true,"href":"https:\/\/shop.moldbrothers.com\/fr\/wp-json\/wp\/v2\/product_cat?post=132032"},{"taxonomy":"product_tag","embeddable":true,"href":"https:\/\/shop.moldbrothers.com\/fr\/wp-json\/wp\/v2\/product_tag?post=132032"},{"taxonomy":"woo-feed-brand","embeddable":true,"href":"https:\/\/shop.moldbrothers.com\/fr\/wp-json\/wp\/v2\/woo-feed-brand?post=132032"}],"curies":[{"name":"wp","href":"https:\/\/api.w.org\/{rel}","templated":true}]}}